{"id":10486,"date":"2023-12-25T14:16:20","date_gmt":"2023-12-25T14:16:20","guid":{"rendered":"https:\/\/www.infoqro.mx\/?page_id=10486"},"modified":"2024-06-05T13:29:08","modified_gmt":"2024-06-05T19:29:08","slug":"sistema-de-portales-de-obligaciones-de-transparencia","status":"publish","type":"page","link":"https:\/\/www.infoqro.mx\/index.php\/sistema-de-portales-de-obligaciones-de-transparencia\/","title":{"rendered":"Sistema de Portales de Obligaciones de Transparencia"},"content":{"rendered":"\t\t<div data-elementor-type=\"wp-page\" data-elementor-id=\"10486\" class=\"elementor elementor-10486\" data-elementor-post-type=\"page\">\n\t\t\t\t\t\t<section class=\"elementor-section elementor-top-section elementor-element elementor-element-526370f elementor-section-boxed elementor-section-height-default elementor-section-height-default\" data-id=\"526370f\" data-element_type=\"section\" data-e-type=\"section\" data-settings=\"{&quot;scisco_shape_divider_top&quot;:&quot;none&quot;,&quot;scisco_shape_divider_bottom&quot;:&quot;none&quot;}\">\n\t\t\t\t\t\t<div class=\"elementor-container elementor-column-gap-default\">\n\t\t\t\t\t<div class=\"elementor-column elementor-col-100 elementor-top-column elementor-element elementor-element-dd147cb\" data-id=\"dd147cb\" data-element_type=\"column\" data-e-type=\"column\">\n\t\t\t<div class=\"elementor-widget-wrap elementor-element-populated\">\n\t\t\t\t<a class=\"eael-wrapper-link-969cf13 --eael-wrapper-link-tag\" href=\"https:\/\/www.infoqro.mx\"><\/a>\t\t<div data-eael-wrapper-link=\"eael-wrapper-link-969cf13\" class=\"elementor-element elementor-element-969cf13 elementor-widget__width-auto migas elementor-widget elementor-widget-text-editor\" data-id=\"969cf13\" data-element_type=\"widget\" data-e-type=\"widget\" data-widget_type=\"text-editor.default\">\n\t\t\t\t<div class=\"elementor-widget-container\">\n\t\t\t\t\t\t\t\t\t<p>Inicio<\/p>\t\t\t\t\t\t\t\t<\/div>\n\t\t\t\t<\/div>\n\t\t\t\t<div class=\"elementor-element elementor-element-55afaa3 elementor-widget__width-auto migas elementor-widget elementor-widget-text-editor\" data-id=\"55afaa3\" data-element_type=\"widget\" data-e-type=\"widget\" data-widget_type=\"text-editor.default\">\n\t\t\t\t<div class=\"elementor-widget-container\">\n\t\t\t\t\t\t\t\t\t<p>\u00a0\u00bb\u00a0<span style=\"color: var( --e-global-color-primary ); text-align: right;\"> Informaci\u00f3n P\u00fablica \u00bb<\/span><span style=\"color: var( --e-global-color-primary ); font-weight: 800; text-align: right;\"> Sistema de Portales de Obligaciones de Transparencia\u200b<\/span><\/p>\t\t\t\t\t\t\t\t<\/div>\n\t\t\t\t<\/div>\n\t\t\t\t\t<\/div>\n\t\t<\/div>\n\t\t\t\t\t<\/div>\n\t\t<\/section>\n\t\t\t\t<section class=\"elementor-section elementor-top-section elementor-element elementor-element-07e9e3c elementor-section-content-top elementor-section-boxed elementor-section-height-default elementor-section-height-default\" data-id=\"07e9e3c\" data-element_type=\"section\" data-e-type=\"section\" data-settings=\"{&quot;scisco_shape_divider_top&quot;:&quot;none&quot;,&quot;scisco_shape_divider_bottom&quot;:&quot;none&quot;}\">\n\t\t\t\t\t\t<div class=\"elementor-container elementor-column-gap-extended\">\n\t\t\t\t\t<div class=\"elementor-column elementor-col-33 elementor-top-column elementor-element elementor-element-7021898\" data-id=\"7021898\" data-element_type=\"column\" data-e-type=\"column\">\n\t\t\t<div class=\"elementor-widget-wrap elementor-element-populated\">\n\t\t\t\t\t\t<div class=\"elementor-element elementor-element-0d4a46f elementor-widget__width-initial elementor-widget elementor-widget-image\" data-id=\"0d4a46f\" data-element_type=\"widget\" data-e-type=\"widget\" data-widget_type=\"image.default\">\n\t\t\t\t<div class=\"elementor-widget-container\">\n\t\t\t\t\t\t\t\t\t\t\t\t\t\t\t<img decoding=\"async\" src=\"https:\/\/www.infoqro.mx\/wp-content\/uploads\/2023\/12\/sistema_portales-7-1-2.png\" title=\"sistema_portales-7 (1) 2\" alt=\"sistema_portales-7 (1) 2\" loading=\"lazy\" \/>\t\t\t\t\t\t\t\t\t\t\t\t\t\t\t<\/div>\n\t\t\t\t<\/div>\n\t\t\t\t\t<\/div>\n\t\t<\/div>\n\t\t\t\t<div class=\"elementor-column elementor-col-66 elementor-top-column elementor-element elementor-element-7cd1ca0\" data-id=\"7cd1ca0\" data-element_type=\"column\" data-e-type=\"column\">\n\t\t\t<div class=\"elementor-widget-wrap elementor-element-populated\">\n\t\t\t\t\t\t<div class=\"elementor-element elementor-element-166728c elementor-widget elementor-widget-heading\" data-id=\"166728c\" data-element_type=\"widget\" data-e-type=\"widget\" data-widget_type=\"heading.default\">\n\t\t\t\t<div class=\"elementor-widget-container\">\n\t\t\t\t\t<h2 class=\"elementor-heading-title elementor-size-default\">Sistema de Portales de Obligaciones de Transparencia<\/h2>\t\t\t\t<\/div>\n\t\t\t\t<\/div>\n\t\t\t\t<div class=\"elementor-element elementor-element-f073713 elementor-widget elementor-widget-text-editor\" data-id=\"f073713\" data-element_type=\"widget\" data-e-type=\"widget\" data-widget_type=\"text-editor.default\">\n\t\t\t\t<div class=\"elementor-widget-container\">\n\t\t\t\t\t\t\t\t\t<div class=\"table-responsive\">\n<table class=\"table table-hover\">\n<tbody>\n<tr>\n<td>Ley General de Transparencia<\/td>\n<td style=\"width:60px\"><a href=\"https:\/\/www.infoqro.mx\/sipot\/leygeneral.pdf\" target=\"_blank\" rel=\"noopener\"><img decoding=\"async\" class=\"alignnone wp-image-5612 \" src=\"https:\/\/www.infoqro.mx\/wp-content\/uploads\/2023\/11\/vista_verde-01.svg\" alt=\"\" width=\"40\" height=\"40\" \/><\/a><\/td>\n<td style=\"width:60px\"><a href=\"https:\/\/www.infoqro.mx\/sipot\/leygeneral.pdf\" target=\"_blank\" rel=\"noopener\"><img decoding=\"async\" class=\"wp-image-5350 aligncenter\" src=\"https:\/\/www.infoqro.mx\/wp-content\/uploads\/2023\/11\/descarga_verde-01.svg\" alt=\"\" width=\"35\" height=\"49\" \/><\/a><\/td>\n<\/tr>\n<tr>\n<td>Lineamientos T\u00e9cnicos Generales<\/td>\n<td><a href=\"https:\/\/portal.infoqro.mx\/transparencia\/normatividad\/lineamientos\/lineamientos_tecnicos_generales_integral.pdf\" target=\"_blank\" rel=\"noopener\"><img decoding=\"async\" class=\"alignnone wp-image-5612 \" src=\"https:\/\/www.infoqro.mx\/wp-content\/uploads\/2023\/11\/vista_verde-01.svg\" alt=\"\" width=\"40\" height=\"40\" \/><\/a><\/td>\n<td><a href=\"https:\/\/portal.infoqro.mx\/transparencia\/normatividad\/lineamientos\/lineamientos_tecnicos_generales_integral.pdf\" target=\"_blank\" rel=\"noopener\"><img decoding=\"async\" class=\"wp-image-5350 aligncenter\" src=\"https:\/\/www.infoqro.mx\/wp-content\/uploads\/2023\/11\/descarga_verde-01.svg\" alt=\"\" width=\"35\" height=\"49\" \/><\/a><\/td>\n<\/tr>\n<tr>\n<td>Tabla de Aplicabilidad<\/td>\n<td><a href=\"https:\/\/www.infoqro.mx\/sipot\/tabla_aplica.pdf\" target=\"_blank\" rel=\"noopener\"><img decoding=\"async\" class=\"alignnone wp-image-5612 \" src=\"https:\/\/www.infoqro.mx\/wp-content\/uploads\/2023\/11\/vista_verde-01.svg\" alt=\"\" width=\"40\" height=\"40\" \/><\/a><\/td>\n<td><a href=\"https:\/\/www.infoqro.mx\/sipot\/tabla_aplica.pdf\" target=\"_blank\" rel=\"noopener\"><img decoding=\"async\" class=\"wp-image-5350 aligncenter\" src=\"https:\/\/www.infoqro.mx\/wp-content\/uploads\/2023\/11\/descarga_verde-01.svg\" alt=\"\" width=\"35\" height=\"49\" \/><\/a><\/td>\n<\/tr>\n<tr>\n<td>Tabla de Actualizaci\u00f3n y Conservaci\u00f3n de la informaci\u00f3n<\/td>\n<td><a href=\"https:\/\/www.infoqro.mx\/sipot\/conservacion.pdf\" target=\"_blank\" rel=\"noopener\"><img decoding=\"async\" class=\"alignnone wp-image-5612 \" src=\"https:\/\/www.infoqro.mx\/wp-content\/uploads\/2023\/11\/vista_verde-01.svg\" alt=\"\" width=\"40\" height=\"40\" \/><\/a><\/td>\n<td><a href=\"https:\/\/www.infoqro.mx\/sipot\/conservacion.pdf\" target=\"_blank\" rel=\"noopener\"><img decoding=\"async\" class=\"wp-image-5350 aligncenter\" src=\"https:\/\/www.infoqro.mx\/wp-content\/uploads\/2023\/11\/descarga_verde-01.svg\" alt=\"\" width=\"35\" height=\"49\" \/><\/a><\/td>\n<\/tr>\n<tr>\n<td>Gu\u00eda para realizar cambios y dar de baja informaci\u00f3n mediante archivo de Excel<\/td>\n<td><a href=\"https:\/\/www.infoqro.mx\/sipot\/baja_excel.pdf\" target=\"_blank\" rel=\"noopener\"><img decoding=\"async\" class=\"alignnone wp-image-5612 \" src=\"https:\/\/www.infoqro.mx\/wp-content\/uploads\/2023\/11\/vista_verde-01.svg\" alt=\"\" width=\"40\" height=\"40\" \/><\/a><\/td>\n<td><a href=\"https:\/\/www.infoqro.mx\/sipot\/baja_excel.pdf\" target=\"_blank\" rel=\"noopener\"><img decoding=\"async\" class=\"wp-image-5350 aligncenter\" src=\"https:\/\/www.infoqro.mx\/wp-content\/uploads\/2023\/11\/descarga_verde-01.svg\" alt=\"\" width=\"35\" height=\"49\" \/><\/a><\/td>\n<\/tr>\n<tr>\n<td>Manual para la eliminaci\u00f3n de informaci\u00f3n del SIPOT que cumpli\u00f3 con los plazos de conservaci\u00f3n establecidos en los Lineamientos T\u00e9cnicos Generales<\/td>\n<td><a href=\"https:\/\/www.infoqro.mx\/sipot\/manual_eliminacion.pdf\" target=\"_blank\" rel=\"noopener\"><img decoding=\"async\" class=\"alignnone wp-image-5612 \" src=\"https:\/\/www.infoqro.mx\/wp-content\/uploads\/2023\/11\/vista_verde-01.svg\" alt=\"\" width=\"40\" height=\"40\" \/><\/a><\/td>\n<td><a href=\"https:\/\/www.infoqro.mx\/sipot\/manual_eliminacion.pdf\" target=\"_blank\" rel=\"noopener\"><img decoding=\"async\" class=\"wp-image-5350 aligncenter\" src=\"https:\/\/www.infoqro.mx\/wp-content\/uploads\/2023\/11\/descarga_verde-01.svg\" alt=\"\" width=\"35\" height=\"49\" \/><\/a><\/td>\n<\/tr>\n<\/tbody>\n<\/table>\n<\/div>\t\t\t\t\t\t\t\t<\/div>\n\t\t\t\t<\/div>\n\t\t\t\t\t<\/div>\n\t\t<\/div>\n\t\t\t\t\t<\/div>\n\t\t<\/section>\n\t\t\t\t<\/div>\n\t\t","protected":false},"excerpt":{"rendered":"<p>Inicio \u00a0\u00bb\u00a0 Informaci\u00f3n P\u00fablica \u00bb Sistema de Portales de Obligaciones de Transparencia\u200b Sistema de Portales de Obligaciones de Transparencia Ley General de Transparencia Lineamientos T\u00e9cnicos Generales Tabla de Aplicabilidad Tabla de Actualizaci\u00f3n y Conservaci\u00f3n de la informaci\u00f3n Gu\u00eda para realizar cambios y dar de baja informaci\u00f3n mediante archivo de Excel Manual para la eliminaci\u00f3n de&hellip; <a class=\"more-link\" href=\"https:\/\/www.infoqro.mx\/index.php\/sistema-de-portales-de-obligaciones-de-transparencia\/\">Seguir leyendo <span class=\"screen-reader-text\">Sistema de Portales de Obligaciones de Transparencia<\/span><\/a><\/p>\n","protected":false},"author":1,"featured_media":0,"parent":0,"menu_order":0,"comment_status":"closed","ping_status":"closed","template":"elementor_header_footer","meta":{"_monsterinsights_skip_tracking":false,"_monsterinsights_sitenote_active":false,"_monsterinsights_sitenote_note":"","_monsterinsights_sitenote_category":0,"footnotes":""},"coauthors":[],"class_list":["post-10486","page","type-page","status-publish","hentry","entry"],"_links":{"self":[{"href":"https:\/\/www.infoqro.mx\/index.php\/wp-json\/wp\/v2\/pages\/10486","targetHints":{"allow":["GET"]}}],"collection":[{"href":"https:\/\/www.infoqro.mx\/index.php\/wp-json\/wp\/v2\/pages"}],"about":[{"href":"https:\/\/www.infoqro.mx\/index.php\/wp-json\/wp\/v2\/types\/page"}],"author":[{"embeddable":true,"href":"https:\/\/www.infoqro.mx\/index.php\/wp-json\/wp\/v2\/users\/1"}],"replies":[{"embeddable":true,"href":"https:\/\/www.infoqro.mx\/index.php\/wp-json\/wp\/v2\/comments?post=10486"}],"version-history":[{"count":0,"href":"https:\/\/www.infoqro.mx\/index.php\/wp-json\/wp\/v2\/pages\/10486\/revisions"}],"wp:attachment":[{"href":"https:\/\/www.infoqro.mx\/index.php\/wp-json\/wp\/v2\/media?parent=10486"}],"wp:term":[{"taxonomy":"author","embeddable":true,"href":"https:\/\/www.infoqro.mx\/index.php\/wp-json\/wp\/v2\/coauthors?post=10486"}],"curies":[{"name":"wp","href":"https:\/\/api.w.org\/{rel}","templated":true}]}}