{"id":14613,"date":"2024-03-11T18:14:52","date_gmt":"2024-03-11T18:14:52","guid":{"rendered":"https:\/\/www.infoqro.mx\/?page_id=14613"},"modified":"2026-01-26T10:16:35","modified_gmt":"2026-01-26T16:16:35","slug":"capacitaciones","status":"publish","type":"page","link":"https:\/\/www.infoqro.mx\/index.php\/capacitaciones\/","title":{"rendered":"Capacitaciones"},"content":{"rendered":"\t\t<div data-elementor-type=\"wp-page\" data-elementor-id=\"14613\" class=\"elementor elementor-14613\" data-elementor-post-type=\"page\">\n\t\t\t\t\t\t<section class=\"elementor-section elementor-top-section elementor-element elementor-element-3d7c9a0 elementor-section-boxed elementor-section-height-default elementor-section-height-default\" data-id=\"3d7c9a0\" data-element_type=\"section\" data-e-type=\"section\" data-settings=\"{&quot;scisco_shape_divider_top&quot;:&quot;none&quot;,&quot;scisco_shape_divider_bottom&quot;:&quot;none&quot;}\">\n\t\t\t\t\t\t<div class=\"elementor-container elementor-column-gap-default\">\n\t\t\t\t\t<div class=\"elementor-column elementor-col-100 elementor-top-column elementor-element elementor-element-a3fc281\" data-id=\"a3fc281\" data-element_type=\"column\" data-e-type=\"column\">\n\t\t\t<div class=\"elementor-widget-wrap elementor-element-populated\">\n\t\t\t\t<a class=\"eael-wrapper-link-48b27fa --eael-wrapper-link-tag\" href=\"https:\/\/www.infoqro.mx\"><\/a>\t\t<div data-eael-wrapper-link=\"eael-wrapper-link-48b27fa\" class=\"elementor-element elementor-element-48b27fa elementor-widget__width-auto migas elementor-widget elementor-widget-text-editor\" data-id=\"48b27fa\" data-element_type=\"widget\" data-e-type=\"widget\" data-widget_type=\"text-editor.default\">\n\t\t\t\t<div class=\"elementor-widget-container\">\n\t\t\t\t\t\t\t\t\t<p>Inicio<\/p>\t\t\t\t\t\t\t\t<\/div>\n\t\t\t\t<\/div>\n\t\t<a class=\"eael-wrapper-link-70082d3 --eael-wrapper-link-tag\" href=\"https:\/\/www.infoqro.mx#capacitacion\"><\/a>\t\t<div data-eael-wrapper-link=\"eael-wrapper-link-70082d3\" class=\"elementor-element elementor-element-70082d3 elementor-widget__width-auto migas elementor-widget elementor-widget-text-editor\" data-id=\"70082d3\" data-element_type=\"widget\" data-e-type=\"widget\" data-widget_type=\"text-editor.default\">\n\t\t\t\t<div class=\"elementor-widget-container\">\n\t\t\t\t\t\t\t\t\t<p><span style=\"color: var( --e-global-color-primary ); text-align: right;\">\u00a0\u00bb<\/span><span style=\"color: var( --e-global-color-primary ); font-weight: 800; text-align: right;\"> Capacitaciones<\/span><\/p>\t\t\t\t\t\t\t\t<\/div>\n\t\t\t\t<\/div>\n\t\t\t\t\t<\/div>\n\t\t<\/div>\n\t\t\t\t\t<\/div>\n\t\t<\/section>\n\t\t\t\t<section class=\"elementor-section elementor-top-section elementor-element elementor-element-d4c0d79 elementor-section-content-top elementor-section-boxed elementor-section-height-default elementor-section-height-default\" data-id=\"d4c0d79\" data-element_type=\"section\" data-e-type=\"section\" data-settings=\"{&quot;scisco_shape_divider_top&quot;:&quot;none&quot;,&quot;scisco_shape_divider_bottom&quot;:&quot;none&quot;}\">\n\t\t\t\t\t\t<div class=\"elementor-container elementor-column-gap-extended\">\n\t\t\t\t\t<div class=\"elementor-column elementor-col-33 elementor-top-column elementor-element elementor-element-c488398\" data-id=\"c488398\" data-element_type=\"column\" data-e-type=\"column\">\n\t\t\t<div class=\"elementor-widget-wrap elementor-element-populated\">\n\t\t\t\t\t\t<div class=\"elementor-element elementor-element-00b7442 elementor-widget__width-initial elementor-widget elementor-widget-image\" data-id=\"00b7442\" data-element_type=\"widget\" data-e-type=\"widget\" data-widget_type=\"image.default\">\n\t\t\t\t<div class=\"elementor-widget-container\">\n\t\t\t\t\t\t\t\t\t\t\t\t\t\t\t<img decoding=\"async\" src=\"https:\/\/www.infoqro.mx\/wp-content\/uploads\/2024\/03\/cap-2.png\" title=\"cap-2\" alt=\"cap-2\" loading=\"lazy\" \/>\t\t\t\t\t\t\t\t\t\t\t\t\t\t\t<\/div>\n\t\t\t\t<\/div>\n\t\t\t\t\t<\/div>\n\t\t<\/div>\n\t\t\t\t<div class=\"elementor-column elementor-col-66 elementor-top-column elementor-element elementor-element-20f4cdc\" data-id=\"20f4cdc\" data-element_type=\"column\" data-e-type=\"column\">\n\t\t\t<div class=\"elementor-widget-wrap elementor-element-populated\">\n\t\t\t\t\t\t<div class=\"elementor-element elementor-element-7fa7d0ce elementor-widget__width-initial elementor-widget-mobile__width-initial elementor-widget elementor-widget-heading\" data-id=\"7fa7d0ce\" data-element_type=\"widget\" data-e-type=\"widget\" data-widget_type=\"heading.default\">\n\t\t\t\t<div class=\"elementor-widget-container\">\n\t\t\t\t\t<h2 class=\"elementor-heading-title elementor-size-default\">Capacitaciones<\/h2>\t\t\t\t<\/div>\n\t\t\t\t<\/div>\n\t\t\t\t<div class=\"elementor-element elementor-element-ee57333 elementor-widget elementor-widget-heading\" data-id=\"ee57333\" data-element_type=\"widget\" data-e-type=\"widget\" data-widget_type=\"heading.default\">\n\t\t\t\t<div class=\"elementor-widget-container\">\n\t\t\t\t\t<h2 class=\"elementor-heading-title elementor-size-default\"><a href=\"https:\/\/www.infoqro.mx\/capacitaciones\/Capacitaciones_Infoqro_2026.pdf\">Cat\u00e1logo de Capacitaciones<\/a><\/h2>\t\t\t\t<\/div>\n\t\t\t\t<\/div>\n\t\t\t\t<section class=\"elementor-section elementor-inner-section elementor-element elementor-element-a557c19 elementor-section-content-middle elementor-section-boxed elementor-section-height-default elementor-section-height-default\" data-id=\"a557c19\" data-element_type=\"section\" data-e-type=\"section\" data-settings=\"{&quot;scisco_shape_divider_top&quot;:&quot;none&quot;,&quot;scisco_shape_divider_bottom&quot;:&quot;none&quot;}\">\n\t\t\t\t\t\t<div class=\"elementor-container elementor-column-gap-default\">\n\t\t\t\t\t<div class=\"elementor-column elementor-col-50 elementor-inner-column elementor-element elementor-element-a473c32\" data-id=\"a473c32\" data-element_type=\"column\" data-e-type=\"column\">\n\t\t\t<div class=\"elementor-widget-wrap elementor-element-populated\">\n\t\t\t\t\t\t<div class=\"elementor-element elementor-element-8e4b511 elementor-widget elementor-widget-text-editor\" data-id=\"8e4b511\" data-element_type=\"widget\" data-e-type=\"widget\" data-widget_type=\"text-editor.default\">\n\t\t\t\t<div class=\"elementor-widget-container\">\n\t\t\t\t\t\t\t\t\t<p><strong>Horario de atenci\u00f3n<\/strong><\/p>\t\t\t\t\t\t\t\t<\/div>\n\t\t\t\t<\/div>\n\t\t\t\t\t<\/div>\n\t\t<\/div>\n\t\t\t\t<div class=\"elementor-column elementor-col-50 elementor-inner-column elementor-element elementor-element-a37aa04\" data-id=\"a37aa04\" data-element_type=\"column\" data-e-type=\"column\">\n\t\t\t<div class=\"elementor-widget-wrap elementor-element-populated\">\n\t\t\t\t\t\t<div class=\"elementor-element elementor-element-ecdf52a elementor-widget elementor-widget-text-editor\" data-id=\"ecdf52a\" data-element_type=\"widget\" data-e-type=\"widget\" data-widget_type=\"text-editor.default\">\n\t\t\t\t<div class=\"elementor-widget-container\">\n\t\t\t\t\t\t\t\t\t<p>De lunes a viernes en un horario de las 8:00 a las 15:30 horas.<\/p>\t\t\t\t\t\t\t\t<\/div>\n\t\t\t\t<\/div>\n\t\t\t\t\t<\/div>\n\t\t<\/div>\n\t\t\t\t\t<\/div>\n\t\t<\/section>\n\t\t\t\t<section class=\"elementor-section elementor-inner-section elementor-element elementor-element-ec5a4df elementor-section-content-middle elementor-section-boxed elementor-section-height-default elementor-section-height-default\" data-id=\"ec5a4df\" data-element_type=\"section\" data-e-type=\"section\" data-settings=\"{&quot;scisco_shape_divider_top&quot;:&quot;none&quot;,&quot;scisco_shape_divider_bottom&quot;:&quot;none&quot;}\">\n\t\t\t\t\t\t<div class=\"elementor-container elementor-column-gap-default\">\n\t\t\t\t\t<div class=\"elementor-column elementor-col-50 elementor-inner-column elementor-element elementor-element-d060363\" data-id=\"d060363\" data-element_type=\"column\" data-e-type=\"column\">\n\t\t\t<div class=\"elementor-widget-wrap elementor-element-populated\">\n\t\t\t\t\t\t<div class=\"elementor-element elementor-element-7670929 elementor-widget elementor-widget-text-editor\" data-id=\"7670929\" data-element_type=\"widget\" data-e-type=\"widget\" data-widget_type=\"text-editor.default\">\n\t\t\t\t<div class=\"elementor-widget-container\">\n\t\t\t\t\t\t\t\t\t<p><strong>Capacitaciones presenciales<\/strong><\/p>\t\t\t\t\t\t\t\t<\/div>\n\t\t\t\t<\/div>\n\t\t\t\t\t<\/div>\n\t\t<\/div>\n\t\t\t\t<div class=\"elementor-column elementor-col-50 elementor-inner-column elementor-element elementor-element-d2e466e\" data-id=\"d2e466e\" data-element_type=\"column\" data-e-type=\"column\">\n\t\t\t<div class=\"elementor-widget-wrap elementor-element-populated\">\n\t\t\t\t\t\t<div class=\"elementor-element elementor-element-abb88c1 elementor-widget elementor-widget-text-editor\" data-id=\"abb88c1\" data-element_type=\"widget\" data-e-type=\"widget\" data-widget_type=\"text-editor.default\">\n\t\t\t\t<div class=\"elementor-widget-container\">\n\t\t\t\t\t\t\t\t\t<p>Las capacitaciones bajo esta modalidad se realizar\u00e1n en la sede de Infoqro, ubicada en Constituyentes Oriente no. 102 (pisos 2 y 3), Col. Quintas del Marqu\u00e9s, Quer\u00e9taro, Qro., (el ingreso es por el estacionamiento, en la calle Miguel \u00c1ngel Salgado); o bien, en los lugares propuestos por quienes solicitan las capacitaciones o cursos.<\/p>\t\t\t\t\t\t\t\t<\/div>\n\t\t\t\t<\/div>\n\t\t\t\t\t<\/div>\n\t\t<\/div>\n\t\t\t\t\t<\/div>\n\t\t<\/section>\n\t\t\t\t<section class=\"elementor-section elementor-inner-section elementor-element elementor-element-6965288 elementor-section-content-middle elementor-section-boxed elementor-section-height-default elementor-section-height-default\" data-id=\"6965288\" data-element_type=\"section\" data-e-type=\"section\" data-settings=\"{&quot;scisco_shape_divider_top&quot;:&quot;none&quot;,&quot;scisco_shape_divider_bottom&quot;:&quot;none&quot;}\">\n\t\t\t\t\t\t<div class=\"elementor-container elementor-column-gap-default\">\n\t\t\t\t\t<div class=\"elementor-column elementor-col-50 elementor-inner-column elementor-element elementor-element-b92f222\" data-id=\"b92f222\" data-element_type=\"column\" data-e-type=\"column\">\n\t\t\t<div class=\"elementor-widget-wrap elementor-element-populated\">\n\t\t\t\t\t\t<div class=\"elementor-element elementor-element-ddbf081 elementor-widget elementor-widget-text-editor\" data-id=\"ddbf081\" data-element_type=\"widget\" data-e-type=\"widget\" data-widget_type=\"text-editor.default\">\n\t\t\t\t<div class=\"elementor-widget-container\">\n\t\t\t\t\t\t\t\t\t<p><strong>Capacitaciones virtuales<\/strong><\/p>\t\t\t\t\t\t\t\t<\/div>\n\t\t\t\t<\/div>\n\t\t\t\t\t<\/div>\n\t\t<\/div>\n\t\t\t\t<div class=\"elementor-column elementor-col-50 elementor-inner-column elementor-element elementor-element-76193a2\" data-id=\"76193a2\" data-element_type=\"column\" data-e-type=\"column\">\n\t\t\t<div class=\"elementor-widget-wrap elementor-element-populated\">\n\t\t\t\t\t\t<div class=\"elementor-element elementor-element-9747f47 elementor-widget elementor-widget-text-editor\" data-id=\"9747f47\" data-element_type=\"widget\" data-e-type=\"widget\" data-widget_type=\"text-editor.default\">\n\t\t\t\t<div class=\"elementor-widget-container\">\n\t\t\t\t\t\t\t\t\t<p>Infoqro imparte capacitaciones a trav\u00e9s de la plataforma Zoom, con un cupo m\u00e1ximo de 100 participantes. Una vez agendada la capacitaci\u00f3n en esta modalidad, Infoqro proporcionar\u00e1 oportunamente el enlace electr\u00f3nico correspondiente a quienes solicitaron la capacitaci\u00f3n.<\/p>\t\t\t\t\t\t\t\t<\/div>\n\t\t\t\t<\/div>\n\t\t\t\t\t<\/div>\n\t\t<\/div>\n\t\t\t\t\t<\/div>\n\t\t<\/section>\n\t\t\t\t<section class=\"elementor-section elementor-inner-section elementor-element elementor-element-5684a7c elementor-section-content-middle elementor-section-boxed elementor-section-height-default elementor-section-height-default\" data-id=\"5684a7c\" data-element_type=\"section\" data-e-type=\"section\" data-settings=\"{&quot;scisco_shape_divider_top&quot;:&quot;none&quot;,&quot;scisco_shape_divider_bottom&quot;:&quot;none&quot;}\">\n\t\t\t\t\t\t<div class=\"elementor-container elementor-column-gap-default\">\n\t\t\t\t\t<div class=\"elementor-column elementor-col-50 elementor-inner-column elementor-element elementor-element-c6c71a4\" data-id=\"c6c71a4\" data-element_type=\"column\" data-e-type=\"column\">\n\t\t\t<div class=\"elementor-widget-wrap elementor-element-populated\">\n\t\t\t\t\t\t<div class=\"elementor-element elementor-element-0849733 elementor-widget elementor-widget-text-editor\" data-id=\"0849733\" data-element_type=\"widget\" data-e-type=\"widget\" data-widget_type=\"text-editor.default\">\n\t\t\t\t<div class=\"elementor-widget-container\">\n\t\t\t\t\t\t\t\t\t<p><strong>La solicitud de capacitaci\u00f3n podr\u00e1 efectuarse a trav\u00e9s de los siguientes medios:<\/strong><\/p>\t\t\t\t\t\t\t\t<\/div>\n\t\t\t\t<\/div>\n\t\t\t\t\t<\/div>\n\t\t<\/div>\n\t\t\t\t<div class=\"elementor-column elementor-col-50 elementor-inner-column elementor-element elementor-element-5521553\" data-id=\"5521553\" data-element_type=\"column\" data-e-type=\"column\">\n\t\t\t<div class=\"elementor-widget-wrap elementor-element-populated\">\n\t\t\t\t\t\t<div class=\"elementor-element elementor-element-4fd4d62 elementor-widget elementor-widget-text-editor\" data-id=\"4fd4d62\" data-element_type=\"widget\" data-e-type=\"widget\" data-widget_type=\"text-editor.default\">\n\t\t\t\t<div class=\"elementor-widget-container\">\n\t\t\t\t\t\t\t\t\t<p>Enviando un correo electr\u00f3nico a:<span style=\"color: #007167;\"><a style=\"color: #007167;\" href=\"mailto:capacitaciones@infoqro.mx\">\u00a0<strong><span style=\"text-decoration: underline;\">capacitaciones@infoqro.mx<\/span><\/strong><\/a><u>,<\/u><\/span> y se\u00f1alando los temas de inter\u00e9s que podr\u00e1 consultar en el <a href=\"https:\/\/www.infoqro.mx\/catalogo_capacitaciones.pdf\">pdf <strong><span style=\"text-decoration: underline;\"><span style=\"color: #007167; text-decoration: underline;\">(infoqro.mx)<\/span><\/span><\/strong><\/a><span style=\"text-decoration: underline;\">,<\/span> y realizando una propuesta de fechas y horarios para su impartici\u00f3n.<\/p><p>Llamando a los n\u00fameros telef\u00f3nicos <a href=\"tel:4428286781\"><span style=\"color: #007167;\"><strong>442 8286781<\/strong><\/span><\/a> o <strong><a href=\"tel:4428286782\"><span style=\"color: #007167;\">442 8286782<\/span><\/a><\/strong>, donde le comunicar\u00e1n con el personal responsable de capacitaciones,<\/p><p>Llenando el siguiente formulario:<\/p><p>Capacitaci\u00f3n dirigida a Sociedad Civil:<\/p><p><strong><span style=\"color: #007167;\"><a style=\"color: #007167; text-decoration: underline;\" href=\"https:\/\/www.infoqro.mx\/index.php\/formulario-sociedad-civil\/\">Formulario Sociedad Civil \u2013 INFOQRO<\/a><\/span><\/strong><\/p><p>Capacitaci\u00f3n dirigida a Sujetos Obligados:<\/p><p><strong><span style=\"color: #007167;\"><a style=\"color: #007167; text-decoration: underline;\" href=\"https:\/\/www.infoqro.mx\/index.php\/sujetos-obligados\/\">Sujetos Obligados \u2013 INFOQRO<\/a><\/span><\/strong><\/p>\t\t\t\t\t\t\t\t<\/div>\n\t\t\t\t<\/div>\n\t\t\t\t\t<\/div>\n\t\t<\/div>\n\t\t\t\t\t<\/div>\n\t\t<\/section>\n\t\t\t\t\t<\/div>\n\t\t<\/div>\n\t\t\t\t\t<\/div>\n\t\t<\/section>\n\t\t\t\t<\/div>\n\t\t","protected":false},"excerpt":{"rendered":"<p>Inicio \u00a0\u00bb Capacitaciones Capacitaciones Cat\u00e1logo de Capacitaciones Horario de atenci\u00f3n De lunes a viernes en un horario de las 8:00 a las 15:30 horas. Capacitaciones presenciales Las capacitaciones bajo esta modalidad se realizar\u00e1n en la sede de Infoqro, ubicada en Constituyentes Oriente no. 102 (pisos 2 y 3), Col. Quintas del Marqu\u00e9s, Quer\u00e9taro, Qro., (el&hellip; <a class=\"more-link\" href=\"https:\/\/www.infoqro.mx\/index.php\/capacitaciones\/\">Seguir leyendo <span class=\"screen-reader-text\">Capacitaciones<\/span><\/a><\/p>\n","protected":false},"author":5,"featured_media":0,"parent":0,"menu_order":0,"comment_status":"closed","ping_status":"closed","template":"elementor_header_footer","meta":{"_monsterinsights_skip_tracking":false,"_monsterinsights_sitenote_active":false,"_monsterinsights_sitenote_note":"","_monsterinsights_sitenote_category":0,"footnotes":""},"coauthors":[],"class_list":["post-14613","page","type-page","status-publish","hentry","entry"],"_links":{"self":[{"href":"https:\/\/www.infoqro.mx\/index.php\/wp-json\/wp\/v2\/pages\/14613","targetHints":{"allow":["GET"]}}],"collection":[{"href":"https:\/\/www.infoqro.mx\/index.php\/wp-json\/wp\/v2\/pages"}],"about":[{"href":"https:\/\/www.infoqro.mx\/index.php\/wp-json\/wp\/v2\/types\/page"}],"author":[{"embeddable":true,"href":"https:\/\/www.infoqro.mx\/index.php\/wp-json\/wp\/v2\/users\/5"}],"replies":[{"embeddable":true,"href":"https:\/\/www.infoqro.mx\/index.php\/wp-json\/wp\/v2\/comments?post=14613"}],"version-history":[{"count":0,"href":"https:\/\/www.infoqro.mx\/index.php\/wp-json\/wp\/v2\/pages\/14613\/revisions"}],"wp:attachment":[{"href":"https:\/\/www.infoqro.mx\/index.php\/wp-json\/wp\/v2\/media?parent=14613"}],"wp:term":[{"taxonomy":"author","embeddable":true,"href":"https:\/\/www.infoqro.mx\/index.php\/wp-json\/wp\/v2\/coauthors?post=14613"}],"curies":[{"name":"wp","href":"https:\/\/api.w.org\/{rel}","templated":true}]}}