{"id":17700,"date":"2024-06-24T11:18:54","date_gmt":"2024-06-24T17:18:54","guid":{"rendered":"https:\/\/www.infoqro.mx\/?page_id=17700"},"modified":"2025-12-23T09:04:05","modified_gmt":"2025-12-23T15:04:05","slug":"teme-ar-infoqro","status":"publish","type":"page","link":"https:\/\/www.infoqro.mx\/index.php\/teme-ar-infoqro\/","title":{"rendered":"\u00bfTeme ar Infoqro? Amealco"},"content":{"rendered":"\t\t<div data-elementor-type=\"wp-page\" data-elementor-id=\"17700\" class=\"elementor elementor-17700\" data-elementor-post-type=\"page\">\n\t\t\t\t\t\t<section class=\"elementor-section elementor-top-section elementor-element elementor-element-612606a2 elementor-section-boxed elementor-section-height-default elementor-section-height-default\" data-id=\"612606a2\" data-element_type=\"section\" data-e-type=\"section\" data-settings=\"{&quot;scisco_shape_divider_top&quot;:&quot;none&quot;,&quot;scisco_shape_divider_bottom&quot;:&quot;none&quot;}\">\n\t\t\t\t\t\t<div class=\"elementor-container elementor-column-gap-default\">\n\t\t\t\t\t<div class=\"elementor-column elementor-col-100 elementor-top-column elementor-element elementor-element-186b9fb9\" data-id=\"186b9fb9\" data-element_type=\"column\" data-e-type=\"column\">\n\t\t\t<div class=\"elementor-widget-wrap elementor-element-populated\">\n\t\t\t\t<a class=\"eael-wrapper-link-632d98ec --eael-wrapper-link-tag\" href=\"https:\/\/www.infoqro.mx\/\"><\/a>\t\t<div data-eael-wrapper-link=\"eael-wrapper-link-632d98ec\" class=\"elementor-element elementor-element-632d98ec elementor-widget__width-auto migas elementor-widget elementor-widget-text-editor\" data-id=\"632d98ec\" data-element_type=\"widget\" data-e-type=\"widget\" data-widget_type=\"text-editor.default\">\n\t\t\t\t<div class=\"elementor-widget-container\">\n\t\t\t\t\t\t\t\t\t<p><a href=\"https:\/\/www.infoqro.mx\/\">Inicio<\/a><\/p>\t\t\t\t\t\t\t\t<\/div>\n\t\t\t\t<\/div>\n\t\t\t\t<div class=\"elementor-element elementor-element-acf1ac8 elementor-widget__width-auto migas elementor-widget elementor-widget-text-editor\" data-id=\"acf1ac8\" data-element_type=\"widget\" data-e-type=\"widget\" data-widget_type=\"text-editor.default\">\n\t\t\t\t<div class=\"elementor-widget-container\">\n\t\t\t\t\t\t\t\t\t<p>\u00a0\u00bb Ga p\u00e4di ga \u00bb<strong> \u00bfTeme ar Infoqro?<\/strong><\/p>\t\t\t\t\t\t\t\t<\/div>\n\t\t\t\t<\/div>\n\t\t\t\t\t<\/div>\n\t\t<\/div>\n\t\t\t\t\t<\/div>\n\t\t<\/section>\n\t\t\t\t<section class=\"elementor-section elementor-top-section elementor-element elementor-element-cad9e1e elementor-section-content-top elementor-section-boxed elementor-section-height-default elementor-section-height-default\" data-id=\"cad9e1e\" data-element_type=\"section\" data-e-type=\"section\" data-settings=\"{&quot;scisco_shape_divider_top&quot;:&quot;none&quot;,&quot;scisco_shape_divider_bottom&quot;:&quot;none&quot;}\">\n\t\t\t\t\t\t<div class=\"elementor-container elementor-column-gap-extended\">\n\t\t\t\t\t<div class=\"elementor-column elementor-col-33 elementor-top-column elementor-element elementor-element-3f45aba\" data-id=\"3f45aba\" data-element_type=\"column\" data-e-type=\"column\">\n\t\t\t<div class=\"elementor-widget-wrap elementor-element-populated\">\n\t\t\t\t\t\t<div class=\"elementor-element elementor-element-eb2f034 elementor-widget elementor-widget-image\" data-id=\"eb2f034\" data-element_type=\"widget\" data-e-type=\"widget\" data-widget_type=\"image.default\">\n\t\t\t\t<div class=\"elementor-widget-container\">\n\t\t\t\t\t\t\t\t\t\t\t\t\t\t\t<img decoding=\"async\" src=\"https:\/\/www.infoqro.mx\/wp-content\/uploads\/2023\/11\/que-es-infoqro_2-1.png\" title=\"que-es-infoqro_2 (1)\" alt=\"que-es-infoqro_2 (1)\" loading=\"lazy\" \/>\t\t\t\t\t\t\t\t\t\t\t\t\t\t\t<\/div>\n\t\t\t\t<\/div>\n\t\t\t\t\t<\/div>\n\t\t<\/div>\n\t\t\t\t<div class=\"elementor-column elementor-col-66 elementor-top-column elementor-element elementor-element-07625e6\" data-id=\"07625e6\" data-element_type=\"column\" data-e-type=\"column\">\n\t\t\t<div class=\"elementor-widget-wrap elementor-element-populated\">\n\t\t\t\t\t\t<div class=\"elementor-element elementor-element-ed1f9c0 elementor-widget__width-initial elementor-widget-mobile__width-initial elementor-widget elementor-widget-heading\" data-id=\"ed1f9c0\" data-element_type=\"widget\" data-e-type=\"widget\" data-widget_type=\"heading.default\">\n\t\t\t\t<div class=\"elementor-widget-container\">\n\t\t\t\t\t<h2 class=\"elementor-heading-title elementor-size-default\">\u00bfTeme ar Infoqro?<\/h2>\t\t\t\t<\/div>\n\t\t\t\t<\/div>\n\t\t\t\t<div class=\"elementor-element elementor-element-2b1828d elementor-widget elementor-widget-text-editor\" data-id=\"2b1828d\" data-element_type=\"widget\" data-e-type=\"widget\" id=\"texto\" data-widget_type=\"text-editor.default\">\n\t\t\t\t<div class=\"elementor-widget-container\">\n\t\t\t\t\t\t\t\t\t<p>Ar mhunts\u2019i hinte t\u2019\u00f6gi tsixan gatho da ts<u>a<\/u> da f\u00f6di nuna teme ne da hyandi ne da jwati y\u00e1 thuuhu ya j\u00f6\u2019i \u2018b<u>u<\/u>i ha ar h<u>a<\/u>i Nmaxei, ge n\u2019a ar mhunts\u2019i nd\u00f6s<u>ee<\/u>, oo ha y\u00e1 \u2018y<u>e<\/u>, \u2018\u00f1udi, da numa\u00f1ho ne da hyonga maj\u00f6ni hanja da y<u>u<\/u>t\u2019i da da hyonga maj\u00f6ni ne da jwati y\u00e1 m\u2019<u>u<\/u>i ya j\u00f6\u2019i.<\/p>\t\t\t\t\t\t\t\t<\/div>\n\t\t\t\t<\/div>\n\t\t\t\t<div class=\"elementor-element elementor-element-cc751ad elementor-widget elementor-widget-text-editor\" data-id=\"cc751ad\" data-element_type=\"widget\" data-e-type=\"widget\" data-widget_type=\"text-editor.default\">\n\t\t\t\t<div class=\"elementor-widget-container\">\n\t\t\t\t\t\t\t\t\t<p>Nu\u2019m\u2019<u>u<\/u> n\u2019a nuya di \u2018\u00f1epi da unga ar h\u00f1\u00f6, hingi <u>o<\/u>t\u2019e ngu m\u00f6nga ar nkohi hinte t\u2019\u00f6gi ne da ts<u>a<\/u> da y<u>u<\/u>\u2019ti da hyoni ar h\u00f1\u00f6 ne ar nkohi en\u00f6 da jwati y\u00e1 thuuhu y\u00e1 j\u00f6\u2019i ne hinda jap\u2019<u>u<\/u>, nuna ar mhunts\u2019in<u>u<\/u> th<u>e<\/u> \u00e1r ts\u2019<u>e<\/u>di da y<u>u<\/u>t\u2019i ne da m\u00f6\u00f6 teme di \u2018\u00f1epi gatho ya j\u00f6\u2019i<\/p>\t\t\t\t\t\t\t\t<\/div>\n\t\t\t\t<\/div>\n\t\t\t\t<div class=\"elementor-element elementor-element-59f3c45 elementor-widget__width-initial elementor-widget-mobile__width-initial elementor-widget elementor-widget-heading\" data-id=\"59f3c45\" data-element_type=\"widget\" data-e-type=\"widget\" data-widget_type=\"heading.default\">\n\t\t\t\t<div class=\"elementor-widget-container\">\n\t\t\t\t\t<h2 class=\"elementor-heading-title elementor-size-default\">Teme \u00e1r \u2018befi<\/h2>\t\t\t\t<\/div>\n\t\t\t\t<\/div>\n\t\t\t\t<div class=\"elementor-element elementor-element-abd866c elementor-widget elementor-widget-text-editor\" data-id=\"abd866c\" data-element_type=\"widget\" data-e-type=\"widget\" data-widget_type=\"text-editor.default\">\n\t\t\t\t<div class=\"elementor-widget-container\">\n\t\t\t\t\t\t\t\t\t<p>Da japi da thogi ha ar h<u>a<\/u>i Nmaxei\u00a0 oo ha y\u00e1 \u2018y<u>e<\/u>, \u2018\u00f1udi, da numa\u00f1ho ne da hyonga maj\u00f6ni hanja da y<u>u<\/u>t\u2019i da da hyonga maj\u00f6ni ne da jwati y\u00e1 m\u2019<u>u<\/u>i ya j\u00f6\u2019i, da \u2018y<u>o<\/u>t\u2019e ngetho hinte \u00f6gi njap\u2019<u>u<\/u> nheki hanja ya j\u00f6\u2019i f<u>a<\/u>xte ne mp<u>e<\/u>hwi mahy<u>e<\/u>gi<\/p>\t\t\t\t\t\t\t\t<\/div>\n\t\t\t\t<\/div>\n\t\t\t\t<div class=\"elementor-element elementor-element-ce6f47a elementor-widget__width-initial elementor-widget-mobile__width-initial elementor-widget elementor-widget-heading\" data-id=\"ce6f47a\" data-element_type=\"widget\" data-e-type=\"widget\" data-widget_type=\"heading.default\">\n\t\t\t\t<div class=\"elementor-widget-container\">\n\t\t\t\t\t<h2 class=\"elementor-heading-title elementor-size-default\">\u00c1r nthandi<\/h2>\t\t\t\t<\/div>\n\t\t\t\t<\/div>\n\t\t\t\t<div class=\"elementor-element elementor-element-c211b3b elementor-widget elementor-widget-text-editor\" data-id=\"c211b3b\" data-element_type=\"widget\" data-e-type=\"widget\" data-widget_type=\"text-editor.default\">\n\t\t\t\t<div class=\"elementor-widget-container\">\n\t\t\t\t\t\t\t\t\t<p>Gehn<u>u<\/u> n\u2019a ar mhunts\u2019i \u2018b<u>e<\/u>t\u2019o uni ar s<u>e<\/u>ki da f\u00f6di ya h\u00f1\u00f6, di \u2018b<u>e<\/u>t\u2019o ha y\u00e1 x<u>e<\/u>ni ngetho xa \u00f1\u00f6ni ne udi hinte t\u2019\u00f6gi ne unga nw<u>e<\/u>nda<\/p>\t\t\t\t\t\t\t\t<\/div>\n\t\t\t\t<\/div>\n\t\t\t\t<div class=\"elementor-element elementor-element-f79e27c elementor-widget__width-initial elementor-widget-mobile__width-initial elementor-widget elementor-widget-heading\" data-id=\"f79e27c\" data-element_type=\"widget\" data-e-type=\"widget\" data-widget_type=\"heading.default\">\n\t\t\t\t<div class=\"elementor-widget-container\">\n\t\t\t\t\t<h2 class=\"elementor-heading-title elementor-size-default\">Ya hoga m\u2019ui<\/h2>\t\t\t\t<\/div>\n\t\t\t\t<\/div>\n\t\t\t\t<div class=\"elementor-element elementor-element-236ddc3 elementor-widget elementor-widget-text-editor\" data-id=\"236ddc3\" data-element_type=\"widget\" data-e-type=\"widget\" data-widget_type=\"text-editor.default\">\n\t\t\t\t<div class=\"elementor-widget-container\">\n\t\t\t\t\t\t\t\t\t<p>Nx<u>o<\/u>ge m\u2019<u>u<\/u>i<\/p>\n<p>Ar nt\u2019ek\u2019ei<\/p>\n<p>Ar nsu<\/p>\n<p>Ar mf<u>a<\/u>ts\u2019i<\/p>\n<p>Hoja \u2018b<u>e<\/u>go<\/p>\n<p>\u2018B<u>u<\/u>hwi ya nt\u2019umbi ne ya nk\u2019ami<\/p>\t\t\t\t\t\t\t\t<\/div>\n\t\t\t\t<\/div>\n\t\t\t\t<div class=\"elementor-element elementor-element-4d8c72c elementor-widget__width-initial elementor-widget-mobile__width-initial elementor-widget elementor-widget-heading\" data-id=\"4d8c72c\" data-element_type=\"widget\" data-e-type=\"widget\" data-widget_type=\"heading.default\">\n\t\t\t\t<div class=\"elementor-widget-container\">\n\t\t\t\t\t<h2 class=\"elementor-heading-title elementor-size-default\">Togo ar nxoge<\/h2>\t\t\t\t<\/div>\n\t\t\t\t<\/div>\n\t\t\t\t<div class=\"elementor-element elementor-element-9e617f2 elementor-widget elementor-widget-text-editor\" data-id=\"9e617f2\" data-element_type=\"widget\" data-e-type=\"widget\" data-widget_type=\"text-editor.default\">\n\t\t\t\t<div class=\"elementor-widget-container\">\n\t\t\t\t\t\t\t\t\t<p>Ar nx<u>o<\/u>ge ge ar mhunts\u2019i xa ja \u00e1r nsu ja huxhn<u>u<\/u> h\u00f1uu togo xi \u2018\u00f1exa yoho ya h\u00f1ux<u>e<\/u>ni nuya j\u00f6\u2019i k<u>u<\/u> ha ar ngu ts\u2019<u>u<\/u>twi ha ar h<u>a<\/u>i Nmaxei<\/p>\n<p>\u00a0<\/p>\n<p>Pa da \u2018y<u>o<\/u>ta nuya \u2018b<u>e<\/u>fi di \u2018\u00f1epi da m<u>e<\/u>fi, nuna ar mhunts\u2019a nx<u>o<\/u>ge da mhunts\u2019i gatho ya j\u00f6\u2019i da b\u00f6di<\/p>\t\t\t\t\t\t\t\t<\/div>\n\t\t\t\t<\/div>\n\t\t\t\t<div class=\"elementor-element elementor-element-b6cdf61 elementor-widget__width-initial elementor-widget-mobile__width-initial elementor-widget elementor-widget-heading\" data-id=\"b6cdf61\" data-element_type=\"widget\" data-e-type=\"widget\" data-widget_type=\"heading.default\">\n\t\t\t\t<div class=\"elementor-widget-container\">\n\t\t\t\t\t<h2 class=\"elementor-heading-title elementor-size-default\">Togo\u2019u<\/h2>\t\t\t\t<\/div>\n\t\t\t\t<\/div>\n\t\t\t\t<div class=\"elementor-element elementor-element-3530bb1 elementor-widget elementor-widget-text-editor\" data-id=\"3530bb1\" data-element_type=\"widget\" data-e-type=\"widget\" data-widget_type=\"text-editor.default\">\n\t\t\t\t<div class=\"elementor-widget-container\">\n\t\t\t\t\t\t\t\t\t<p>N\u2019a ar nt\u2019ets\u2019i<\/p>\n<p>N\u2019a ar nd\u00f6nt\u2019ets\u2019i<\/p>\n<p>Ma n\u2019a nt\u2019ets\u2019i<\/p>\t\t\t\t\t\t\t\t<\/div>\n\t\t\t\t<\/div>\n\t\t\t\t<div class=\"elementor-element elementor-element-70605ff elementor-widget elementor-widget-heading\" data-id=\"70605ff\" data-element_type=\"widget\" data-e-type=\"widget\" data-widget_type=\"heading.default\">\n\t\t\t\t<div class=\"elementor-widget-container\">\n\t\t\t\t\t<h2 class=\"elementor-heading-title elementor-size-default\"><a href=\"https:\/\/www.infoqro.mx\/index.php\/nuya-xa-ntani\">Nuya xa nt\u2019ani<\/a><\/h2>\t\t\t\t<\/div>\n\t\t\t\t<\/div>\n\t\t\t\t<div class=\"elementor-element elementor-element-1702c7a elementor-widget elementor-widget-image\" data-id=\"1702c7a\" data-element_type=\"widget\" data-e-type=\"widget\" data-widget_type=\"image.default\">\n\t\t\t\t<div class=\"elementor-widget-container\">\n\t\t\t\t\t\t\t\t\t\t\t\t\t\t\t<img decoding=\"async\" src=\"https:\/\/www.infoqro.mx\/wp-content\/uploads\/2024\/12\/inpi.png\" title=\"inpi\" alt=\"inpi\" loading=\"lazy\" \/>\t\t\t\t\t\t\t\t\t\t\t\t\t\t\t<\/div>\n\t\t\t\t<\/div>\n\t\t\t\t\t<\/div>\n\t\t<\/div>\n\t\t\t\t\t<\/div>\n\t\t<\/section>\n\t\t\t\t<section class=\"elementor-section elementor-top-section elementor-element elementor-element-8c17c0b elementor-section-boxed elementor-section-height-default elementor-section-height-default\" data-id=\"8c17c0b\" data-element_type=\"section\" data-e-type=\"section\" data-settings=\"{&quot;scisco_shape_divider_top&quot;:&quot;none&quot;,&quot;scisco_shape_divider_bottom&quot;:&quot;none&quot;}\">\n\t\t\t\t\t\t<div class=\"elementor-container elementor-column-gap-default\">\n\t\t\t\t\t<div class=\"elementor-column elementor-col-100 elementor-top-column elementor-element elementor-element-73c30a3\" data-id=\"73c30a3\" data-element_type=\"column\" data-e-type=\"column\">\n\t\t\t<div class=\"elementor-widget-wrap elementor-element-populated\">\n\t\t\t\t\t\t<div class=\"elementor-element elementor-element-dff5c75 elementor-widget__width-initial elementor-fixed elementor-hidden-desktop elementor-hidden-tablet elementor-hidden-mobile elementor-widget elementor-widget-image\" data-id=\"dff5c75\" data-element_type=\"widget\" data-e-type=\"widget\" data-settings=\"{&quot;_position&quot;:&quot;fixed&quot;}\" data-widget_type=\"image.default\">\n\t\t\t\t<div class=\"elementor-widget-container\">\n\t\t\t\t\t\t\t\t\t\t\t\t\t\t\t\t<a href=\"https:\/\/www.infoqro.mx\/index.php\/teme-ar-infoqro\/\">\n\t\t\t\t\t\t\t<img fetchpriority=\"high\" decoding=\"async\" width=\"750\" height=\"476\" src=\"https:\/\/www.infoqro.mx\/wp-content\/uploads\/2024\/07\/boton_otomi_drop.png\" class=\"attachment-large size-large wp-image-18554\" alt=\"\" srcset=\"https:\/\/www.infoqro.mx\/wp-content\/uploads\/2024\/07\/boton_otomi_drop.png 974w, https:\/\/www.infoqro.mx\/wp-content\/uploads\/2024\/07\/boton_otomi_drop-300x190.png 300w, https:\/\/www.infoqro.mx\/wp-content\/uploads\/2024\/07\/boton_otomi_drop-768x487.png 768w\" sizes=\"(max-width: 750px) 100vw, 750px\" style=\"width:100%;height:63.45%;max-width:974px\" \/>\t\t\t\t\t\t\t\t<\/a>\n\t\t\t\t\t\t\t\t\t\t\t\t\t\t\t<\/div>\n\t\t\t\t<\/div>\n\t\t\t\t\t<\/div>\n\t\t<\/div>\n\t\t\t\t\t<\/div>\n\t\t<\/section>\n\t\t\t\t<section class=\"elementor-section elementor-top-section elementor-element elementor-element-39332f6 elementor-section-boxed elementor-section-height-default elementor-section-height-default\" data-id=\"39332f6\" data-element_type=\"section\" data-e-type=\"section\" data-settings=\"{&quot;scisco_shape_divider_top&quot;:&quot;none&quot;,&quot;scisco_shape_divider_bottom&quot;:&quot;none&quot;}\">\n\t\t\t\t\t\t<div class=\"elementor-container elementor-column-gap-default\">\n\t\t\t\t\t<div class=\"elementor-column elementor-col-100 elementor-top-column elementor-element elementor-element-6b6578d\" data-id=\"6b6578d\" data-element_type=\"column\" data-e-type=\"column\">\n\t\t\t<div class=\"elementor-widget-wrap\">\n\t\t\t\t\t\t\t<\/div>\n\t\t<\/div>\n\t\t\t\t\t<\/div>\n\t\t<\/section>\n\t\t\t\t<\/div>\n\t\t","protected":false},"excerpt":{"rendered":"<p>Inicio \u00a0\u00bb Ga p\u00e4di ga \u00bb \u00bfTeme ar Infoqro? \u00bfTeme ar Infoqro? Ar mhunts\u2019i hinte t\u2019\u00f6gi tsixan gatho da tsa da f\u00f6di nuna teme ne da hyandi ne da jwati y\u00e1 thuuhu ya j\u00f6\u2019i \u2018bui ha ar hai Nmaxei, ge n\u2019a ar mhunts\u2019i nd\u00f6see, oo ha y\u00e1 \u2018ye, \u2018\u00f1udi, da numa\u00f1ho ne da hyonga maj\u00f6ni&hellip; <a class=\"more-link\" href=\"https:\/\/www.infoqro.mx\/index.php\/teme-ar-infoqro\/\">Seguir leyendo <span class=\"screen-reader-text\">\u00bfTeme ar Infoqro? Amealco<\/span><\/a><\/p>\n","protected":false},"author":5,"featured_media":0,"parent":0,"menu_order":0,"comment_status":"closed","ping_status":"closed","template":"elementor_header_footer","meta":{"_monsterinsights_skip_tracking":false,"_monsterinsights_sitenote_active":false,"_monsterinsights_sitenote_note":"","_monsterinsights_sitenote_category":0,"footnotes":""},"coauthors":[],"class_list":["post-17700","page","type-page","status-publish","hentry","entry"],"_links":{"self":[{"href":"https:\/\/www.infoqro.mx\/index.php\/wp-json\/wp\/v2\/pages\/17700","targetHints":{"allow":["GET"]}}],"collection":[{"href":"https:\/\/www.infoqro.mx\/index.php\/wp-json\/wp\/v2\/pages"}],"about":[{"href":"https:\/\/www.infoqro.mx\/index.php\/wp-json\/wp\/v2\/types\/page"}],"author":[{"embeddable":true,"href":"https:\/\/www.infoqro.mx\/index.php\/wp-json\/wp\/v2\/users\/5"}],"replies":[{"embeddable":true,"href":"https:\/\/www.infoqro.mx\/index.php\/wp-json\/wp\/v2\/comments?post=17700"}],"version-history":[{"count":0,"href":"https:\/\/www.infoqro.mx\/index.php\/wp-json\/wp\/v2\/pages\/17700\/revisions"}],"wp:attachment":[{"href":"https:\/\/www.infoqro.mx\/index.php\/wp-json\/wp\/v2\/media?parent=17700"}],"wp:term":[{"taxonomy":"author","embeddable":true,"href":"https:\/\/www.infoqro.mx\/index.php\/wp-json\/wp\/v2\/coauthors?post=17700"}],"curies":[{"name":"wp","href":"https:\/\/api.w.org\/{rel}","templated":true}]}}