{"id":17984,"date":"2024-06-24T14:23:47","date_gmt":"2024-06-24T20:23:47","guid":{"rendered":"https:\/\/www.infoqro.mx\/?page_id=17984"},"modified":"2024-12-20T11:03:00","modified_gmt":"2024-12-20T17:03:00","slug":"teme-ar-hno-gatho-da-bodi","status":"publish","type":"page","link":"https:\/\/www.infoqro.mx\/index.php\/teme-ar-hno-gatho-da-bodi\/","title":{"rendered":"Teme ar h\u00f1\u00f6 gatho da b\u00f6di Amealco"},"content":{"rendered":"\t\t<div data-elementor-type=\"wp-page\" data-elementor-id=\"17984\" class=\"elementor elementor-17984\" data-elementor-post-type=\"page\">\n\t\t\t\t\t\t<section class=\"elementor-section elementor-top-section elementor-element elementor-element-57e7fdb elementor-section-boxed elementor-section-height-default elementor-section-height-default\" data-id=\"57e7fdb\" data-element_type=\"section\" data-e-type=\"section\" data-settings=\"{&quot;scisco_shape_divider_top&quot;:&quot;none&quot;,&quot;scisco_shape_divider_bottom&quot;:&quot;none&quot;}\">\n\t\t\t\t\t\t<div class=\"elementor-container elementor-column-gap-default\">\n\t\t\t\t\t<div class=\"elementor-column elementor-col-100 elementor-top-column elementor-element elementor-element-8f99e3e\" data-id=\"8f99e3e\" data-element_type=\"column\" data-e-type=\"column\">\n\t\t\t<div class=\"elementor-widget-wrap elementor-element-populated\">\n\t\t\t\t<a class=\"eael-wrapper-link-69d61b6 --eael-wrapper-link-tag\" href=\"https:\/\/www.infoqro.mx\"><\/a>\t\t<div data-eael-wrapper-link=\"eael-wrapper-link-69d61b6\" class=\"elementor-element elementor-element-69d61b6 elementor-widget__width-auto migas elementor-widget elementor-widget-text-editor\" data-id=\"69d61b6\" data-element_type=\"widget\" data-e-type=\"widget\" data-widget_type=\"text-editor.default\">\n\t\t\t\t<div class=\"elementor-widget-container\">\n\t\t\t\t\t\t\t\t\t<p>Inicio<\/p>\t\t\t\t\t\t\t\t<\/div>\n\t\t\t\t<\/div>\n\t\t\t\t<div class=\"elementor-element elementor-element-37017fa elementor-widget__width-auto migas elementor-widget elementor-widget-text-editor\" data-id=\"37017fa\" data-element_type=\"widget\" data-e-type=\"widget\" data-widget_type=\"text-editor.default\">\n\t\t\t\t<div class=\"elementor-widget-container\">\n\t\t\t\t\t\t\t\t\t<p style=\"text-align: right;\">\u00a0\u00bb h\u00f1\u00f6 gatho da b\u00f6di<span style=\"text-decoration-color: initial;\">\u00a0\u00bb<\/span> <span style=\"font-weight: 800; color: var( --e-global-color-primary );\">Teme ar h\u00f1\u00f6 gatho da b\u00f6di<\/span><\/p>\t\t\t\t\t\t\t\t<\/div>\n\t\t\t\t<\/div>\n\t\t\t\t\t<\/div>\n\t\t<\/div>\n\t\t\t\t\t<\/div>\n\t\t<\/section>\n\t\t\t\t<section class=\"elementor-section elementor-top-section elementor-element elementor-element-60ec160 elementor-section-content-top elementor-section-boxed elementor-section-height-default elementor-section-height-default\" data-id=\"60ec160\" data-element_type=\"section\" data-e-type=\"section\" data-settings=\"{&quot;scisco_shape_divider_top&quot;:&quot;none&quot;,&quot;scisco_shape_divider_bottom&quot;:&quot;none&quot;}\">\n\t\t\t\t\t\t<div class=\"elementor-container elementor-column-gap-extended\">\n\t\t\t\t\t<div class=\"elementor-column elementor-col-33 elementor-top-column elementor-element elementor-element-c50561b\" data-id=\"c50561b\" data-element_type=\"column\" data-e-type=\"column\">\n\t\t\t<div class=\"elementor-widget-wrap elementor-element-populated\">\n\t\t\t\t\t\t<div class=\"elementor-element elementor-element-8a2aaa5 elementor-widget elementor-widget-image\" data-id=\"8a2aaa5\" data-element_type=\"widget\" data-e-type=\"widget\" data-widget_type=\"image.default\">\n\t\t\t\t<div class=\"elementor-widget-container\">\n\t\t\t\t\t\t\t\t\t\t\t\t\t\t\t<img decoding=\"async\" src=\"https:\/\/www.infoqro.mx\/wp-content\/uploads\/2023\/11\/informa_publica-1-2.png\" title=\"informa_publica-1\" alt=\"informa_publica-1\" loading=\"lazy\" \/>\t\t\t\t\t\t\t\t\t\t\t\t\t\t\t<\/div>\n\t\t\t\t<\/div>\n\t\t\t\t\t<\/div>\n\t\t<\/div>\n\t\t\t\t<div class=\"elementor-column elementor-col-66 elementor-top-column elementor-element elementor-element-b5ab4df\" data-id=\"b5ab4df\" data-element_type=\"column\" data-e-type=\"column\">\n\t\t\t<div class=\"elementor-widget-wrap elementor-element-populated\">\n\t\t\t\t\t\t<div class=\"elementor-element elementor-element-61f8eeb elementor-widget__width-initial elementor-widget-mobile__width-initial elementor-widget elementor-widget-heading\" data-id=\"61f8eeb\" data-element_type=\"widget\" data-e-type=\"widget\" data-widget_type=\"heading.default\">\n\t\t\t\t<div class=\"elementor-widget-container\">\n\t\t\t\t\t<h2 class=\"elementor-heading-title elementor-size-default\">Teme ar h\u00f1\u00f6 gatho da b\u00f6di<\/h2>\t\t\t\t<\/div>\n\t\t\t\t<\/div>\n\t\t\t\t<div class=\"elementor-element elementor-element-263c3de elementor-widget elementor-widget-text-editor\" data-id=\"263c3de\" data-element_type=\"widget\" data-e-type=\"widget\" data-widget_type=\"text-editor.default\">\n\t\t\t\t<div class=\"elementor-widget-container\">\n\t\t\t\t\t\t\t\t\t<p>Ar h\u00f1\u00f6 gatho da b\u00f6di, ge nuya xi t\u2019ot\u2019i, ya m\u2019<u>e<\/u>ts\u2019i xi thoki wa xi dini nuya ngu nd\u00f6 ne ya x<u>e<\/u>ni m\u2019onda wa nuya ne b\u00f6di gatho ha nuna \u00e1r \u2018b<u>e<\/u>fi ne go di p<u>e<\/u>ts\u2019i<\/p>\n<p>\u00a0<\/p>\n<p>Nuya h\u00f1\u00f6y<u>u<\/u> di huxa ha ya h<u>e<\/u>\u2019mi, ya nk\u2019oi, ha ya njwatah\u00f1\u00f6, ha ya b<u>o<\/u>j\u00f6 nwata mfeni wa ha ma\u2019ra ya nwati<\/p>\n<p>\u00a0<\/p>\n<p>Ge y\u00e1 m<u>e<\/u>ti gatho ya j\u00f6\u2019i gatho nuya ngund\u00f6 ne ya nguts\u2019<u>u<\/u>twi ha ar h<u>a<\/u>i Maxei nuya h\u00f6ni ya boj\u00f6 y\u00e1 m<u>e<\/u>ti gatho<\/p>\t\t\t\t\t\t\t\t<\/div>\n\t\t\t\t<\/div>\n\t\t\t\t<div class=\"elementor-element elementor-element-a6e37e7 elementor-widget elementor-widget-heading\" data-id=\"a6e37e7\" data-element_type=\"widget\" data-e-type=\"widget\" data-widget_type=\"heading.default\">\n\t\t\t\t<div class=\"elementor-widget-container\">\n\t\t\t\t\t<h2 class=\"elementor-heading-title elementor-size-default\"><a href=\"https:\/\/www.infoqro.mx\/index.php\/togo-nuya-mahyoni-da-unga-ar-hno-da-tapi\">Togo nuya mahyoni da unga ar h\u00f1\u00f6 da t\u2019api<\/a><\/h2>\t\t\t\t<\/div>\n\t\t\t\t<\/div>\n\t\t\t\t<div class=\"elementor-element elementor-element-4701d02 elementor-widget elementor-widget-image\" data-id=\"4701d02\" data-element_type=\"widget\" data-e-type=\"widget\" data-widget_type=\"image.default\">\n\t\t\t\t<div class=\"elementor-widget-container\">\n\t\t\t\t\t\t\t\t\t\t\t\t\t\t\t<img decoding=\"async\" src=\"https:\/\/www.infoqro.mx\/wp-content\/uploads\/2024\/12\/inpi.png\" title=\"inpi\" alt=\"inpi\" loading=\"lazy\" \/>\t\t\t\t\t\t\t\t\t\t\t\t\t\t\t<\/div>\n\t\t\t\t<\/div>\n\t\t\t\t\t<\/div>\n\t\t<\/div>\n\t\t\t\t\t<\/div>\n\t\t<\/section>\n\t\t\t\t<section class=\"elementor-section elementor-top-section elementor-element elementor-element-48a7ff5 elementor-section-boxed elementor-section-height-default elementor-section-height-default\" data-id=\"48a7ff5\" data-element_type=\"section\" data-e-type=\"section\" data-settings=\"{&quot;scisco_shape_divider_top&quot;:&quot;none&quot;,&quot;scisco_shape_divider_bottom&quot;:&quot;none&quot;}\">\n\t\t\t\t\t\t<div class=\"elementor-container elementor-column-gap-default\">\n\t\t\t\t\t<div class=\"elementor-column elementor-col-100 elementor-top-column elementor-element elementor-element-d393e0a\" data-id=\"d393e0a\" data-element_type=\"column\" data-e-type=\"column\">\n\t\t\t<div class=\"elementor-widget-wrap\">\n\t\t\t\t\t\t\t<\/div>\n\t\t<\/div>\n\t\t\t\t\t<\/div>\n\t\t<\/section>\n\t\t\t\t<\/div>\n\t\t","protected":false},"excerpt":{"rendered":"<p>Inicio \u00a0\u00bb h\u00f1\u00f6 gatho da b\u00f6di\u00a0\u00bb Teme ar h\u00f1\u00f6 gatho da b\u00f6di Teme ar h\u00f1\u00f6 gatho da b\u00f6di Ar h\u00f1\u00f6 gatho da b\u00f6di, ge nuya xi t\u2019ot\u2019i, ya m\u2019ets\u2019i xi thoki wa xi dini nuya ngu nd\u00f6 ne ya xeni m\u2019onda wa nuya ne b\u00f6di gatho ha nuna \u00e1r \u2018befi ne go di pets\u2019i \u00a0&hellip; <a class=\"more-link\" href=\"https:\/\/www.infoqro.mx\/index.php\/teme-ar-hno-gatho-da-bodi\/\">Seguir leyendo <span class=\"screen-reader-text\">Teme ar h\u00f1\u00f6 gatho da b\u00f6di Amealco<\/span><\/a><\/p>\n","protected":false},"author":5,"featured_media":0,"parent":0,"menu_order":0,"comment_status":"closed","ping_status":"closed","template":"elementor_header_footer","meta":{"_monsterinsights_skip_tracking":false,"_monsterinsights_sitenote_active":false,"_monsterinsights_sitenote_note":"","_monsterinsights_sitenote_category":0,"footnotes":""},"coauthors":[],"class_list":["post-17984","page","type-page","status-publish","hentry","entry"],"_links":{"self":[{"href":"https:\/\/www.infoqro.mx\/index.php\/wp-json\/wp\/v2\/pages\/17984","targetHints":{"allow":["GET"]}}],"collection":[{"href":"https:\/\/www.infoqro.mx\/index.php\/wp-json\/wp\/v2\/pages"}],"about":[{"href":"https:\/\/www.infoqro.mx\/index.php\/wp-json\/wp\/v2\/types\/page"}],"author":[{"embeddable":true,"href":"https:\/\/www.infoqro.mx\/index.php\/wp-json\/wp\/v2\/users\/5"}],"replies":[{"embeddable":true,"href":"https:\/\/www.infoqro.mx\/index.php\/wp-json\/wp\/v2\/comments?post=17984"}],"version-history":[{"count":0,"href":"https:\/\/www.infoqro.mx\/index.php\/wp-json\/wp\/v2\/pages\/17984\/revisions"}],"wp:attachment":[{"href":"https:\/\/www.infoqro.mx\/index.php\/wp-json\/wp\/v2\/media?parent=17984"}],"wp:term":[{"taxonomy":"author","embeddable":true,"href":"https:\/\/www.infoqro.mx\/index.php\/wp-json\/wp\/v2\/coauthors?post=17984"}],"curies":[{"name":"wp","href":"https:\/\/api.w.org\/{rel}","templated":true}]}}