{"id":18056,"date":"2024-06-24T15:05:28","date_gmt":"2024-06-24T21:05:28","guid":{"rendered":"https:\/\/www.infoqro.mx\/?page_id=18056"},"modified":"2024-12-20T11:05:28","modified_gmt":"2024-12-20T17:05:28","slug":"teme-ya-nthutsi-ya-metise","status":"publish","type":"page","link":"https:\/\/www.infoqro.mx\/index.php\/teme-ya-nthutsi-ya-metise\/","title":{"rendered":"Teme ya nthuts\u2019i y\u00e1 metise Amealco"},"content":{"rendered":"\t\t<div data-elementor-type=\"wp-page\" data-elementor-id=\"18056\" class=\"elementor elementor-18056\" data-elementor-post-type=\"page\">\n\t\t\t\t\t\t<section class=\"elementor-section elementor-top-section elementor-element elementor-element-f2810bf elementor-section-boxed elementor-section-height-default elementor-section-height-default\" data-id=\"f2810bf\" data-element_type=\"section\" data-e-type=\"section\" data-settings=\"{&quot;scisco_shape_divider_top&quot;:&quot;none&quot;,&quot;scisco_shape_divider_bottom&quot;:&quot;none&quot;}\">\n\t\t\t\t\t\t<div class=\"elementor-container elementor-column-gap-default\">\n\t\t\t\t\t<div class=\"elementor-column elementor-col-100 elementor-top-column elementor-element elementor-element-6b41488\" data-id=\"6b41488\" data-element_type=\"column\" data-e-type=\"column\">\n\t\t\t<div class=\"elementor-widget-wrap elementor-element-populated\">\n\t\t\t\t<a class=\"eael-wrapper-link-96e5c81 --eael-wrapper-link-tag\" href=\"https:\/\/www.infoqro.mx\"><\/a>\t\t<div data-eael-wrapper-link=\"eael-wrapper-link-96e5c81\" class=\"elementor-element elementor-element-96e5c81 elementor-widget__width-auto migas elementor-widget elementor-widget-text-editor\" data-id=\"96e5c81\" data-element_type=\"widget\" data-e-type=\"widget\" data-widget_type=\"text-editor.default\">\n\t\t\t\t<div class=\"elementor-widget-container\">\n\t\t\t\t\t\t\t\t\t<p>Inicio<\/p>\t\t\t\t\t\t\t\t<\/div>\n\t\t\t\t<\/div>\n\t\t\t\t<div class=\"elementor-element elementor-element-113981d elementor-widget__width-auto migas elementor-widget elementor-widget-text-editor\" data-id=\"113981d\" data-element_type=\"widget\" data-e-type=\"widget\" data-widget_type=\"text-editor.default\">\n\t\t\t\t<div class=\"elementor-widget-container\">\n\t\t\t\t\t\t\t\t\t<p style=\"text-align: right;\">\u00a0\u00bb Nthuts\u2019i y\u00e1 m<u>e<\/u>tis<u>e<\/u><span style=\"color: var( --e-global-color-primary ); text-decoration-color: initial;\">\u00a0\u00bb<\/span><span style=\"color: var( --e-global-color-primary ); font-weight: 800; text-decoration-color: initial;\"> Teme ya nthuts\u2019i y\u00e1 m<u>e<\/u>tis<u>e<\/u><\/span><\/p>\t\t\t\t\t\t\t\t<\/div>\n\t\t\t\t<\/div>\n\t\t\t\t\t<\/div>\n\t\t<\/div>\n\t\t\t\t\t<\/div>\n\t\t<\/section>\n\t\t\t\t<section class=\"elementor-section elementor-top-section elementor-element elementor-element-c614c3f elementor-section-content-top elementor-section-boxed elementor-section-height-default elementor-section-height-default\" data-id=\"c614c3f\" data-element_type=\"section\" data-e-type=\"section\" data-settings=\"{&quot;scisco_shape_divider_top&quot;:&quot;none&quot;,&quot;scisco_shape_divider_bottom&quot;:&quot;none&quot;}\">\n\t\t\t\t\t\t<div class=\"elementor-container elementor-column-gap-extended\">\n\t\t\t\t\t<div class=\"elementor-column elementor-col-33 elementor-top-column elementor-element elementor-element-8958ebd\" data-id=\"8958ebd\" data-element_type=\"column\" data-e-type=\"column\">\n\t\t\t<div class=\"elementor-widget-wrap elementor-element-populated\">\n\t\t\t\t\t\t<div class=\"elementor-element elementor-element-1a405aa elementor-widget elementor-widget-image\" data-id=\"1a405aa\" data-element_type=\"widget\" data-e-type=\"widget\" data-widget_type=\"image.default\">\n\t\t\t\t<div class=\"elementor-widget-container\">\n\t\t\t\t\t\t\t\t\t\t\t\t\t\t\t<img decoding=\"async\" src=\"https:\/\/www.infoqro.mx\/wp-content\/uploads\/2023\/12\/datos_personales-1.png\" title=\"datos_personales-1\" alt=\"datos_personales-1\" loading=\"lazy\" \/>\t\t\t\t\t\t\t\t\t\t\t\t\t\t\t<\/div>\n\t\t\t\t<\/div>\n\t\t\t\t\t<\/div>\n\t\t<\/div>\n\t\t\t\t<div class=\"elementor-column elementor-col-66 elementor-top-column elementor-element elementor-element-8185762\" data-id=\"8185762\" data-element_type=\"column\" data-e-type=\"column\">\n\t\t\t<div class=\"elementor-widget-wrap elementor-element-populated\">\n\t\t\t\t\t\t<div class=\"elementor-element elementor-element-0ef1072 elementor-widget__width-initial elementor-widget-mobile__width-initial elementor-widget elementor-widget-heading\" data-id=\"0ef1072\" data-element_type=\"widget\" data-e-type=\"widget\" data-widget_type=\"heading.default\">\n\t\t\t\t<div class=\"elementor-widget-container\">\n\t\t\t\t\t<h2 class=\"elementor-heading-title elementor-size-default\">Teme ya nthuts\u2019i y\u00e1 metise<\/h2>\t\t\t\t<\/div>\n\t\t\t\t<\/div>\n\t\t\t\t<div class=\"elementor-element elementor-element-2563d35 elementor-widget elementor-widget-text-editor\" data-id=\"2563d35\" data-element_type=\"widget\" data-e-type=\"widget\" data-widget_type=\"text-editor.default\">\n\t\t\t\t<div class=\"elementor-widget-container\">\n\t\t\t\t\t\t\t\t\t<p>Nuya ya nthuts\u2019i y\u00e1 m<u>e<\/u>tis<u>e<\/u> n\u2019a ar j\u00f6\u2019i ge nuya f<u>a<\/u>xte da f\u00f6di wa da thini. Jange gatho nuya h\u00f1\u00f6 y\u00e1 m<u>e<\/u>tis<u>e<\/u> n\u2019a ar j\u00f6\u2019i ne nuna japi hingi \u00f1h<u>e<\/u>hwi man\u2019a ha n\u2019a hnini njap\u2019<u>u<\/u> da f\u00f6di togo\u2019\u00f6.<\/p><p>\u00a0<\/p><p>nuya nthuts\u2019i y\u00e1 m<u>e<\/u>tis<u>e<\/u> n\u2019a ar j\u00f6\u2019i udi, jange en\u00f6 togogih<u>u<\/u>, teme nuya ma mf\u00f6dih<u>u<\/u> ne teme ts<u>a<\/u> ga <u>o<\/u>th<u>u,<\/u> teme di neh<u>u<\/u> ne di hwah\u00f1<u>u<\/u>, nuya ma m\u2019<u>e<\/u>ts\u2019ih<u>u<\/u>, hangu ma nth\u00f6h\u00f6h<u>u<\/u>, togo di ntsixwih<u>u<\/u>, tengu ma nzakih<u>u<\/u> ne ma\u2019ra tengu ma m\u2019<u>u<\/u>ih<u>u<\/u> nuya xa ma m<u>e<\/u>tis<u>e<\/u>h<u>u<\/u>, nuya h\u00f1\u00f6\u2019<u>u<\/u> udi togogih<u>u<\/u> ne tengugih<u>u<\/u> ge\u2019\u00f6 jaj<u>u<\/u> di n\u2019a\u00f1\u2019oh<u>u<\/u> ha ya hnin<u>u<\/u>.<\/p>\t\t\t\t\t\t\t\t<\/div>\n\t\t\t\t<\/div>\n\t\t\t\t<div class=\"elementor-element elementor-element-e474517 elementor-widget elementor-widget-image\" data-id=\"e474517\" data-element_type=\"widget\" data-e-type=\"widget\" data-widget_type=\"image.default\">\n\t\t\t\t<div class=\"elementor-widget-container\">\n\t\t\t\t\t\t\t\t\t\t\t\t\t\t\t<img fetchpriority=\"high\" decoding=\"async\" width=\"750\" height=\"423\" src=\"https:\/\/www.infoqro.mx\/wp-content\/uploads\/2024\/06\/OTOMI_AMEALCO_DATOS_PERSONALES-1024x577.png\" class=\"attachment-large size-large wp-image-18071\" alt=\"\" srcset=\"https:\/\/www.infoqro.mx\/wp-content\/uploads\/2024\/06\/OTOMI_AMEALCO_DATOS_PERSONALES-1024x577.png 1024w, https:\/\/www.infoqro.mx\/wp-content\/uploads\/2024\/06\/OTOMI_AMEALCO_DATOS_PERSONALES-300x169.png 300w, https:\/\/www.infoqro.mx\/wp-content\/uploads\/2024\/06\/OTOMI_AMEALCO_DATOS_PERSONALES-768x433.png 768w, https:\/\/www.infoqro.mx\/wp-content\/uploads\/2024\/06\/OTOMI_AMEALCO_DATOS_PERSONALES-1536x865.png 1536w, https:\/\/www.infoqro.mx\/wp-content\/uploads\/2024\/06\/OTOMI_AMEALCO_DATOS_PERSONALES-2048x1154.png 2048w, https:\/\/www.infoqro.mx\/wp-content\/uploads\/2024\/06\/OTOMI_AMEALCO_DATOS_PERSONALES-1568x883.png 1568w\" sizes=\"(max-width: 750px) 100vw, 750px\" style=\"width:100%;height:56.35%;max-width:3617px\" \/>\t\t\t\t\t\t\t\t\t\t\t\t\t\t\t<\/div>\n\t\t\t\t<\/div>\n\t\t\t\t<div class=\"elementor-element elementor-element-0413421 elementor-widget elementor-widget-text-editor\" data-id=\"0413421\" data-element_type=\"widget\" data-e-type=\"widget\" data-widget_type=\"text-editor.default\">\n\t\t\t\t<div class=\"elementor-widget-container\">\n\t\t\t\t\t\t\t\t\t<a href=\"https:\/\/www.infoqro.mx\/wp-content\/uploads\/2024\/06\/OTOMI_AMEALCO_DATOS_PERSONALES.pdf\" download=\"https:\/\/www.infoqro.mx\/wp-content\/uploads\/2024\/06\/OTOMI_AMEALCO_DATOS_PERSONALES.pdf\">Descargar imagen<\/a>\t\t\t\t\t\t\t\t<\/div>\n\t\t\t\t<\/div>\n\t\t\t\t<div class=\"elementor-element elementor-element-91dbc3d elementor-widget elementor-widget-heading\" data-id=\"91dbc3d\" data-element_type=\"widget\" data-e-type=\"widget\" data-widget_type=\"heading.default\">\n\t\t\t\t<div class=\"elementor-widget-container\">\n\t\t\t\t\t<h2 class=\"elementor-heading-title elementor-size-default\"><a href=\"https:\/\/www.infoqro.mx\/index.php\/ya-nepi-da-nwati-ya-nthutsi-ya-metise\/\">Ya \u2018\u00f1epi da nwati ya nthuts\u2019i ya metise<\/a><\/h2>\t\t\t\t<\/div>\n\t\t\t\t<\/div>\n\t\t\t\t<div class=\"elementor-element elementor-element-39b1038 elementor-widget elementor-widget-image\" data-id=\"39b1038\" data-element_type=\"widget\" data-e-type=\"widget\" data-widget_type=\"image.default\">\n\t\t\t\t<div class=\"elementor-widget-container\">\n\t\t\t\t\t\t\t\t\t\t\t\t\t\t\t<img decoding=\"async\" src=\"https:\/\/www.infoqro.mx\/wp-content\/uploads\/2024\/12\/inpi.png\" title=\"inpi\" alt=\"inpi\" loading=\"lazy\" \/>\t\t\t\t\t\t\t\t\t\t\t\t\t\t\t<\/div>\n\t\t\t\t<\/div>\n\t\t\t\t\t<\/div>\n\t\t<\/div>\n\t\t\t\t\t<\/div>\n\t\t<\/section>\n\t\t\t\t<section class=\"elementor-section elementor-top-section elementor-element elementor-element-e327606 elementor-section-boxed elementor-section-height-default elementor-section-height-default\" data-id=\"e327606\" data-element_type=\"section\" data-e-type=\"section\" data-settings=\"{&quot;scisco_shape_divider_top&quot;:&quot;none&quot;,&quot;scisco_shape_divider_bottom&quot;:&quot;none&quot;}\">\n\t\t\t\t\t\t<div class=\"elementor-container elementor-column-gap-default\">\n\t\t\t\t\t<div class=\"elementor-column elementor-col-100 elementor-top-column elementor-element elementor-element-9ca415c\" data-id=\"9ca415c\" data-element_type=\"column\" data-e-type=\"column\">\n\t\t\t<div class=\"elementor-widget-wrap\">\n\t\t\t\t\t\t\t<\/div>\n\t\t<\/div>\n\t\t\t\t\t<\/div>\n\t\t<\/section>\n\t\t\t\t<\/div>\n\t\t","protected":false},"excerpt":{"rendered":"<p>Inicio \u00a0\u00bb Nthuts\u2019i y\u00e1 metise\u00a0\u00bb Teme ya nthuts\u2019i y\u00e1 metise Teme ya nthuts\u2019i y\u00e1 metise Nuya ya nthuts\u2019i y\u00e1 metise n\u2019a ar j\u00f6\u2019i ge nuya faxte da f\u00f6di wa da thini. Jange gatho nuya h\u00f1\u00f6 y\u00e1 metise n\u2019a ar j\u00f6\u2019i ne nuna japi hingi \u00f1hehwi man\u2019a ha n\u2019a hnini njap\u2019u da f\u00f6di togo\u2019\u00f6. \u00a0 nuya&hellip; <a class=\"more-link\" href=\"https:\/\/www.infoqro.mx\/index.php\/teme-ya-nthutsi-ya-metise\/\">Seguir leyendo <span class=\"screen-reader-text\">Teme ya nthuts\u2019i y\u00e1 metise Amealco<\/span><\/a><\/p>\n","protected":false},"author":5,"featured_media":0,"parent":0,"menu_order":0,"comment_status":"closed","ping_status":"closed","template":"elementor_header_footer","meta":{"_monsterinsights_skip_tracking":false,"_monsterinsights_sitenote_active":false,"_monsterinsights_sitenote_note":"","_monsterinsights_sitenote_category":0,"footnotes":""},"coauthors":[],"class_list":["post-18056","page","type-page","status-publish","hentry","entry"],"_links":{"self":[{"href":"https:\/\/www.infoqro.mx\/index.php\/wp-json\/wp\/v2\/pages\/18056","targetHints":{"allow":["GET"]}}],"collection":[{"href":"https:\/\/www.infoqro.mx\/index.php\/wp-json\/wp\/v2\/pages"}],"about":[{"href":"https:\/\/www.infoqro.mx\/index.php\/wp-json\/wp\/v2\/types\/page"}],"author":[{"embeddable":true,"href":"https:\/\/www.infoqro.mx\/index.php\/wp-json\/wp\/v2\/users\/5"}],"replies":[{"embeddable":true,"href":"https:\/\/www.infoqro.mx\/index.php\/wp-json\/wp\/v2\/comments?post=18056"}],"version-history":[{"count":0,"href":"https:\/\/www.infoqro.mx\/index.php\/wp-json\/wp\/v2\/pages\/18056\/revisions"}],"wp:attachment":[{"href":"https:\/\/www.infoqro.mx\/index.php\/wp-json\/wp\/v2\/media?parent=18056"}],"wp:term":[{"taxonomy":"author","embeddable":true,"href":"https:\/\/www.infoqro.mx\/index.php\/wp-json\/wp\/v2\/coauthors?post=18056"}],"curies":[{"name":"wp","href":"https:\/\/api.w.org\/{rel}","templated":true}]}}