{"id":18081,"date":"2024-06-24T15:18:53","date_gmt":"2024-06-24T21:18:53","guid":{"rendered":"https:\/\/www.infoqro.mx\/?page_id=18081"},"modified":"2025-12-23T09:11:37","modified_gmt":"2025-12-23T15:11:37","slug":"ya-nepi-da-nwati-ya-nthutsi-ya-metise","status":"publish","type":"page","link":"https:\/\/www.infoqro.mx\/index.php\/ya-nepi-da-nwati-ya-nthutsi-ya-metise\/","title":{"rendered":"Ya \u2018\u00f1epi da nwati ya nthuts\u2019i ya metise Amealco"},"content":{"rendered":"\t\t<div data-elementor-type=\"wp-page\" data-elementor-id=\"18081\" class=\"elementor elementor-18081\" data-elementor-post-type=\"page\">\n\t\t\t\t\t\t<section class=\"elementor-section elementor-top-section elementor-element elementor-element-128147e elementor-section-boxed elementor-section-height-default elementor-section-height-default\" data-id=\"128147e\" data-element_type=\"section\" data-e-type=\"section\" data-settings=\"{&quot;scisco_shape_divider_top&quot;:&quot;none&quot;,&quot;scisco_shape_divider_bottom&quot;:&quot;none&quot;}\">\n\t\t\t\t\t\t<div class=\"elementor-container elementor-column-gap-default\">\n\t\t\t\t\t<div class=\"elementor-column elementor-col-100 elementor-top-column elementor-element elementor-element-9c8def8\" data-id=\"9c8def8\" data-element_type=\"column\" data-e-type=\"column\">\n\t\t\t<div class=\"elementor-widget-wrap elementor-element-populated\">\n\t\t\t\t<a class=\"eael-wrapper-link-d16262b --eael-wrapper-link-tag\" href=\"https:\/\/www.infoqro.mx\"><\/a>\t\t<div data-eael-wrapper-link=\"eael-wrapper-link-d16262b\" class=\"elementor-element elementor-element-d16262b elementor-widget__width-auto migas elementor-widget elementor-widget-text-editor\" data-id=\"d16262b\" data-element_type=\"widget\" data-e-type=\"widget\" data-widget_type=\"text-editor.default\">\n\t\t\t\t<div class=\"elementor-widget-container\">\n\t\t\t\t\t\t\t\t\t<p>Inicio<\/p>\t\t\t\t\t\t\t\t<\/div>\n\t\t\t\t<\/div>\n\t\t\t\t<div class=\"elementor-element elementor-element-8857e98 elementor-widget__width-auto migas elementor-widget elementor-widget-text-editor\" data-id=\"8857e98\" data-element_type=\"widget\" data-e-type=\"widget\" data-widget_type=\"text-editor.default\">\n\t\t\t\t<div class=\"elementor-widget-container\">\n\t\t\t\t\t\t\t\t\t<p style=\"text-align: right;\">\u00a0\u00bb Nthuts\u2019i y\u00e1 m<u>e<\/u>tis<u>e<\/u><span style=\"color: var( --e-global-color-primary ); text-decoration-color: initial;\">\u00a0\u00bb<\/span><span style=\"color: var( --e-global-color-primary ); font-weight: 800; text-decoration-color: initial;\"> Ya \u2018\u00f1epi da nwati ya nthuts\u2019i ya m<u>e<\/u>tis<u>e<\/u><br \/><\/span><\/p>\t\t\t\t\t\t\t\t<\/div>\n\t\t\t\t<\/div>\n\t\t\t\t\t<\/div>\n\t\t<\/div>\n\t\t\t\t\t<\/div>\n\t\t<\/section>\n\t\t\t\t<section class=\"elementor-section elementor-top-section elementor-element elementor-element-fb730c3 elementor-section-content-top elementor-section-boxed elementor-section-height-default elementor-section-height-default\" data-id=\"fb730c3\" data-element_type=\"section\" data-e-type=\"section\" data-settings=\"{&quot;scisco_shape_divider_top&quot;:&quot;none&quot;,&quot;scisco_shape_divider_bottom&quot;:&quot;none&quot;}\">\n\t\t\t\t\t\t<div class=\"elementor-container elementor-column-gap-extended\">\n\t\t\t\t\t<div class=\"elementor-column elementor-col-33 elementor-top-column elementor-element elementor-element-b1bfd44\" data-id=\"b1bfd44\" data-element_type=\"column\" data-e-type=\"column\">\n\t\t\t<div class=\"elementor-widget-wrap elementor-element-populated\">\n\t\t\t\t\t\t<div class=\"elementor-element elementor-element-92724db elementor-widget elementor-widget-image\" data-id=\"92724db\" data-element_type=\"widget\" data-e-type=\"widget\" data-widget_type=\"image.default\">\n\t\t\t\t<div class=\"elementor-widget-container\">\n\t\t\t\t\t\t\t\t\t\t\t\t\t\t\t<img decoding=\"async\" src=\"https:\/\/www.infoqro.mx\/wp-content\/uploads\/2023\/12\/proteccion_datos-1.png\" title=\"proteccion_datos-1\" alt=\"proteccion_datos-1\" loading=\"lazy\" \/>\t\t\t\t\t\t\t\t\t\t\t\t\t\t\t<\/div>\n\t\t\t\t<\/div>\n\t\t\t\t\t<\/div>\n\t\t<\/div>\n\t\t\t\t<div class=\"elementor-column elementor-col-66 elementor-top-column elementor-element elementor-element-bb215b3\" data-id=\"bb215b3\" data-element_type=\"column\" data-e-type=\"column\">\n\t\t\t<div class=\"elementor-widget-wrap elementor-element-populated\">\n\t\t\t\t\t\t<div class=\"elementor-element elementor-element-a7e08b1 elementor-widget__width-initial elementor-widget-mobile__width-initial elementor-widget elementor-widget-heading\" data-id=\"a7e08b1\" data-element_type=\"widget\" data-e-type=\"widget\" data-widget_type=\"heading.default\">\n\t\t\t\t<div class=\"elementor-widget-container\">\n\t\t\t\t\t<h2 class=\"elementor-heading-title elementor-size-default\">Ya \u2018\u00f1epi da nwati ya nthuts\u2019i ya metise<\/h2>\t\t\t\t<\/div>\n\t\t\t\t<\/div>\n\t\t\t\t<div class=\"elementor-element elementor-element-20060c7 elementor-widget elementor-widget-text-editor\" data-id=\"20060c7\" data-element_type=\"widget\" data-e-type=\"widget\" data-widget_type=\"text-editor.default\">\n\t\t\t\t<div class=\"elementor-widget-container\">\n\t\t\t\t\t\t\t\t\t<p>Ge \u00e1r \u2018\u00f1epi ge gatho ya j\u00f6\u2019i da b\u00f6di, da beni teme da m<u>e<\/u>fi ne da \u2018y<u>ee<\/u> hab<u>u<\/u> \u2018yo ne teme p<u>e<\/u>fi nuya nthuts\u2019i y\u00e1 m<u>e<\/u>tis<u>e<\/u> n\u2019a ar j\u00f6\u2019i, nu\u2019m<u>u<\/u> da nj<u>u<\/u> ne da \u2018\u00f1udi ma\u2019ra ya j\u00f6\u2019i, ya ngu\u2019b<u>e<\/u>fi wa ya ngu nd\u00f6 ne da japi da mp<u>e<\/u>fi ha ya \u00f1ho wa ya da nt\u00f6h\u00f6.<\/p><p>\u00a0<\/p><p>Njan<u>u<\/u> da da hwixa ya j\u00f6\u2019i ne da njapi ng une, hingi njap\u2019<u>u<\/u>, hingi numansu nuya nthuts\u2019i ya m<u>e<\/u>tis<u>e<\/u> ne di f\u00f6di:<\/p>\t\t\t\t\t\t\t\t<\/div>\n\t\t\t\t<\/div>\n\t\t\t\t<div class=\"elementor-element elementor-element-aa27b80 elementor-position-left elementor-position-left elementor-vertical-align-bottom elementor-vertical-align-top elementor-widget elementor-widget-image-box\" data-id=\"aa27b80\" data-element_type=\"widget\" data-e-type=\"widget\" data-widget_type=\"image-box.default\">\n\t\t\t\t<div class=\"elementor-widget-container\">\n\t\t\t\t\t<div class=\"elementor-image-box-wrapper\"><figure class=\"elementor-image-box-img\"><img fetchpriority=\"high\" decoding=\"async\" width=\"1649\" height=\"1629\" src=\"https:\/\/www.infoqro.mx\/wp-content\/uploads\/2023\/11\/vineta-1-2.png\" class=\"attachment-full size-full wp-image-5324\" alt=\"\" style=\"width:100%;height:98.79%;max-width:1649px\" srcset=\"https:\/\/www.infoqro.mx\/wp-content\/uploads\/2023\/11\/vineta-1-2.png 1649w, https:\/\/www.infoqro.mx\/wp-content\/uploads\/2023\/11\/vineta-1-2-300x296.png 300w, https:\/\/www.infoqro.mx\/wp-content\/uploads\/2023\/11\/vineta-1-2-1024x1012.png 1024w, https:\/\/www.infoqro.mx\/wp-content\/uploads\/2023\/11\/vineta-1-2-768x759.png 768w, https:\/\/www.infoqro.mx\/wp-content\/uploads\/2023\/11\/vineta-1-2-1536x1517.png 1536w, https:\/\/www.infoqro.mx\/wp-content\/uploads\/2023\/11\/vineta-1-2-1568x1549.png 1568w\" sizes=\"(max-width: 1649px) 100vw, 1649px\" \/><\/figure><div class=\"elementor-image-box-content\"><p class=\"elementor-image-box-description\">Nuya nt\u2019udi ya j\u00f6\u2019i honse danju pa ar \u00f1ho<\/p><\/div><\/div>\t\t\t\t<\/div>\n\t\t\t\t<\/div>\n\t\t\t\t<div class=\"elementor-element elementor-element-485713b elementor-position-left elementor-position-left elementor-vertical-align-bottom elementor-vertical-align-top elementor-widget elementor-widget-image-box\" data-id=\"485713b\" data-element_type=\"widget\" data-e-type=\"widget\" data-widget_type=\"image-box.default\">\n\t\t\t\t<div class=\"elementor-widget-container\">\n\t\t\t\t\t<div class=\"elementor-image-box-wrapper\"><figure class=\"elementor-image-box-img\"><img fetchpriority=\"high\" decoding=\"async\" width=\"1649\" height=\"1629\" src=\"https:\/\/www.infoqro.mx\/wp-content\/uploads\/2023\/11\/vineta-1-2.png\" class=\"attachment-full size-full wp-image-5324\" alt=\"\" style=\"width:100%;height:98.79%;max-width:1649px\" srcset=\"https:\/\/www.infoqro.mx\/wp-content\/uploads\/2023\/11\/vineta-1-2.png 1649w, https:\/\/www.infoqro.mx\/wp-content\/uploads\/2023\/11\/vineta-1-2-300x296.png 300w, https:\/\/www.infoqro.mx\/wp-content\/uploads\/2023\/11\/vineta-1-2-1024x1012.png 1024w, https:\/\/www.infoqro.mx\/wp-content\/uploads\/2023\/11\/vineta-1-2-768x759.png 768w, https:\/\/www.infoqro.mx\/wp-content\/uploads\/2023\/11\/vineta-1-2-1536x1517.png 1536w, https:\/\/www.infoqro.mx\/wp-content\/uploads\/2023\/11\/vineta-1-2-1568x1549.png 1568w\" sizes=\"(max-width: 1649px) 100vw, 1649px\" \/><\/figure><div class=\"elementor-image-box-content\"><p class=\"elementor-image-box-description\">Da nhumansu ya nthuts\u2019i y\u00e1 metise nuya togo da guu<\/p><\/div><\/div>\t\t\t\t<\/div>\n\t\t\t\t<\/div>\n\t\t\t\t<div class=\"elementor-element elementor-element-fb887a2 elementor-position-left elementor-position-left elementor-vertical-align-top elementor-vertical-align-top elementor-widget elementor-widget-image-box\" data-id=\"fb887a2\" data-element_type=\"widget\" data-e-type=\"widget\" data-widget_type=\"image-box.default\">\n\t\t\t\t<div class=\"elementor-widget-container\">\n\t\t\t\t\t<div class=\"elementor-image-box-wrapper\"><figure class=\"elementor-image-box-img\"><img fetchpriority=\"high\" decoding=\"async\" width=\"1649\" height=\"1629\" src=\"https:\/\/www.infoqro.mx\/wp-content\/uploads\/2023\/11\/vineta-1-2.png\" class=\"attachment-full size-full wp-image-5324\" alt=\"\" style=\"width:100%;height:98.79%;max-width:1649px\" srcset=\"https:\/\/www.infoqro.mx\/wp-content\/uploads\/2023\/11\/vineta-1-2.png 1649w, https:\/\/www.infoqro.mx\/wp-content\/uploads\/2023\/11\/vineta-1-2-300x296.png 300w, https:\/\/www.infoqro.mx\/wp-content\/uploads\/2023\/11\/vineta-1-2-1024x1012.png 1024w, https:\/\/www.infoqro.mx\/wp-content\/uploads\/2023\/11\/vineta-1-2-768x759.png 768w, https:\/\/www.infoqro.mx\/wp-content\/uploads\/2023\/11\/vineta-1-2-1536x1517.png 1536w, https:\/\/www.infoqro.mx\/wp-content\/uploads\/2023\/11\/vineta-1-2-1568x1549.png 1568w\" sizes=\"(max-width: 1649px) 100vw, 1649px\" \/><\/figure><div class=\"elementor-image-box-content\"><p class=\"elementor-image-box-description\">Ar ts\u2019edi pe\u2019sa ya j\u00f6\u2019i da su nuy\u00e1 nthuts\u2019ise<\/p><\/div><\/div>\t\t\t\t<\/div>\n\t\t\t\t<\/div>\n\t\t\t\t<div class=\"elementor-element elementor-element-f75f04e elementor-widget elementor-widget-text-editor\" data-id=\"f75f04e\" data-element_type=\"widget\" data-e-type=\"widget\" data-widget_type=\"text-editor.default\">\n\t\t\t\t<div class=\"elementor-widget-container\">\n\t\t\t\t\t\t\t\t\t<p><u>J<\/u>ange ar nsu y\u00e1 nthuts\u2019i y\u00e1 m<u>e<\/u>tis<u>e<\/u> ya j\u00f6\u2019i bi ehe ha ar h<u>e<\/u>\u2019minsu ya me M\u2019onda ha ar x<u>e<\/u>ni 16 ne ha ar h<u>a<\/u>i M\u2019onda ja ma\u2019ra ya nkohi f<u>a<\/u>xte ha nuna ar h\u00f1\u00f6n<u>u<\/u>. Ha ar h<u>a<\/u>i Maxei ja n\u2019a ar nkohi ne ar Infoqro ge ar ngund\u00f6 handi handi da t\u2019<u>o<\/u>t\u2019e xi\u00f1ho ne da njapa masu nuy\u00e1 nthuts\u2019i ya j\u00f6\u2019i, ha ya nt\u2019<u>a<\/u> mf<u>a<\/u>ts\u2019i ne gatho nuya \u00f1ho umbabi ya me hnini.<\/p>\t\t\t\t\t\t\t\t<\/div>\n\t\t\t\t<\/div>\n\t\t\t\t<div class=\"elementor-element elementor-element-f7d9855 elementor-widget elementor-widget-image\" data-id=\"f7d9855\" data-element_type=\"widget\" data-e-type=\"widget\" data-widget_type=\"image.default\">\n\t\t\t\t<div class=\"elementor-widget-container\">\n\t\t\t\t\t\t\t\t\t\t\t\t\t\t\t<img decoding=\"async\" width=\"3613\" height=\"1867\" src=\"https:\/\/www.infoqro.mx\/wp-content\/uploads\/2024\/06\/OTOMI_AMEALCO_PROTECCION_DATOS_PERSONALES.png\" class=\"attachment-full size-full wp-image-18095\" alt=\"\" srcset=\"https:\/\/www.infoqro.mx\/wp-content\/uploads\/2024\/06\/OTOMI_AMEALCO_PROTECCION_DATOS_PERSONALES.png 3613w, https:\/\/www.infoqro.mx\/wp-content\/uploads\/2024\/06\/OTOMI_AMEALCO_PROTECCION_DATOS_PERSONALES-300x155.png 300w, https:\/\/www.infoqro.mx\/wp-content\/uploads\/2024\/06\/OTOMI_AMEALCO_PROTECCION_DATOS_PERSONALES-1024x529.png 1024w, https:\/\/www.infoqro.mx\/wp-content\/uploads\/2024\/06\/OTOMI_AMEALCO_PROTECCION_DATOS_PERSONALES-768x397.png 768w, https:\/\/www.infoqro.mx\/wp-content\/uploads\/2024\/06\/OTOMI_AMEALCO_PROTECCION_DATOS_PERSONALES-1536x794.png 1536w, https:\/\/www.infoqro.mx\/wp-content\/uploads\/2024\/06\/OTOMI_AMEALCO_PROTECCION_DATOS_PERSONALES-2048x1058.png 2048w, https:\/\/www.infoqro.mx\/wp-content\/uploads\/2024\/06\/OTOMI_AMEALCO_PROTECCION_DATOS_PERSONALES-1568x810.png 1568w\" sizes=\"(max-width: 3613px) 100vw, 3613px\" style=\"width:100%;height:51.67%;max-width:3613px\" \/>\t\t\t\t\t\t\t\t\t\t\t\t\t\t\t<\/div>\n\t\t\t\t<\/div>\n\t\t\t\t<div class=\"elementor-element elementor-element-75a5353 elementor-widget elementor-widget-text-editor\" data-id=\"75a5353\" data-element_type=\"widget\" data-e-type=\"widget\" data-widget_type=\"text-editor.default\">\n\t\t\t\t<div class=\"elementor-widget-container\">\n\t\t\t\t\t\t\t\t\t<a href=\"https:\/\/www.infoqro.mx\/wp-content\/uploads\/2024\/06\/OTOMI_AMEALCO_PROTECCION_DATOS_PERSONALES.pdf\" download=\"https:\/\/www.infoqro.mx\/wp-content\/uploads\/2024\/06\/OTOMI_AMEALCO_PROTECCION_DATOS_PERSONALES.pdf\">Descargar imagen<\/a>\t\t\t\t\t\t\t\t<\/div>\n\t\t\t\t<\/div>\n\t\t\t\t<div class=\"elementor-element elementor-element-81e20ca elementor-widget elementor-widget-heading\" data-id=\"81e20ca\" data-element_type=\"widget\" data-e-type=\"widget\" data-widget_type=\"heading.default\">\n\t\t\t\t<div class=\"elementor-widget-container\">\n\t\t\t\t\t<h2 class=\"elementor-heading-title elementor-size-default\"><a href=\"https:\/\/www.infoqro.mx\/index.php\/ya-nepi-ar-arcop\/\">Ya \u2018\u00f1epi ar ARCOP<\/a><\/h2>\t\t\t\t<\/div>\n\t\t\t\t<\/div>\n\t\t\t\t<div class=\"elementor-element elementor-element-352ade4 elementor-widget elementor-widget-image\" data-id=\"352ade4\" data-element_type=\"widget\" data-e-type=\"widget\" data-widget_type=\"image.default\">\n\t\t\t\t<div class=\"elementor-widget-container\">\n\t\t\t\t\t\t\t\t\t\t\t\t\t\t\t<img decoding=\"async\" src=\"https:\/\/www.infoqro.mx\/wp-content\/uploads\/2024\/12\/inpi.png\" title=\"inpi\" alt=\"inpi\" loading=\"lazy\" \/>\t\t\t\t\t\t\t\t\t\t\t\t\t\t\t<\/div>\n\t\t\t\t<\/div>\n\t\t\t\t\t<\/div>\n\t\t<\/div>\n\t\t\t\t\t<\/div>\n\t\t<\/section>\n\t\t\t\t<section class=\"elementor-section elementor-top-section elementor-element elementor-element-ea3ede5 elementor-section-boxed elementor-section-height-default elementor-section-height-default\" data-id=\"ea3ede5\" data-element_type=\"section\" data-e-type=\"section\" data-settings=\"{&quot;scisco_shape_divider_top&quot;:&quot;none&quot;,&quot;scisco_shape_divider_bottom&quot;:&quot;none&quot;}\">\n\t\t\t\t\t\t<div class=\"elementor-container elementor-column-gap-default\">\n\t\t\t\t\t<div class=\"elementor-column elementor-col-100 elementor-top-column elementor-element elementor-element-1191a65\" data-id=\"1191a65\" data-element_type=\"column\" data-e-type=\"column\">\n\t\t\t<div class=\"elementor-widget-wrap elementor-element-populated\">\n\t\t\t\t\t\t<div class=\"elementor-element elementor-element-f2eec38 elementor-widget__width-initial elementor-fixed elementor-hidden-desktop elementor-hidden-tablet elementor-hidden-mobile elementor-widget elementor-widget-image\" data-id=\"f2eec38\" data-element_type=\"widget\" data-e-type=\"widget\" data-settings=\"{&quot;_position&quot;:&quot;fixed&quot;}\" data-widget_type=\"image.default\">\n\t\t\t\t<div class=\"elementor-widget-container\">\n\t\t\t\t\t\t\t\t\t\t\t\t\t\t\t\t<a href=\"https:\/\/www.infoqro.mx\/index.php\/teme-ar-infoqro\/\">\n\t\t\t\t\t\t\t<img decoding=\"async\" width=\"750\" height=\"476\" src=\"https:\/\/www.infoqro.mx\/wp-content\/uploads\/2024\/07\/boton_otomi_drop.png\" class=\"attachment-large size-large wp-image-18554\" alt=\"\" srcset=\"https:\/\/www.infoqro.mx\/wp-content\/uploads\/2024\/07\/boton_otomi_drop.png 974w, https:\/\/www.infoqro.mx\/wp-content\/uploads\/2024\/07\/boton_otomi_drop-300x190.png 300w, https:\/\/www.infoqro.mx\/wp-content\/uploads\/2024\/07\/boton_otomi_drop-768x487.png 768w\" sizes=\"(max-width: 750px) 100vw, 750px\" style=\"width:100%;height:63.45%;max-width:974px\" \/>\t\t\t\t\t\t\t\t<\/a>\n\t\t\t\t\t\t\t\t\t\t\t\t\t\t\t<\/div>\n\t\t\t\t<\/div>\n\t\t\t\t\t<\/div>\n\t\t<\/div>\n\t\t\t\t\t<\/div>\n\t\t<\/section>\n\t\t\t\t<\/div>\n\t\t","protected":false},"excerpt":{"rendered":"<p>Inicio \u00a0\u00bb Nthuts\u2019i y\u00e1 metise\u00a0\u00bb Ya \u2018\u00f1epi da nwati ya nthuts\u2019i ya metise Ya \u2018\u00f1epi da nwati ya nthuts\u2019i ya metise Ge \u00e1r \u2018\u00f1epi ge gatho ya j\u00f6\u2019i da b\u00f6di, da beni teme da mefi ne da \u2018yee habu \u2018yo ne teme pefi nuya nthuts\u2019i y\u00e1 metise n\u2019a ar j\u00f6\u2019i, nu\u2019mu da nju ne da&hellip; <a class=\"more-link\" href=\"https:\/\/www.infoqro.mx\/index.php\/ya-nepi-da-nwati-ya-nthutsi-ya-metise\/\">Seguir leyendo <span class=\"screen-reader-text\">Ya \u2018\u00f1epi da nwati ya nthuts\u2019i ya metise Amealco<\/span><\/a><\/p>\n","protected":false},"author":5,"featured_media":0,"parent":0,"menu_order":0,"comment_status":"closed","ping_status":"closed","template":"elementor_header_footer","meta":{"_monsterinsights_skip_tracking":false,"_monsterinsights_sitenote_active":false,"_monsterinsights_sitenote_note":"","_monsterinsights_sitenote_category":0,"footnotes":""},"coauthors":[],"class_list":["post-18081","page","type-page","status-publish","hentry","entry"],"_links":{"self":[{"href":"https:\/\/www.infoqro.mx\/index.php\/wp-json\/wp\/v2\/pages\/18081","targetHints":{"allow":["GET"]}}],"collection":[{"href":"https:\/\/www.infoqro.mx\/index.php\/wp-json\/wp\/v2\/pages"}],"about":[{"href":"https:\/\/www.infoqro.mx\/index.php\/wp-json\/wp\/v2\/types\/page"}],"author":[{"embeddable":true,"href":"https:\/\/www.infoqro.mx\/index.php\/wp-json\/wp\/v2\/users\/5"}],"replies":[{"embeddable":true,"href":"https:\/\/www.infoqro.mx\/index.php\/wp-json\/wp\/v2\/comments?post=18081"}],"version-history":[{"count":0,"href":"https:\/\/www.infoqro.mx\/index.php\/wp-json\/wp\/v2\/pages\/18081\/revisions"}],"wp:attachment":[{"href":"https:\/\/www.infoqro.mx\/index.php\/wp-json\/wp\/v2\/media?parent=18081"}],"wp:term":[{"taxonomy":"author","embeddable":true,"href":"https:\/\/www.infoqro.mx\/index.php\/wp-json\/wp\/v2\/coauthors?post=18081"}],"curies":[{"name":"wp","href":"https:\/\/api.w.org\/{rel}","templated":true}]}}