{"id":18128,"date":"2024-06-25T08:43:50","date_gmt":"2024-06-25T14:43:50","guid":{"rendered":"https:\/\/www.infoqro.mx\/?page_id=18128"},"modified":"2025-12-23T09:12:13","modified_gmt":"2025-12-23T15:12:13","slug":"ya-nepi-ar-arcop","status":"publish","type":"page","link":"https:\/\/www.infoqro.mx\/index.php\/ya-nepi-ar-arcop\/","title":{"rendered":"Ya \u2018\u00f1epi ar ARCOP Amealco"},"content":{"rendered":"\t\t<div data-elementor-type=\"wp-page\" data-elementor-id=\"18128\" class=\"elementor elementor-18128\" data-elementor-post-type=\"page\">\n\t\t\t\t\t\t<section class=\"elementor-section elementor-top-section elementor-element elementor-element-1d79774 elementor-section-boxed elementor-section-height-default elementor-section-height-default\" data-id=\"1d79774\" data-element_type=\"section\" data-e-type=\"section\" data-settings=\"{&quot;scisco_shape_divider_top&quot;:&quot;none&quot;,&quot;scisco_shape_divider_bottom&quot;:&quot;none&quot;}\">\n\t\t\t\t\t\t<div class=\"elementor-container elementor-column-gap-default\">\n\t\t\t\t\t<div class=\"elementor-column elementor-col-100 elementor-top-column elementor-element elementor-element-dcdf884\" data-id=\"dcdf884\" data-element_type=\"column\" data-e-type=\"column\">\n\t\t\t<div class=\"elementor-widget-wrap elementor-element-populated\">\n\t\t\t\t<a class=\"eael-wrapper-link-bd15a0f --eael-wrapper-link-tag\" href=\"https:\/\/www.infoqro.mx\"><\/a>\t\t<div data-eael-wrapper-link=\"eael-wrapper-link-bd15a0f\" class=\"elementor-element elementor-element-bd15a0f elementor-widget__width-auto migas elementor-widget elementor-widget-text-editor\" data-id=\"bd15a0f\" data-element_type=\"widget\" data-e-type=\"widget\" data-widget_type=\"text-editor.default\">\n\t\t\t\t<div class=\"elementor-widget-container\">\n\t\t\t\t\t\t\t\t\t<p>Inicio<\/p>\t\t\t\t\t\t\t\t<\/div>\n\t\t\t\t<\/div>\n\t\t\t\t<div class=\"elementor-element elementor-element-b032f7a elementor-widget__width-auto migas elementor-widget elementor-widget-text-editor\" data-id=\"b032f7a\" data-element_type=\"widget\" data-e-type=\"widget\" data-widget_type=\"text-editor.default\">\n\t\t\t\t<div class=\"elementor-widget-container\">\n\t\t\t\t\t\t\t\t\t<p style=\"text-align: right;\">\u00a0\u00bb Nthuts\u2019i y\u00e1 m<u>e<\/u>tis<u>e<\/u><span style=\"color: var( --e-global-color-primary ); text-decoration-color: initial;\">\u00a0\u00bb<\/span><span style=\"color: var( --e-global-color-primary ); font-weight: 800; text-decoration-color: initial;\"> Ya \u2018\u00f1epi ar ARCOP<br \/><\/span><\/p>\t\t\t\t\t\t\t\t<\/div>\n\t\t\t\t<\/div>\n\t\t\t\t\t<\/div>\n\t\t<\/div>\n\t\t\t\t\t<\/div>\n\t\t<\/section>\n\t\t\t\t<section class=\"elementor-section elementor-top-section elementor-element elementor-element-550fe74 elementor-section-content-top elementor-section-boxed elementor-section-height-default elementor-section-height-default\" data-id=\"550fe74\" data-element_type=\"section\" data-e-type=\"section\" data-settings=\"{&quot;scisco_shape_divider_top&quot;:&quot;none&quot;,&quot;scisco_shape_divider_bottom&quot;:&quot;none&quot;}\">\n\t\t\t\t\t\t<div class=\"elementor-container elementor-column-gap-extended\">\n\t\t\t\t\t<div class=\"elementor-column elementor-col-33 elementor-top-column elementor-element elementor-element-005da02\" data-id=\"005da02\" data-element_type=\"column\" data-e-type=\"column\">\n\t\t\t<div class=\"elementor-widget-wrap elementor-element-populated\">\n\t\t\t\t\t\t<div class=\"elementor-element elementor-element-045dcea elementor-widget elementor-widget-image\" data-id=\"045dcea\" data-element_type=\"widget\" data-e-type=\"widget\" data-widget_type=\"image.default\">\n\t\t\t\t<div class=\"elementor-widget-container\">\n\t\t\t\t\t\t\t\t\t\t\t\t\t\t\t<img decoding=\"async\" src=\"https:\/\/www.infoqro.mx\/wp-content\/uploads\/2023\/12\/arcop-1.png\" title=\"arcop-1\" alt=\"arcop-1\" loading=\"lazy\" \/>\t\t\t\t\t\t\t\t\t\t\t\t\t\t\t<\/div>\n\t\t\t\t<\/div>\n\t\t\t\t\t<\/div>\n\t\t<\/div>\n\t\t\t\t<div class=\"elementor-column elementor-col-66 elementor-top-column elementor-element elementor-element-98533f3\" data-id=\"98533f3\" data-element_type=\"column\" data-e-type=\"column\">\n\t\t\t<div class=\"elementor-widget-wrap elementor-element-populated\">\n\t\t\t\t\t\t<div class=\"elementor-element elementor-element-a0bc867 elementor-widget__width-initial elementor-widget-mobile__width-initial elementor-widget elementor-widget-heading\" data-id=\"a0bc867\" data-element_type=\"widget\" data-e-type=\"widget\" data-widget_type=\"heading.default\">\n\t\t\t\t<div class=\"elementor-widget-container\">\n\t\t\t\t\t<h2 class=\"elementor-heading-title elementor-size-default\">Ya \u2018\u00f1epi ar ARCOP<\/h2>\t\t\t\t<\/div>\n\t\t\t\t<\/div>\n\t\t\t\t<div class=\"elementor-element elementor-element-4f5455f elementor-widget elementor-widget-text-editor\" data-id=\"4f5455f\" data-element_type=\"widget\" data-e-type=\"widget\" data-widget_type=\"text-editor.default\">\n\t\t\t\t<div class=\"elementor-widget-container\">\n\t\t\t\t\t\t\t\t\t<p>Nuna ar h\u00f1\u00f6 \u201cARCOP\u201d ge n\u2019a ar mhunts\u2019a h\u00f1\u00f6 ne da \u2018\u00f1en\u00f6, da y<u>u<\/u>t\u2019i, da nuu xi\u00f1ho, da hwati, da d<u>o<\/u>ts\u2019e ne di h\u00f6 jange ge k<u>u<\/u>t\u2019a ya \u2018\u00f1epi th<u>e<\/u> ya j\u00f6\u2019i ngetho ge n\u2019a ar j\u00f6\u2019i, da nsupabi y\u00e1 thuuhu ne y\u00e1 nthuxthuhu n exa ja \u00e1r nsu ngetho xka j<u>u<\/u>h<u>u<\/u> da tsa ga tsix<u>u <\/u>\u00a0ne ga <u>e<\/u>\u00f1h<u>u<\/u> ha y\u00e1 \u2018y<u>e<\/u> ya d\u00f6ta ngu \u2018b<u>e<\/u>fi y\u00e1 m<u>e<\/u>ti n\u00e1 ar j\u00f6\u2019i wa ya mhunts\u2019i wa ya ngu d\u00f6 go xi g<u>uu<\/u>.<\/p><p>\u00a0<\/p><p>Ar \u00f1<u>u<\/u>t\u2019i: da ts<u>a<\/u> gi \u2018y<u>a<\/u>di ar s<u>e<\/u>ki gi k<u>u<\/u>t\u2019i hab<u>u<\/u> xi nwati nuya ri nthuts\u2019i ri m<u>e<\/u>tis<u>e<\/u> k<u>u<\/u> ha ya nwata \u00f1ot\u2019i, mhunts\u2019a nwati, ya nthuts\u2019i go p<u>e<\/u>\u2019sa ya ngu nd\u00f6, kwati wa go j<u>u<\/u> p<u>e<\/u>pi.<\/p><p>\u00a0<\/p><p>Da nuu xi\u00f1ho: da ts<u>a<\/u> gi \u2018y<u>a<\/u>pabi nuya togo th<u>ee<\/u> nuya ri nthuxathuhu, da mengi da hyoki \u2018b<u>u<\/u> da nhu ge hingi njap\u2019<u>u<\/u> .<\/p><p>\u00a0<\/p><p>Da h\u00f1\u00f6ki: da ts<u>a<\/u> gi \u2018y<u>a<\/u>di ge nuya nthuts\u2019i ri m<u>e<\/u>tis<u>e<\/u> huxa ha ya mhunts\u2019a nt\u2019ot\u2019i, ha ya nthuts\u2019i, ha ya nwata h<u>e<\/u>\u2019mi wa ha ya nwata mfeni ar ngu nd\u00f6 p<u>e<\/u>ts\u2019i wa go h\u00f6.<\/p><p>\u00a0<\/p><p>Ar nt<u>o<\/u>ts\u2019e: da ts<u>a<\/u> gi \u2018y<u>a<\/u>di ge nuya ri nthuxathuuhu ri m<u>e<\/u>tis<u>e<\/u> hinda nj<u>u<\/u> ha \u2018ra ya nt\u2019<u>o<\/u>te, wa nu\u2019m<u>u<\/u> mahyoni h<u>o<\/u>ns<u>e<\/u> da nj<u>u<\/u> nuna ar pa\u2019\u00f6 ne da th\u00f6ki pa hinda ts\u2019ok\u2019a\u2019i.<\/p><p>\u00a0<\/p><p>Ar nth<u>e<\/u>: da ts<u>a<\/u>gi \u2018y<u>a<\/u>pabi nuna ar ngund\u00f6 da \u2018ra\u2019a\u2019i n\u2019a k\u2019o\u2019i nuya nthuts\u2019i ri m<u>e<\/u>tis<u>e<\/u> go th<u>e<\/u>\u2019<u>u<\/u> ha n\u2019a x<u>e<\/u>ni \u00f1\u00f6t\u2019i gatho di p\u00f6di ne njap\u2019<u>u<\/u> da ts<u>a<\/u> gi j<u>uu<\/u>.<\/p><p>\u00a0<\/p><p>Nuna ar \u2018\u00f1epi da ts<u>a<\/u> gi p<u>e<\/u>\u2019s<u>u<\/u> gi \u2018yotwabi n\u2019a ar nt\u2019<u>a<\/u>diar ngund\u00f6 di th<u>ee<\/u>, kwati wa j<u>u<\/u> ya nthuts\u2019i.<\/p>\t\t\t\t\t\t\t\t<\/div>\n\t\t\t\t<\/div>\n\t\t\t\t<div class=\"elementor-element elementor-element-69519e7 elementor-widget elementor-widget-image\" data-id=\"69519e7\" data-element_type=\"widget\" data-e-type=\"widget\" data-widget_type=\"image.default\">\n\t\t\t\t<div class=\"elementor-widget-container\">\n\t\t\t\t\t\t\t\t\t\t\t\t\t\t\t<img fetchpriority=\"high\" decoding=\"async\" width=\"750\" height=\"376\" src=\"https:\/\/www.infoqro.mx\/wp-content\/uploads\/2024\/06\/OTOMI_AMEALCO_SOLICITUD_DERECHOS_ARCOP-1024x514.png\" class=\"attachment-large size-large wp-image-18145\" alt=\"\" srcset=\"https:\/\/www.infoqro.mx\/wp-content\/uploads\/2024\/06\/OTOMI_AMEALCO_SOLICITUD_DERECHOS_ARCOP-1024x514.png 1024w, https:\/\/www.infoqro.mx\/wp-content\/uploads\/2024\/06\/OTOMI_AMEALCO_SOLICITUD_DERECHOS_ARCOP-300x151.png 300w, https:\/\/www.infoqro.mx\/wp-content\/uploads\/2024\/06\/OTOMI_AMEALCO_SOLICITUD_DERECHOS_ARCOP-768x385.png 768w, https:\/\/www.infoqro.mx\/wp-content\/uploads\/2024\/06\/OTOMI_AMEALCO_SOLICITUD_DERECHOS_ARCOP-1536x771.png 1536w, https:\/\/www.infoqro.mx\/wp-content\/uploads\/2024\/06\/OTOMI_AMEALCO_SOLICITUD_DERECHOS_ARCOP-2048x1028.png 2048w, https:\/\/www.infoqro.mx\/wp-content\/uploads\/2024\/06\/OTOMI_AMEALCO_SOLICITUD_DERECHOS_ARCOP-1568x787.png 1568w\" sizes=\"(max-width: 750px) 100vw, 750px\" style=\"width:100%;height:50.17%;max-width:3755px\" \/>\t\t\t\t\t\t\t\t\t\t\t\t\t\t\t<\/div>\n\t\t\t\t<\/div>\n\t\t\t\t<div class=\"elementor-element elementor-element-e125218 elementor-widget elementor-widget-text-editor\" data-id=\"e125218\" data-element_type=\"widget\" data-e-type=\"widget\" data-widget_type=\"text-editor.default\">\n\t\t\t\t<div class=\"elementor-widget-container\">\n\t\t\t\t\t\t\t\t\t<a href=\"https:\/\/www.infoqro.mx\/wp-content\/uploads\/2024\/06\/OTOMI_AMEALCO_SOLICITUD_DERECHOS_ARCOP.pdf\" download=\"https:\/\/www.infoqro.mx\/wp-content\/uploads\/2024\/06\/OTOMI_AMEALCO_SOLICITUD_DERECHOS_ARCOP.pdf\">Descargar imagen<\/a>\t\t\t\t\t\t\t\t<\/div>\n\t\t\t\t<\/div>\n\t\t\t\t<div class=\"elementor-element elementor-element-2877d28 elementor-widget elementor-widget-heading\" data-id=\"2877d28\" data-element_type=\"widget\" data-e-type=\"widget\" data-widget_type=\"heading.default\">\n\t\t\t\t<div class=\"elementor-widget-container\">\n\t\t\t\t\t<h2 class=\"elementor-heading-title elementor-size-default\"><a href=\"https:\/\/www.infoqro.mx\/index.php\/ar-mho-hinto-da-hyandi\/\">Ar mh\u00f6 hinto da hyandi<\/a><\/h2>\t\t\t\t<\/div>\n\t\t\t\t<\/div>\n\t\t\t\t<div class=\"elementor-element elementor-element-e1d9879 elementor-widget elementor-widget-image\" data-id=\"e1d9879\" data-element_type=\"widget\" data-e-type=\"widget\" data-widget_type=\"image.default\">\n\t\t\t\t<div class=\"elementor-widget-container\">\n\t\t\t\t\t\t\t\t\t\t\t\t\t\t\t<img decoding=\"async\" src=\"https:\/\/www.infoqro.mx\/wp-content\/uploads\/2024\/12\/inpi.png\" title=\"inpi\" alt=\"inpi\" loading=\"lazy\" \/>\t\t\t\t\t\t\t\t\t\t\t\t\t\t\t<\/div>\n\t\t\t\t<\/div>\n\t\t\t\t\t<\/div>\n\t\t<\/div>\n\t\t\t\t\t<\/div>\n\t\t<\/section>\n\t\t\t\t<section class=\"elementor-section elementor-top-section elementor-element elementor-element-0f2e11b elementor-section-boxed elementor-section-height-default elementor-section-height-default\" data-id=\"0f2e11b\" data-element_type=\"section\" data-e-type=\"section\" data-settings=\"{&quot;scisco_shape_divider_top&quot;:&quot;none&quot;,&quot;scisco_shape_divider_bottom&quot;:&quot;none&quot;}\">\n\t\t\t\t\t\t<div class=\"elementor-container elementor-column-gap-default\">\n\t\t\t\t\t<div class=\"elementor-column elementor-col-100 elementor-top-column elementor-element elementor-element-700664b\" data-id=\"700664b\" data-element_type=\"column\" data-e-type=\"column\">\n\t\t\t<div class=\"elementor-widget-wrap elementor-element-populated\">\n\t\t\t\t\t\t<div class=\"elementor-element elementor-element-c8c0e77 elementor-widget__width-initial elementor-fixed elementor-hidden-desktop elementor-hidden-tablet elementor-hidden-mobile elementor-widget elementor-widget-image\" data-id=\"c8c0e77\" data-element_type=\"widget\" data-e-type=\"widget\" data-settings=\"{&quot;_position&quot;:&quot;fixed&quot;}\" data-widget_type=\"image.default\">\n\t\t\t\t<div class=\"elementor-widget-container\">\n\t\t\t\t\t\t\t\t\t\t\t\t\t\t\t\t<a href=\"https:\/\/www.infoqro.mx\/index.php\/teme-ar-infoqro\/\">\n\t\t\t\t\t\t\t<img decoding=\"async\" width=\"750\" height=\"476\" src=\"https:\/\/www.infoqro.mx\/wp-content\/uploads\/2024\/07\/boton_otomi_drop.png\" class=\"attachment-large size-large wp-image-18554\" alt=\"\" srcset=\"https:\/\/www.infoqro.mx\/wp-content\/uploads\/2024\/07\/boton_otomi_drop.png 974w, https:\/\/www.infoqro.mx\/wp-content\/uploads\/2024\/07\/boton_otomi_drop-300x190.png 300w, https:\/\/www.infoqro.mx\/wp-content\/uploads\/2024\/07\/boton_otomi_drop-768x487.png 768w\" sizes=\"(max-width: 750px) 100vw, 750px\" style=\"width:100%;height:63.45%;max-width:974px\" \/>\t\t\t\t\t\t\t\t<\/a>\n\t\t\t\t\t\t\t\t\t\t\t\t\t\t\t<\/div>\n\t\t\t\t<\/div>\n\t\t\t\t\t<\/div>\n\t\t<\/div>\n\t\t\t\t\t<\/div>\n\t\t<\/section>\n\t\t\t\t<\/div>\n\t\t","protected":false},"excerpt":{"rendered":"<p>Inicio \u00a0\u00bb Nthuts\u2019i y\u00e1 metise\u00a0\u00bb Ya \u2018\u00f1epi ar ARCOP Ya \u2018\u00f1epi ar ARCOP Nuna ar h\u00f1\u00f6 \u201cARCOP\u201d ge n\u2019a ar mhunts\u2019a h\u00f1\u00f6 ne da \u2018\u00f1en\u00f6, da yut\u2019i, da nuu xi\u00f1ho, da hwati, da dots\u2019e ne di h\u00f6 jange ge kut\u2019a ya \u2018\u00f1epi the ya j\u00f6\u2019i ngetho ge n\u2019a ar j\u00f6\u2019i, da nsupabi y\u00e1 thuuhu ne&hellip; <a class=\"more-link\" href=\"https:\/\/www.infoqro.mx\/index.php\/ya-nepi-ar-arcop\/\">Seguir leyendo <span class=\"screen-reader-text\">Ya \u2018\u00f1epi ar ARCOP Amealco<\/span><\/a><\/p>\n","protected":false},"author":5,"featured_media":0,"parent":0,"menu_order":0,"comment_status":"closed","ping_status":"closed","template":"elementor_header_footer","meta":{"_monsterinsights_skip_tracking":false,"_monsterinsights_sitenote_active":false,"_monsterinsights_sitenote_note":"","_monsterinsights_sitenote_category":0,"footnotes":""},"coauthors":[],"class_list":["post-18128","page","type-page","status-publish","hentry","entry"],"_links":{"self":[{"href":"https:\/\/www.infoqro.mx\/index.php\/wp-json\/wp\/v2\/pages\/18128","targetHints":{"allow":["GET"]}}],"collection":[{"href":"https:\/\/www.infoqro.mx\/index.php\/wp-json\/wp\/v2\/pages"}],"about":[{"href":"https:\/\/www.infoqro.mx\/index.php\/wp-json\/wp\/v2\/types\/page"}],"author":[{"embeddable":true,"href":"https:\/\/www.infoqro.mx\/index.php\/wp-json\/wp\/v2\/users\/5"}],"replies":[{"embeddable":true,"href":"https:\/\/www.infoqro.mx\/index.php\/wp-json\/wp\/v2\/comments?post=18128"}],"version-history":[{"count":0,"href":"https:\/\/www.infoqro.mx\/index.php\/wp-json\/wp\/v2\/pages\/18128\/revisions"}],"wp:attachment":[{"href":"https:\/\/www.infoqro.mx\/index.php\/wp-json\/wp\/v2\/media?parent=18128"}],"wp:term":[{"taxonomy":"author","embeddable":true,"href":"https:\/\/www.infoqro.mx\/index.php\/wp-json\/wp\/v2\/coauthors?post=18128"}],"curies":[{"name":"wp","href":"https:\/\/api.w.org\/{rel}","templated":true}]}}