{"id":18165,"date":"2024-06-25T09:29:27","date_gmt":"2024-06-25T15:29:27","guid":{"rendered":"https:\/\/www.infoqro.mx\/?page_id=18165"},"modified":"2025-12-23T09:12:45","modified_gmt":"2025-12-23T15:12:45","slug":"ar-mho-hinto-da-hyandi","status":"publish","type":"page","link":"https:\/\/www.infoqro.mx\/index.php\/ar-mho-hinto-da-hyandi\/","title":{"rendered":"Ar mh\u00f6 hinto da hyandi Amealco"},"content":{"rendered":"\t\t<div data-elementor-type=\"wp-page\" data-elementor-id=\"18165\" class=\"elementor elementor-18165\" data-elementor-post-type=\"page\">\n\t\t\t\t\t\t<section class=\"elementor-section elementor-top-section elementor-element elementor-element-70b449d elementor-section-boxed elementor-section-height-default elementor-section-height-default\" data-id=\"70b449d\" data-element_type=\"section\" data-e-type=\"section\" data-settings=\"{&quot;scisco_shape_divider_top&quot;:&quot;none&quot;,&quot;scisco_shape_divider_bottom&quot;:&quot;none&quot;}\">\n\t\t\t\t\t\t<div class=\"elementor-container elementor-column-gap-default\">\n\t\t\t\t\t<div class=\"elementor-column elementor-col-100 elementor-top-column elementor-element elementor-element-51734b2\" data-id=\"51734b2\" data-element_type=\"column\" data-e-type=\"column\">\n\t\t\t<div class=\"elementor-widget-wrap elementor-element-populated\">\n\t\t\t\t<a class=\"eael-wrapper-link-e2a8e58 --eael-wrapper-link-tag\" href=\"https:\/\/www.infoqro.mx\"><\/a>\t\t<div data-eael-wrapper-link=\"eael-wrapper-link-e2a8e58\" class=\"elementor-element elementor-element-e2a8e58 elementor-widget__width-auto migas elementor-widget elementor-widget-text-editor\" data-id=\"e2a8e58\" data-element_type=\"widget\" data-e-type=\"widget\" data-widget_type=\"text-editor.default\">\n\t\t\t\t<div class=\"elementor-widget-container\">\n\t\t\t\t\t\t\t\t\t<p>Inicio<\/p>\t\t\t\t\t\t\t\t<\/div>\n\t\t\t\t<\/div>\n\t\t\t\t<div class=\"elementor-element elementor-element-b971f81 elementor-widget__width-auto migas elementor-widget elementor-widget-text-editor\" data-id=\"b971f81\" data-element_type=\"widget\" data-e-type=\"widget\" data-widget_type=\"text-editor.default\">\n\t\t\t\t<div class=\"elementor-widget-container\">\n\t\t\t\t\t\t\t\t\t<p style=\"text-align: right;\">\u00a0\u00bb N<span style=\"color: var( --e-global-color-primary ); text-decoration-color: initial;\">thuts\u2019i y\u00e1 m<u>e<\/u>tis<u>e<\/u><\/span><span style=\"color: var( --e-global-color-primary ); text-decoration-color: initial;\">\u00a0\u00bb<\/span><span style=\"color: var( --e-global-color-primary ); font-weight: 800; text-decoration-color: initial;\"> Ar mh\u00f6 hinto da hyandi<\/span><\/p>\t\t\t\t\t\t\t\t<\/div>\n\t\t\t\t<\/div>\n\t\t\t\t\t<\/div>\n\t\t<\/div>\n\t\t\t\t\t<\/div>\n\t\t<\/section>\n\t\t\t\t<section class=\"elementor-section elementor-top-section elementor-element elementor-element-6724a73 elementor-section-content-top elementor-section-boxed elementor-section-height-default elementor-section-height-default\" data-id=\"6724a73\" data-element_type=\"section\" data-e-type=\"section\" data-settings=\"{&quot;scisco_shape_divider_top&quot;:&quot;none&quot;,&quot;scisco_shape_divider_bottom&quot;:&quot;none&quot;}\">\n\t\t\t\t\t\t<div class=\"elementor-container elementor-column-gap-extended\">\n\t\t\t\t\t<div class=\"elementor-column elementor-col-33 elementor-top-column elementor-element elementor-element-7969223\" data-id=\"7969223\" data-element_type=\"column\" data-e-type=\"column\">\n\t\t\t<div class=\"elementor-widget-wrap elementor-element-populated\">\n\t\t\t\t\t\t<div class=\"elementor-element elementor-element-0406ea3 elementor-widget elementor-widget-image\" data-id=\"0406ea3\" data-element_type=\"widget\" data-e-type=\"widget\" data-widget_type=\"image.default\">\n\t\t\t\t<div class=\"elementor-widget-container\">\n\t\t\t\t\t\t\t\t\t\t\t\t\t\t\t<img decoding=\"async\" src=\"https:\/\/www.infoqro.mx\/wp-content\/uploads\/2023\/12\/aviso_privacidad-1.png\" title=\"aviso_privacidad-1\" alt=\"aviso_privacidad-1\" loading=\"lazy\" \/>\t\t\t\t\t\t\t\t\t\t\t\t\t\t\t<\/div>\n\t\t\t\t<\/div>\n\t\t\t\t\t<\/div>\n\t\t<\/div>\n\t\t\t\t<div class=\"elementor-column elementor-col-66 elementor-top-column elementor-element elementor-element-b547cb9\" data-id=\"b547cb9\" data-element_type=\"column\" data-e-type=\"column\">\n\t\t\t<div class=\"elementor-widget-wrap elementor-element-populated\">\n\t\t\t\t\t\t<div class=\"elementor-element elementor-element-2e42d73 elementor-widget__width-initial elementor-widget-mobile__width-initial elementor-widget elementor-widget-heading\" data-id=\"2e42d73\" data-element_type=\"widget\" data-e-type=\"widget\" data-widget_type=\"heading.default\">\n\t\t\t\t<div class=\"elementor-widget-container\">\n\t\t\t\t\t<h2 class=\"elementor-heading-title elementor-size-default\">Ar mh\u00f6 hinto da hyandi<\/h2>\t\t\t\t<\/div>\n\t\t\t\t<\/div>\n\t\t\t\t<div class=\"elementor-element elementor-element-0ecf512 elementor-widget elementor-widget-text-editor\" data-id=\"0ecf512\" data-element_type=\"widget\" data-e-type=\"widget\" data-widget_type=\"text-editor.default\">\n\t\t\t\t<div class=\"elementor-widget-container\">\n\t\t\t\t\t\t\t\t\t<p>Ar nz<u>e<\/u>nwa hinto da hyandi, ge n\u2019a ar h<u>e<\/u>\u2019mi habu nsipabi ya j\u00f6\u2019i, ja m\u00f6mp\u2019<u>u<\/u> hanja ma da nj<u>u<\/u>mpabi y\u00e1 nthuts\u2019i y\u00e1 m<u>e<\/u>tis<u>e<\/u> ha n\u00e1 ar ngund\u00f6, jange mahyoni pa da f\u00f6di:<\/p>\t\t\t\t\t\t\t\t<\/div>\n\t\t\t\t<\/div>\n\t\t\t\t<div class=\"elementor-element elementor-element-ba5a59a elementor-position-left elementor-position-left elementor-vertical-align-bottom elementor-vertical-align-top elementor-widget elementor-widget-image-box\" data-id=\"ba5a59a\" data-element_type=\"widget\" data-e-type=\"widget\" data-widget_type=\"image-box.default\">\n\t\t\t\t<div class=\"elementor-widget-container\">\n\t\t\t\t\t<div class=\"elementor-image-box-wrapper\"><figure class=\"elementor-image-box-img\"><img fetchpriority=\"high\" decoding=\"async\" width=\"1649\" height=\"1629\" src=\"https:\/\/www.infoqro.mx\/wp-content\/uploads\/2023\/11\/vineta-1-2.png\" class=\"attachment-full size-full wp-image-5324\" alt=\"\" style=\"width:100%;height:98.79%;max-width:1649px\" srcset=\"https:\/\/www.infoqro.mx\/wp-content\/uploads\/2023\/11\/vineta-1-2.png 1649w, https:\/\/www.infoqro.mx\/wp-content\/uploads\/2023\/11\/vineta-1-2-300x296.png 300w, https:\/\/www.infoqro.mx\/wp-content\/uploads\/2023\/11\/vineta-1-2-1024x1012.png 1024w, https:\/\/www.infoqro.mx\/wp-content\/uploads\/2023\/11\/vineta-1-2-768x759.png 768w, https:\/\/www.infoqro.mx\/wp-content\/uploads\/2023\/11\/vineta-1-2-1536x1517.png 1536w, https:\/\/www.infoqro.mx\/wp-content\/uploads\/2023\/11\/vineta-1-2-1568x1549.png 1568w\" sizes=\"(max-width: 1649px) 100vw, 1649px\" \/><\/figure><div class=\"elementor-image-box-content\"><p class=\"elementor-image-box-description\">Togo di umbabihu ma thuhuhu<\/p><\/div><\/div>\t\t\t\t<\/div>\n\t\t\t\t<\/div>\n\t\t\t\t<div class=\"elementor-element elementor-element-0d1be4e elementor-position-left elementor-position-left elementor-vertical-align-bottom elementor-vertical-align-top elementor-widget elementor-widget-image-box\" data-id=\"0d1be4e\" data-element_type=\"widget\" data-e-type=\"widget\" data-widget_type=\"image-box.default\">\n\t\t\t\t<div class=\"elementor-widget-container\">\n\t\t\t\t\t<div class=\"elementor-image-box-wrapper\"><figure class=\"elementor-image-box-img\"><img fetchpriority=\"high\" decoding=\"async\" width=\"1649\" height=\"1629\" src=\"https:\/\/www.infoqro.mx\/wp-content\/uploads\/2023\/11\/vineta-1-2.png\" class=\"attachment-full size-full wp-image-5324\" alt=\"\" style=\"width:100%;height:98.79%;max-width:1649px\" srcset=\"https:\/\/www.infoqro.mx\/wp-content\/uploads\/2023\/11\/vineta-1-2.png 1649w, https:\/\/www.infoqro.mx\/wp-content\/uploads\/2023\/11\/vineta-1-2-300x296.png 300w, https:\/\/www.infoqro.mx\/wp-content\/uploads\/2023\/11\/vineta-1-2-1024x1012.png 1024w, https:\/\/www.infoqro.mx\/wp-content\/uploads\/2023\/11\/vineta-1-2-768x759.png 768w, https:\/\/www.infoqro.mx\/wp-content\/uploads\/2023\/11\/vineta-1-2-1536x1517.png 1536w, https:\/\/www.infoqro.mx\/wp-content\/uploads\/2023\/11\/vineta-1-2-1568x1549.png 1568w\" sizes=\"(max-width: 1649px) 100vw, 1649px\" \/><\/figure><div class=\"elementor-image-box-content\"><p class=\"elementor-image-box-description\">Tema h\u00f1\u00f6 di umbabihu<\/p><\/div><\/div>\t\t\t\t<\/div>\n\t\t\t\t<\/div>\n\t\t\t\t<div class=\"elementor-element elementor-element-0aab558 elementor-position-left elementor-position-left elementor-vertical-align-bottom elementor-vertical-align-top elementor-widget elementor-widget-image-box\" data-id=\"0aab558\" data-element_type=\"widget\" data-e-type=\"widget\" data-widget_type=\"image-box.default\">\n\t\t\t\t<div class=\"elementor-widget-container\">\n\t\t\t\t\t<div class=\"elementor-image-box-wrapper\"><figure class=\"elementor-image-box-img\"><img fetchpriority=\"high\" decoding=\"async\" width=\"1649\" height=\"1629\" src=\"https:\/\/www.infoqro.mx\/wp-content\/uploads\/2023\/11\/vineta-1-2.png\" class=\"attachment-full size-full wp-image-5324\" alt=\"\" style=\"width:100%;height:98.79%;max-width:1649px\" srcset=\"https:\/\/www.infoqro.mx\/wp-content\/uploads\/2023\/11\/vineta-1-2.png 1649w, https:\/\/www.infoqro.mx\/wp-content\/uploads\/2023\/11\/vineta-1-2-300x296.png 300w, https:\/\/www.infoqro.mx\/wp-content\/uploads\/2023\/11\/vineta-1-2-1024x1012.png 1024w, https:\/\/www.infoqro.mx\/wp-content\/uploads\/2023\/11\/vineta-1-2-768x759.png 768w, https:\/\/www.infoqro.mx\/wp-content\/uploads\/2023\/11\/vineta-1-2-1536x1517.png 1536w, https:\/\/www.infoqro.mx\/wp-content\/uploads\/2023\/11\/vineta-1-2-1568x1549.png 1568w\" sizes=\"(max-width: 1649px) 100vw, 1649px\" \/><\/figure><div class=\"elementor-image-box-content\"><p class=\"elementor-image-box-description\">Pa te ma da japabi ya thuts\u2019i ma metisehu<\/p><\/div><\/div>\t\t\t\t<\/div>\n\t\t\t\t<\/div>\n\t\t\t\t<div class=\"elementor-element elementor-element-1bf3b64 elementor-position-left elementor-position-left elementor-vertical-align-bottom elementor-vertical-align-top elementor-widget elementor-widget-image-box\" data-id=\"1bf3b64\" data-element_type=\"widget\" data-e-type=\"widget\" data-widget_type=\"image-box.default\">\n\t\t\t\t<div class=\"elementor-widget-container\">\n\t\t\t\t\t<div class=\"elementor-image-box-wrapper\"><figure class=\"elementor-image-box-img\"><img fetchpriority=\"high\" decoding=\"async\" width=\"1649\" height=\"1629\" src=\"https:\/\/www.infoqro.mx\/wp-content\/uploads\/2023\/11\/vineta-1-2.png\" class=\"attachment-full size-full wp-image-5324\" alt=\"\" style=\"width:100%;height:98.79%;max-width:1649px\" srcset=\"https:\/\/www.infoqro.mx\/wp-content\/uploads\/2023\/11\/vineta-1-2.png 1649w, https:\/\/www.infoqro.mx\/wp-content\/uploads\/2023\/11\/vineta-1-2-300x296.png 300w, https:\/\/www.infoqro.mx\/wp-content\/uploads\/2023\/11\/vineta-1-2-1024x1012.png 1024w, https:\/\/www.infoqro.mx\/wp-content\/uploads\/2023\/11\/vineta-1-2-768x759.png 768w, https:\/\/www.infoqro.mx\/wp-content\/uploads\/2023\/11\/vineta-1-2-1536x1517.png 1536w, https:\/\/www.infoqro.mx\/wp-content\/uploads\/2023\/11\/vineta-1-2-1568x1549.png 1568w\" sizes=\"(max-width: 1649px) 100vw, 1649px\" \/><\/figure><div class=\"elementor-image-box-content\"><p class=\"elementor-image-box-description\">Togo ma thembabi<\/p><\/div><\/div>\t\t\t\t<\/div>\n\t\t\t\t<\/div>\n\t\t\t\t<div class=\"elementor-element elementor-element-2238599 elementor-position-left elementor-position-left elementor-vertical-align-top elementor-vertical-align-top elementor-widget elementor-widget-image-box\" data-id=\"2238599\" data-element_type=\"widget\" data-e-type=\"widget\" data-widget_type=\"image-box.default\">\n\t\t\t\t<div class=\"elementor-widget-container\">\n\t\t\t\t\t<div class=\"elementor-image-box-wrapper\"><figure class=\"elementor-image-box-img\"><img fetchpriority=\"high\" decoding=\"async\" width=\"1649\" height=\"1629\" src=\"https:\/\/www.infoqro.mx\/wp-content\/uploads\/2023\/11\/vineta-1-2.png\" class=\"attachment-full size-full wp-image-5324\" alt=\"\" style=\"width:100%;height:98.79%;max-width:1649px\" srcset=\"https:\/\/www.infoqro.mx\/wp-content\/uploads\/2023\/11\/vineta-1-2.png 1649w, https:\/\/www.infoqro.mx\/wp-content\/uploads\/2023\/11\/vineta-1-2-300x296.png 300w, https:\/\/www.infoqro.mx\/wp-content\/uploads\/2023\/11\/vineta-1-2-1024x1012.png 1024w, https:\/\/www.infoqro.mx\/wp-content\/uploads\/2023\/11\/vineta-1-2-768x759.png 768w, https:\/\/www.infoqro.mx\/wp-content\/uploads\/2023\/11\/vineta-1-2-1536x1517.png 1536w, https:\/\/www.infoqro.mx\/wp-content\/uploads\/2023\/11\/vineta-1-2-1568x1549.png 1568w\" sizes=\"(max-width: 1649px) 100vw, 1649px\" \/><\/figure><div class=\"elementor-image-box-content\"><p class=\"elementor-image-box-description\">Hanja ga ju ma \u2018\u00f1epihu  ar mhunts\u2019a h\u00f1\u00f6 ne da \u2018\u00f1en\u00f6, da yut\u2019i, da nuu xi\u00f1ho, da hwati, da dots\u2019e ne di h\u00f6 (ARCOP)<\/p><\/div><\/div>\t\t\t\t<\/div>\n\t\t\t\t<\/div>\n\t\t\t\t<div class=\"elementor-element elementor-element-0adec65 elementor-widget elementor-widget-text-editor\" data-id=\"0adec65\" data-element_type=\"widget\" data-e-type=\"widget\" data-widget_type=\"text-editor.default\">\n\t\t\t\t<div class=\"elementor-widget-container\">\n\t\t\t\t\t\t\t\t\t<p>Njan<u>u<\/u> nuna ar j\u00f6\u2019i di p\u00f6di xi\u00f1ho teme thogi nuy\u00e1 nthuts\u2019i xi uni, ne ts<u>a<\/u> da y<u>u<\/u>t\u2019i da hoki xi\u00f1ho \u2018b<u>u<\/u> hingi njap\u2019<u>u<\/u> ngu tu ne da beni teme da japabi da g<u>u<\/u> y\u00e1 \u2018\u00f1epi ar ARCOP<\/p>\t\t\t\t\t\t\t\t<\/div>\n\t\t\t\t<\/div>\n\t\t\t\t<div class=\"elementor-element elementor-element-c9bb149 elementor-icon-list--layout-traditional elementor-list-item-link-full_width elementor-widget elementor-widget-icon-list\" data-id=\"c9bb149\" data-element_type=\"widget\" data-e-type=\"widget\" data-widget_type=\"icon-list.default\">\n\t\t\t\t<div class=\"elementor-widget-container\">\n\t\t\t\t\t\t\t<ul class=\"elementor-icon-list-items\">\n\t\t\t\t\t\t\t<li class=\"elementor-icon-list-item\">\n\t\t\t\t\t\t\t\t\t\t\t<a href=\"https:\/\/www.infoqro.mx\/index.php\/avisos-de-privacidad\/\">\n\n\t\t\t\t\t\t\t\t\t\t\t<span class=\"elementor-icon-list-text\">Ver Avisos de Privacidad Infoqro<\/span>\n\t\t\t\t\t\t\t\t\t\t\t<\/a>\n\t\t\t\t\t\t\t\t\t<\/li>\n\t\t\t\t\t\t<\/ul>\n\t\t\t\t\t\t<\/div>\n\t\t\t\t<\/div>\n\t\t\t\t<div class=\"elementor-element elementor-element-9f6eacc elementor-widget elementor-widget-image\" data-id=\"9f6eacc\" data-element_type=\"widget\" data-e-type=\"widget\" data-widget_type=\"image.default\">\n\t\t\t\t<div class=\"elementor-widget-container\">\n\t\t\t\t\t\t\t\t\t\t\t\t\t\t\t<img decoding=\"async\" src=\"https:\/\/www.infoqro.mx\/wp-content\/uploads\/2024\/12\/inpi.png\" title=\"inpi\" alt=\"inpi\" loading=\"lazy\" \/>\t\t\t\t\t\t\t\t\t\t\t\t\t\t\t<\/div>\n\t\t\t\t<\/div>\n\t\t\t\t\t<\/div>\n\t\t<\/div>\n\t\t\t\t\t<\/div>\n\t\t<\/section>\n\t\t\t\t<section class=\"elementor-section elementor-top-section elementor-element elementor-element-ce18c73 elementor-section-boxed elementor-section-height-default elementor-section-height-default\" data-id=\"ce18c73\" data-element_type=\"section\" data-e-type=\"section\" data-settings=\"{&quot;scisco_shape_divider_top&quot;:&quot;none&quot;,&quot;scisco_shape_divider_bottom&quot;:&quot;none&quot;}\">\n\t\t\t\t\t\t<div class=\"elementor-container elementor-column-gap-default\">\n\t\t\t\t\t<div class=\"elementor-column elementor-col-100 elementor-top-column elementor-element elementor-element-389197c\" data-id=\"389197c\" data-element_type=\"column\" data-e-type=\"column\">\n\t\t\t<div class=\"elementor-widget-wrap elementor-element-populated\">\n\t\t\t\t\t\t<div class=\"elementor-element elementor-element-ce82085 elementor-widget__width-initial elementor-fixed elementor-hidden-desktop elementor-hidden-tablet elementor-hidden-mobile elementor-widget elementor-widget-image\" data-id=\"ce82085\" data-element_type=\"widget\" data-e-type=\"widget\" data-settings=\"{&quot;_position&quot;:&quot;fixed&quot;}\" data-widget_type=\"image.default\">\n\t\t\t\t<div class=\"elementor-widget-container\">\n\t\t\t\t\t\t\t\t\t\t\t\t\t\t\t\t<a href=\"https:\/\/www.infoqro.mx\/index.php\/teme-ar-infoqro\/\">\n\t\t\t\t\t\t\t<img decoding=\"async\" width=\"750\" height=\"476\" src=\"https:\/\/www.infoqro.mx\/wp-content\/uploads\/2024\/07\/boton_otomi_drop.png\" class=\"attachment-large size-large wp-image-18554\" alt=\"\" srcset=\"https:\/\/www.infoqro.mx\/wp-content\/uploads\/2024\/07\/boton_otomi_drop.png 974w, https:\/\/www.infoqro.mx\/wp-content\/uploads\/2024\/07\/boton_otomi_drop-300x190.png 300w, https:\/\/www.infoqro.mx\/wp-content\/uploads\/2024\/07\/boton_otomi_drop-768x487.png 768w\" sizes=\"(max-width: 750px) 100vw, 750px\" style=\"width:100%;height:63.45%;max-width:974px\" \/>\t\t\t\t\t\t\t\t<\/a>\n\t\t\t\t\t\t\t\t\t\t\t\t\t\t\t<\/div>\n\t\t\t\t<\/div>\n\t\t\t\t\t<\/div>\n\t\t<\/div>\n\t\t\t\t\t<\/div>\n\t\t<\/section>\n\t\t\t\t<\/div>\n\t\t","protected":false},"excerpt":{"rendered":"<p>Inicio \u00a0\u00bb Nthuts\u2019i y\u00e1 metise\u00a0\u00bb Ar mh\u00f6 hinto da hyandi Ar mh\u00f6 hinto da hyandi Ar nzenwa hinto da hyandi, ge n\u2019a ar he\u2019mi habu nsipabi ya j\u00f6\u2019i, ja m\u00f6mp\u2019u hanja ma da njumpabi y\u00e1 nthuts\u2019i y\u00e1 metise ha n\u00e1 ar ngund\u00f6, jange mahyoni pa da f\u00f6di: Togo di umbabihu ma thuhuhu Tema h\u00f1\u00f6 di&hellip; <a class=\"more-link\" href=\"https:\/\/www.infoqro.mx\/index.php\/ar-mho-hinto-da-hyandi\/\">Seguir leyendo <span class=\"screen-reader-text\">Ar mh\u00f6 hinto da hyandi Amealco<\/span><\/a><\/p>\n","protected":false},"author":5,"featured_media":0,"parent":0,"menu_order":0,"comment_status":"closed","ping_status":"closed","template":"elementor_header_footer","meta":{"_monsterinsights_skip_tracking":false,"_monsterinsights_sitenote_active":false,"_monsterinsights_sitenote_note":"","_monsterinsights_sitenote_category":0,"footnotes":""},"coauthors":[],"class_list":["post-18165","page","type-page","status-publish","hentry","entry"],"_links":{"self":[{"href":"https:\/\/www.infoqro.mx\/index.php\/wp-json\/wp\/v2\/pages\/18165","targetHints":{"allow":["GET"]}}],"collection":[{"href":"https:\/\/www.infoqro.mx\/index.php\/wp-json\/wp\/v2\/pages"}],"about":[{"href":"https:\/\/www.infoqro.mx\/index.php\/wp-json\/wp\/v2\/types\/page"}],"author":[{"embeddable":true,"href":"https:\/\/www.infoqro.mx\/index.php\/wp-json\/wp\/v2\/users\/5"}],"replies":[{"embeddable":true,"href":"https:\/\/www.infoqro.mx\/index.php\/wp-json\/wp\/v2\/comments?post=18165"}],"version-history":[{"count":0,"href":"https:\/\/www.infoqro.mx\/index.php\/wp-json\/wp\/v2\/pages\/18165\/revisions"}],"wp:attachment":[{"href":"https:\/\/www.infoqro.mx\/index.php\/wp-json\/wp\/v2\/media?parent=18165"}],"wp:term":[{"taxonomy":"author","embeddable":true,"href":"https:\/\/www.infoqro.mx\/index.php\/wp-json\/wp\/v2\/coauthors?post=18165"}],"curies":[{"name":"wp","href":"https:\/\/api.w.org\/{rel}","templated":true}]}}