{"id":4812,"date":"2023-10-26T23:12:23","date_gmt":"2023-10-26T23:12:23","guid":{"rendered":"https:\/\/www.infoqro.mx\/?page_id=4812"},"modified":"2026-01-22T10:11:03","modified_gmt":"2026-01-22T16:11:03","slug":"constituciones","status":"publish","type":"page","link":"https:\/\/www.infoqro.mx\/index.php\/constituciones\/","title":{"rendered":"Constituciones"},"content":{"rendered":"\t\t<div data-elementor-type=\"wp-page\" data-elementor-id=\"4812\" class=\"elementor elementor-4812\" data-elementor-post-type=\"page\">\n\t\t\t\t\t\t<section class=\"elementor-section elementor-top-section elementor-element elementor-element-3d7c9a0 elementor-section-boxed elementor-section-height-default elementor-section-height-default\" data-id=\"3d7c9a0\" data-element_type=\"section\" data-e-type=\"section\" data-settings=\"{&quot;scisco_shape_divider_top&quot;:&quot;none&quot;,&quot;scisco_shape_divider_bottom&quot;:&quot;none&quot;}\">\n\t\t\t\t\t\t<div class=\"elementor-container elementor-column-gap-default\">\n\t\t\t\t\t<div class=\"elementor-column elementor-col-100 elementor-top-column elementor-element elementor-element-a3fc281\" data-id=\"a3fc281\" data-element_type=\"column\" data-e-type=\"column\">\n\t\t\t<div class=\"elementor-widget-wrap elementor-element-populated\">\n\t\t\t\t<a class=\"eael-wrapper-link-48b27fa --eael-wrapper-link-tag\" href=\"https:\/\/www.infoqro.mx\"><\/a>\t\t<div data-eael-wrapper-link=\"eael-wrapper-link-48b27fa\" class=\"elementor-element elementor-element-48b27fa elementor-widget__width-auto migas elementor-widget elementor-widget-text-editor\" data-id=\"48b27fa\" data-element_type=\"widget\" data-e-type=\"widget\" data-widget_type=\"text-editor.default\">\n\t\t\t\t<div class=\"elementor-widget-container\">\n\t\t\t\t\t\t\t\t\t<p>Inicio<\/p>\t\t\t\t\t\t\t\t<\/div>\n\t\t\t\t<\/div>\n\t\t\t\t<div class=\"elementor-element elementor-element-70082d3 elementor-widget__width-auto migas elementor-widget elementor-widget-text-editor\" data-id=\"70082d3\" data-element_type=\"widget\" data-e-type=\"widget\" data-widget_type=\"text-editor.default\">\n\t\t\t\t<div class=\"elementor-widget-container\">\n\t\t\t\t\t\t\t\t\t<p>&nbsp;\u00bb&nbsp;<span style=\"color: var( --e-global-color-primary );text-align: right\">&nbsp;Marco Jur\u00eddico \u00bb<\/span><span style=\"color: var( --e-global-color-primary );font-weight: 800;text-align: right\">&nbsp;Constituciones<\/span><\/p>\t\t\t\t\t\t\t\t<\/div>\n\t\t\t\t<\/div>\n\t\t\t\t\t<\/div>\n\t\t<\/div>\n\t\t\t\t\t<\/div>\n\t\t<\/section>\n\t\t\t\t<section class=\"elementor-section elementor-top-section elementor-element elementor-element-d4c0d79 elementor-section-content-top elementor-section-boxed elementor-section-height-default elementor-section-height-default\" data-id=\"d4c0d79\" data-element_type=\"section\" data-e-type=\"section\" data-settings=\"{&quot;scisco_shape_divider_top&quot;:&quot;none&quot;,&quot;scisco_shape_divider_bottom&quot;:&quot;none&quot;}\">\n\t\t\t\t\t\t<div class=\"elementor-container elementor-column-gap-extended\">\n\t\t\t\t\t<div class=\"elementor-column elementor-col-33 elementor-top-column elementor-element elementor-element-c488398\" data-id=\"c488398\" data-element_type=\"column\" data-e-type=\"column\">\n\t\t\t<div class=\"elementor-widget-wrap elementor-element-populated\">\n\t\t\t\t\t\t<div class=\"elementor-element elementor-element-00b7442 elementor-widget__width-initial elementor-widget elementor-widget-image\" data-id=\"00b7442\" data-element_type=\"widget\" data-e-type=\"widget\" data-widget_type=\"image.default\">\n\t\t\t\t<div class=\"elementor-widget-container\">\n\t\t\t\t\t\t\t\t\t\t\t\t\t\t\t<img decoding=\"async\" src=\"https:\/\/www.infoqro.mx\/wp-content\/uploads\/2023\/11\/constituciones-1.png\" title=\"constituciones-1\" alt=\"constituciones-1\" loading=\"lazy\" \/>\t\t\t\t\t\t\t\t\t\t\t\t\t\t\t<\/div>\n\t\t\t\t<\/div>\n\t\t\t\t\t<\/div>\n\t\t<\/div>\n\t\t\t\t<div class=\"elementor-column elementor-col-66 elementor-top-column elementor-element elementor-element-20f4cdc\" data-id=\"20f4cdc\" data-element_type=\"column\" data-e-type=\"column\">\n\t\t\t<div class=\"elementor-widget-wrap elementor-element-populated\">\n\t\t\t\t\t\t<div class=\"elementor-element elementor-element-7fa7d0ce elementor-widget__width-initial elementor-widget-mobile__width-initial elementor-widget elementor-widget-heading\" data-id=\"7fa7d0ce\" data-element_type=\"widget\" data-e-type=\"widget\" data-widget_type=\"heading.default\">\n\t\t\t\t<div class=\"elementor-widget-container\">\n\t\t\t\t\t<h2 class=\"elementor-heading-title elementor-size-default\">Constituciones<\/h2>\t\t\t\t<\/div>\n\t\t\t\t<\/div>\n\t\t\t\t<section class=\"elementor-section elementor-inner-section elementor-element elementor-element-d13a0f1 elementor-section-content-middle elementor-section-boxed elementor-section-height-default elementor-section-height-default\" data-id=\"d13a0f1\" data-element_type=\"section\" data-e-type=\"section\" data-settings=\"{&quot;scisco_shape_divider_top&quot;:&quot;none&quot;,&quot;scisco_shape_divider_bottom&quot;:&quot;none&quot;}\">\n\t\t\t\t\t\t<div class=\"elementor-container elementor-column-gap-default\">\n\t\t\t\t\t<div class=\"elementor-column elementor-col-33 elementor-inner-column elementor-element elementor-element-6adda3b\" data-id=\"6adda3b\" data-element_type=\"column\" data-e-type=\"column\">\n\t\t\t<div class=\"elementor-widget-wrap elementor-element-populated\">\n\t\t\t\t\t\t<div class=\"elementor-element elementor-element-ee5fb1c elementor-widget elementor-widget-text-editor\" data-id=\"ee5fb1c\" data-element_type=\"widget\" data-e-type=\"widget\" data-widget_type=\"text-editor.default\">\n\t\t\t\t<div class=\"elementor-widget-container\">\n\t\t\t\t\t\t\t\t\t<p>Constituci\u00f3n Pol\u00edtica de los Estados Unidos Mexicanos <\/p>\t\t\t\t\t\t\t\t<\/div>\n\t\t\t\t<\/div>\n\t\t\t\t\t<\/div>\n\t\t<\/div>\n\t\t\t\t<div class=\"elementor-column elementor-col-33 elementor-inner-column elementor-element elementor-element-651f4f3\" data-id=\"651f4f3\" data-element_type=\"column\" data-e-type=\"column\">\n\t\t\t<div class=\"elementor-widget-wrap elementor-element-populated\">\n\t\t\t\t\t\t<div class=\"elementor-element elementor-element-9d8118e elementor-view-default elementor-widget elementor-widget-icon\" data-id=\"9d8118e\" data-element_type=\"widget\" data-e-type=\"widget\" data-widget_type=\"icon.default\">\n\t\t\t\t<div class=\"elementor-widget-container\">\n\t\t\t\t\t\t\t<div class=\"elementor-icon-wrapper\">\n\t\t\t<a class=\"elementor-icon\" href=\"https:\/\/www.infoqro.mx\/marcojuridico\/constitucion\/CPEUM-15102025.pdf\" target=\"_blank\">\n\t\t\t<svg xmlns=\"http:\/\/www.w3.org\/2000\/svg\" xmlns:xlink=\"http:\/\/www.w3.org\/1999\/xlink\" id=\"Layer_1\" x=\"0px\" y=\"0px\" viewBox=\"0 0 424 424\" style=\"enable-background:new 0 0 424 424;\" xml:space=\"preserve\"><g>\t<g>\t\t<path d=\"M18.1,346.2l105.4-97c7.5-6.6,18.8-6.6,26.4,0.9l5.6,5.6l16-16c-22.6-25.4-34.8-58.4-34.8-93.2   c0-78.1,63.1-141.2,141.2-141.2s141.2,63.1,141.2,141.2S356,287.8,277.9,287.8c-24.5,0-48.9-6.6-70.6-18.8   c-4.7-2.8-5.6-8.5-3.8-13.2c2.8-4.7,8.5-5.6,13.2-3.8c18.8,10.4,39.5,16,61.2,16c67.8,0.9,122.4-53.7,122.4-121.4   S345.7,24.2,277.9,24.2S155.5,78.8,155.5,146.6c0,32,12.2,63.1,34.8,85.7c1.9,1.9,2.8,3.8,2.8,6.6v1.9c0,2.8-0.9,4.7-2.8,6.6   L168.7,269l5.6,5.6c7.5,7.5,7.5,18.8,0.9,26.4l-97,105.4c-7.5,8.5-18.8,13.2-31.1,13.2c-23.5,0-42.4-18.8-42.4-42.4   C4.9,365.9,9.6,354.6,18.1,346.2z M47.3,400.8c6.6,0,13.2-2.8,16.9-7.5l97-105.4l-24.5-24.5l-105.4,97c-4.7,4.7-7.5,10.4-7.5,16.9   C23.7,390.4,34.1,400.8,47.3,400.8z\"><\/path>\t<\/g><\/g><g>\t<g>\t\t<path d=\"M277.9,43.1c57.4,0,103.5,46.1,103.5,103.5s-46.1,103.5-103.5,103.5S174.3,204,174.3,146.6S220.5,43.1,277.9,43.1z    M277.9,231.3c47.1,0,84.7-37.7,84.7-84.7S325,61.9,277.9,61.9s-84.7,37.7-84.7,84.7S230.8,231.3,277.9,231.3z\"><\/path>\t<\/g><\/g><\/svg>\t\t\t<\/a>\n\t\t<\/div>\n\t\t\t\t\t\t<\/div>\n\t\t\t\t<\/div>\n\t\t\t\t\t<\/div>\n\t\t<\/div>\n\t\t\t\t<div class=\"elementor-column elementor-col-33 elementor-inner-column elementor-element elementor-element-2029cff\" data-id=\"2029cff\" data-element_type=\"column\" data-e-type=\"column\">\n\t\t\t<div class=\"elementor-widget-wrap elementor-element-populated\">\n\t\t\t\t\t\t<div class=\"elementor-element elementor-element-a25a254 elementor-view-default elementor-widget elementor-widget-icon\" data-id=\"a25a254\" data-element_type=\"widget\" data-e-type=\"widget\" data-widget_type=\"icon.default\">\n\t\t\t\t<div class=\"elementor-widget-container\">\n\t\t\t\t\t\t\t<div class=\"elementor-icon-wrapper\">\n\t\t\t<a class=\"elementor-icon\" href=\"https:\/\/www.infoqro.mx\/marcojuridico\/constitucion\/CPEUM-15102025.pdf\" target=\"_blank\" download=\"\">\n\t\t\t<svg xmlns=\"http:\/\/www.w3.org\/2000\/svg\" xmlns:xlink=\"http:\/\/www.w3.org\/1999\/xlink\" id=\"Layer_1\" x=\"0px\" y=\"0px\" viewBox=\"0 0 424 424\" style=\"enable-background:new 0 0 424 424;\" xml:space=\"preserve\"><path d=\"M311.7,161.1L311.7,161.1c-2.5,0-4.8,1-6.5,2.7L223,246V23.5c0-5.1-4.1-9.2-9.2-9.2c-5.1,0-9.2,4.1-9.2,9.2V246l-82.2-82.2 c-1.8-1.8-4.2-2.7-6.5-2.7c-2.4,0-4.7,0.9-6.5,2.7c-1.7,1.7-2.7,4-2.7,6.5s1,4.8,2.7,6.5l97.9,97.9c3.6,3.6,9.4,3.6,13,0l97.9-97.9 c1.7-1.7,2.7-4,2.7-6.5s-1-4.8-2.7-6.5C316.5,162.1,314.2,161.1,311.7,161.1z\"><\/path><path d=\"M26.6,265.1c-5.8,0-10.6,4.7-10.6,10.6v62.8c0,38.5,31.4,69.9,70,70h255.5c38.5,0,69.9-31.4,70-70v-62.8 c0-2.8-1.1-5.5-3.1-7.5s-4.6-3.1-7.5-3.1l0,0c-5.8,0-10.6,4.7-10.6,10.6v62.8c0,26.9-21.9,48.8-48.9,48.9H86.1 c-26.9,0-48.8-21.9-48.9-48.9v-62.8C37.2,269.8,32.5,265.1,26.6,265.1\"><\/path><g>\t<path d=\"M335.3,338.5h-243c-5,0-9-4-9-9s4-9,9-9h243.1c5,0,9,4,9,9S340.3,338.5,335.3,338.5z\"><\/path><\/g><\/svg>\t\t\t<\/a>\n\t\t<\/div>\n\t\t\t\t\t\t<\/div>\n\t\t\t\t<\/div>\n\t\t\t\t\t<\/div>\n\t\t<\/div>\n\t\t\t\t\t<\/div>\n\t\t<\/section>\n\t\t\t\t<section class=\"elementor-section elementor-inner-section elementor-element elementor-element-dbdd22f elementor-section-content-middle elementor-section-boxed elementor-section-height-default elementor-section-height-default\" data-id=\"dbdd22f\" data-element_type=\"section\" data-e-type=\"section\" data-settings=\"{&quot;scisco_shape_divider_top&quot;:&quot;none&quot;,&quot;scisco_shape_divider_bottom&quot;:&quot;none&quot;}\">\n\t\t\t\t\t\t<div class=\"elementor-container elementor-column-gap-default\">\n\t\t\t\t\t<div class=\"elementor-column elementor-col-33 elementor-inner-column elementor-element elementor-element-5f52264\" data-id=\"5f52264\" data-element_type=\"column\" data-e-type=\"column\">\n\t\t\t<div class=\"elementor-widget-wrap elementor-element-populated\">\n\t\t\t\t\t\t<div class=\"elementor-element elementor-element-ffed38f elementor-widget elementor-widget-text-editor\" data-id=\"ffed38f\" data-element_type=\"widget\" data-e-type=\"widget\" data-widget_type=\"text-editor.default\">\n\t\t\t\t<div class=\"elementor-widget-container\">\n\t\t\t\t\t\t\t\t\t<p>Constituci\u00f3n Pol\u00edtica del Estado Libre y Soberano de Quer\u00e9taro <\/p>\t\t\t\t\t\t\t\t<\/div>\n\t\t\t\t<\/div>\n\t\t\t\t\t<\/div>\n\t\t<\/div>\n\t\t\t\t<div class=\"elementor-column elementor-col-33 elementor-inner-column elementor-element elementor-element-668dc58\" data-id=\"668dc58\" data-element_type=\"column\" data-e-type=\"column\">\n\t\t\t<div class=\"elementor-widget-wrap elementor-element-populated\">\n\t\t\t\t\t\t<div class=\"elementor-element elementor-element-e39888f elementor-view-default elementor-widget elementor-widget-icon\" data-id=\"e39888f\" data-element_type=\"widget\" data-e-type=\"widget\" data-widget_type=\"icon.default\">\n\t\t\t\t<div class=\"elementor-widget-container\">\n\t\t\t\t\t\t\t<div class=\"elementor-icon-wrapper\">\n\t\t\t<a class=\"elementor-icon\" href=\"https:\/\/www.infoqro.mx\/marcojuridico\/constitucion\/CPELSQ13092024.pdf\" target=\"_blank\">\n\t\t\t<svg xmlns=\"http:\/\/www.w3.org\/2000\/svg\" xmlns:xlink=\"http:\/\/www.w3.org\/1999\/xlink\" id=\"Layer_1\" x=\"0px\" y=\"0px\" viewBox=\"0 0 424 424\" style=\"enable-background:new 0 0 424 424;\" xml:space=\"preserve\"><g>\t<g>\t\t<path d=\"M18.1,346.2l105.4-97c7.5-6.6,18.8-6.6,26.4,0.9l5.6,5.6l16-16c-22.6-25.4-34.8-58.4-34.8-93.2   c0-78.1,63.1-141.2,141.2-141.2s141.2,63.1,141.2,141.2S356,287.8,277.9,287.8c-24.5,0-48.9-6.6-70.6-18.8   c-4.7-2.8-5.6-8.5-3.8-13.2c2.8-4.7,8.5-5.6,13.2-3.8c18.8,10.4,39.5,16,61.2,16c67.8,0.9,122.4-53.7,122.4-121.4   S345.7,24.2,277.9,24.2S155.5,78.8,155.5,146.6c0,32,12.2,63.1,34.8,85.7c1.9,1.9,2.8,3.8,2.8,6.6v1.9c0,2.8-0.9,4.7-2.8,6.6   L168.7,269l5.6,5.6c7.5,7.5,7.5,18.8,0.9,26.4l-97,105.4c-7.5,8.5-18.8,13.2-31.1,13.2c-23.5,0-42.4-18.8-42.4-42.4   C4.9,365.9,9.6,354.6,18.1,346.2z M47.3,400.8c6.6,0,13.2-2.8,16.9-7.5l97-105.4l-24.5-24.5l-105.4,97c-4.7,4.7-7.5,10.4-7.5,16.9   C23.7,390.4,34.1,400.8,47.3,400.8z\"><\/path>\t<\/g><\/g><g>\t<g>\t\t<path d=\"M277.9,43.1c57.4,0,103.5,46.1,103.5,103.5s-46.1,103.5-103.5,103.5S174.3,204,174.3,146.6S220.5,43.1,277.9,43.1z    M277.9,231.3c47.1,0,84.7-37.7,84.7-84.7S325,61.9,277.9,61.9s-84.7,37.7-84.7,84.7S230.8,231.3,277.9,231.3z\"><\/path>\t<\/g><\/g><\/svg>\t\t\t<\/a>\n\t\t<\/div>\n\t\t\t\t\t\t<\/div>\n\t\t\t\t<\/div>\n\t\t\t\t\t<\/div>\n\t\t<\/div>\n\t\t\t\t<div class=\"elementor-column elementor-col-33 elementor-inner-column elementor-element elementor-element-abe9de5\" data-id=\"abe9de5\" data-element_type=\"column\" data-e-type=\"column\">\n\t\t\t<div class=\"elementor-widget-wrap elementor-element-populated\">\n\t\t\t\t\t\t<div class=\"elementor-element elementor-element-e1874f5 elementor-view-default elementor-widget elementor-widget-icon\" data-id=\"e1874f5\" data-element_type=\"widget\" data-e-type=\"widget\" data-widget_type=\"icon.default\">\n\t\t\t\t<div class=\"elementor-widget-container\">\n\t\t\t\t\t\t\t<div class=\"elementor-icon-wrapper\">\n\t\t\t<a class=\"elementor-icon\" href=\"https:\/\/www.infoqro.mx\/marcojuridico\/constitucion\/CPELSQ13092024.pdf\" target=\"_blank\" download=\"\">\n\t\t\t<svg xmlns=\"http:\/\/www.w3.org\/2000\/svg\" xmlns:xlink=\"http:\/\/www.w3.org\/1999\/xlink\" id=\"Layer_1\" x=\"0px\" y=\"0px\" viewBox=\"0 0 424 424\" style=\"enable-background:new 0 0 424 424;\" xml:space=\"preserve\"><path d=\"M311.7,161.1L311.7,161.1c-2.5,0-4.8,1-6.5,2.7L223,246V23.5c0-5.1-4.1-9.2-9.2-9.2c-5.1,0-9.2,4.1-9.2,9.2V246l-82.2-82.2 c-1.8-1.8-4.2-2.7-6.5-2.7c-2.4,0-4.7,0.9-6.5,2.7c-1.7,1.7-2.7,4-2.7,6.5s1,4.8,2.7,6.5l97.9,97.9c3.6,3.6,9.4,3.6,13,0l97.9-97.9 c1.7-1.7,2.7-4,2.7-6.5s-1-4.8-2.7-6.5C316.5,162.1,314.2,161.1,311.7,161.1z\"><\/path><path d=\"M26.6,265.1c-5.8,0-10.6,4.7-10.6,10.6v62.8c0,38.5,31.4,69.9,70,70h255.5c38.5,0,69.9-31.4,70-70v-62.8 c0-2.8-1.1-5.5-3.1-7.5s-4.6-3.1-7.5-3.1l0,0c-5.8,0-10.6,4.7-10.6,10.6v62.8c0,26.9-21.9,48.8-48.9,48.9H86.1 c-26.9,0-48.8-21.9-48.9-48.9v-62.8C37.2,269.8,32.5,265.1,26.6,265.1\"><\/path><g>\t<path d=\"M335.3,338.5h-243c-5,0-9-4-9-9s4-9,9-9h243.1c5,0,9,4,9,9S340.3,338.5,335.3,338.5z\"><\/path><\/g><\/svg>\t\t\t<\/a>\n\t\t<\/div>\n\t\t\t\t\t\t<\/div>\n\t\t\t\t<\/div>\n\t\t\t\t\t<\/div>\n\t\t<\/div>\n\t\t\t\t\t<\/div>\n\t\t<\/section>\n\t\t\t\t\t<\/div>\n\t\t<\/div>\n\t\t\t\t\t<\/div>\n\t\t<\/section>\n\t\t\t\t<\/div>\n\t\t","protected":false},"excerpt":{"rendered":"<p>Inicio &nbsp;\u00bb&nbsp;&nbsp;Marco Jur\u00eddico \u00bb&nbsp;Constituciones Constituciones Constituci\u00f3n Pol\u00edtica de los Estados Unidos Mexicanos Constituci\u00f3n Pol\u00edtica del Estado Libre y Soberano de Quer\u00e9taro<\/p>\n","protected":false},"author":1,"featured_media":0,"parent":0,"menu_order":0,"comment_status":"closed","ping_status":"closed","template":"elementor_header_footer","meta":{"_monsterinsights_skip_tracking":false,"_monsterinsights_sitenote_active":false,"_monsterinsights_sitenote_note":"","_monsterinsights_sitenote_category":0,"footnotes":""},"coauthors":[15],"class_list":["post-4812","page","type-page","status-publish","hentry","entry"],"_links":{"self":[{"href":"https:\/\/www.infoqro.mx\/index.php\/wp-json\/wp\/v2\/pages\/4812","targetHints":{"allow":["GET"]}}],"collection":[{"href":"https:\/\/www.infoqro.mx\/index.php\/wp-json\/wp\/v2\/pages"}],"about":[{"href":"https:\/\/www.infoqro.mx\/index.php\/wp-json\/wp\/v2\/types\/page"}],"author":[{"embeddable":true,"href":"https:\/\/www.infoqro.mx\/index.php\/wp-json\/wp\/v2\/users\/1"}],"replies":[{"embeddable":true,"href":"https:\/\/www.infoqro.mx\/index.php\/wp-json\/wp\/v2\/comments?post=4812"}],"version-history":[{"count":0,"href":"https:\/\/www.infoqro.mx\/index.php\/wp-json\/wp\/v2\/pages\/4812\/revisions"}],"wp:attachment":[{"href":"https:\/\/www.infoqro.mx\/index.php\/wp-json\/wp\/v2\/media?parent=4812"}],"wp:term":[{"taxonomy":"author","embeddable":true,"href":"https:\/\/www.infoqro.mx\/index.php\/wp-json\/wp\/v2\/coauthors?post=4812"}],"curies":[{"name":"wp","href":"https:\/\/api.w.org\/{rel}","templated":true}]}}