{"id":4818,"date":"2023-10-26T23:13:09","date_gmt":"2023-10-26T23:13:09","guid":{"rendered":"https:\/\/www.infoqro.mx\/?page_id=4818"},"modified":"2026-01-22T10:44:44","modified_gmt":"2026-01-22T16:44:44","slug":"codigos","status":"publish","type":"page","link":"https:\/\/www.infoqro.mx\/index.php\/codigos\/","title":{"rendered":"C\u00f3digos"},"content":{"rendered":"\t\t<div data-elementor-type=\"wp-page\" data-elementor-id=\"4818\" class=\"elementor elementor-4818\" data-elementor-post-type=\"page\">\n\t\t\t\t\t\t<section class=\"elementor-section elementor-top-section elementor-element elementor-element-2b840e5 elementor-section-boxed elementor-section-height-default elementor-section-height-default\" data-id=\"2b840e5\" data-element_type=\"section\" data-e-type=\"section\" data-settings=\"{&quot;scisco_shape_divider_top&quot;:&quot;none&quot;,&quot;scisco_shape_divider_bottom&quot;:&quot;none&quot;}\">\n\t\t\t\t\t\t<div class=\"elementor-container elementor-column-gap-default\">\n\t\t\t\t\t<div class=\"elementor-column elementor-col-100 elementor-top-column elementor-element elementor-element-1aebbb7\" data-id=\"1aebbb7\" data-element_type=\"column\" data-e-type=\"column\">\n\t\t\t<div class=\"elementor-widget-wrap elementor-element-populated\">\n\t\t\t\t<a class=\"eael-wrapper-link-0ba4727 --eael-wrapper-link-tag\" href=\"https:\/\/www.infoqro.mx\"><\/a>\t\t<div data-eael-wrapper-link=\"eael-wrapper-link-0ba4727\" class=\"elementor-element elementor-element-0ba4727 elementor-widget__width-auto migas elementor-widget elementor-widget-text-editor\" data-id=\"0ba4727\" data-element_type=\"widget\" data-e-type=\"widget\" data-widget_type=\"text-editor.default\">\n\t\t\t\t<div class=\"elementor-widget-container\">\n\t\t\t\t\t\t\t\t\t<p>Inicio<\/p>\t\t\t\t\t\t\t\t<\/div>\n\t\t\t\t<\/div>\n\t\t\t\t<div class=\"elementor-element elementor-element-d31c618 elementor-widget__width-auto migas elementor-widget elementor-widget-text-editor\" data-id=\"d31c618\" data-element_type=\"widget\" data-e-type=\"widget\" data-widget_type=\"text-editor.default\">\n\t\t\t\t<div class=\"elementor-widget-container\">\n\t\t\t\t\t\t\t\t\t<p>&nbsp;\u00bb&nbsp;<span style=\"color: var( --e-global-color-primary ); text-align: right;\">Marco Jur\u00eddico \u00bb<\/span><span style=\"color: var( --e-global-color-primary ); font-weight: 800; text-align: right;\">&nbsp;C\u00f3digos<\/span><\/p>\t\t\t\t\t\t\t\t<\/div>\n\t\t\t\t<\/div>\n\t\t\t\t\t<\/div>\n\t\t<\/div>\n\t\t\t\t\t<\/div>\n\t\t<\/section>\n\t\t\t\t<section class=\"elementor-section elementor-top-section elementor-element elementor-element-f6ec15b elementor-section-boxed elementor-section-height-default elementor-section-height-default\" data-id=\"f6ec15b\" data-element_type=\"section\" data-e-type=\"section\" data-settings=\"{&quot;scisco_shape_divider_top&quot;:&quot;none&quot;,&quot;scisco_shape_divider_bottom&quot;:&quot;none&quot;}\">\n\t\t\t\t\t\t<div class=\"elementor-container elementor-column-gap-default\">\n\t\t\t\t\t<div class=\"elementor-column elementor-col-33 elementor-top-column elementor-element elementor-element-64ea014\" data-id=\"64ea014\" data-element_type=\"column\" data-e-type=\"column\">\n\t\t\t<div class=\"elementor-widget-wrap elementor-element-populated\">\n\t\t\t\t\t\t<div class=\"elementor-element elementor-element-2c48ed7 elementor-widget__width-initial elementor-widget elementor-widget-image\" data-id=\"2c48ed7\" data-element_type=\"widget\" data-e-type=\"widget\" data-widget_type=\"image.default\">\n\t\t\t\t<div class=\"elementor-widget-container\">\n\t\t\t\t\t\t\t\t\t\t\t\t\t\t\t<img decoding=\"async\" src=\"https:\/\/www.infoqro.mx\/wp-content\/uploads\/2023\/11\/codigo-4.png\" title=\"codigo-4\" alt=\"codigo-4\" loading=\"lazy\" \/>\t\t\t\t\t\t\t\t\t\t\t\t\t\t\t<\/div>\n\t\t\t\t<\/div>\n\t\t\t\t\t<\/div>\n\t\t<\/div>\n\t\t\t\t<div class=\"elementor-column elementor-col-66 elementor-top-column elementor-element elementor-element-6c25824\" data-id=\"6c25824\" data-element_type=\"column\" data-e-type=\"column\">\n\t\t\t<div class=\"elementor-widget-wrap elementor-element-populated\">\n\t\t\t\t\t\t<div class=\"elementor-element elementor-element-6e11bc1 elementor-widget__width-initial elementor-widget-mobile__width-initial elementor-widget elementor-widget-heading\" data-id=\"6e11bc1\" data-element_type=\"widget\" data-e-type=\"widget\" data-widget_type=\"heading.default\">\n\t\t\t\t<div class=\"elementor-widget-container\">\n\t\t\t\t\t<h2 class=\"elementor-heading-title elementor-size-default\">C\u00f3digos<\/h2>\t\t\t\t<\/div>\n\t\t\t\t<\/div>\n\t\t\t\t<div class=\"elementor-element elementor-element-d287381 elementor-widget__width-initial elementor-widget-tablet__width-initial resoluciones elementor-widget elementor-widget-eael-adv-tabs\" data-id=\"d287381\" data-element_type=\"widget\" data-e-type=\"widget\" data-widget_type=\"eael-adv-tabs.default\">\n\t\t\t\t<div class=\"elementor-widget-container\">\n\t\t\t\t\t        <div data-scroll-on-click=\"no\" data-scroll-speed=\"300\" id=\"eael-advance-tabs-d287381\" class=\"eael-advance-tabs eael-tabs-horizontal eael-tab-auto-active  active-caret-on\" data-tabid=\"d287381\">\n            <div class=\"eael-tabs-nav \">\n                <ul class=\"\" role=\"tablist\">\n                                            <li id=\"locales\" class=\"inactive eael-tab-item-trigger eael-tab-nav-item\" aria-selected=\"true\" data-tab=\"1\" role=\"tab\" tabindex=\"0\" aria-controls=\"locales-tab\" aria-expanded=\"false\">\n                            \n                            \n                            \n                                                            <span class=\"eael-tab-title title-after-icon\" >Locales<\/span>                                                    <\/li>\n                    \n                                  <\/ul>\n            <\/div>\n            \n            <div class=\"eael-tabs-content\">\n\t\t        \n                    <div id=\"locales-tab\" class=\"clearfix eael-tab-content-item inactive\" data-title-link=\"locales-tab\">\n\t\t\t\t        <div class=\"table-responsive\"><table class=\"table table-hover\"><tbody><tr><td data-sheets-value=\"{&quot;1&quot;:2,&quot;2&quot;:&quot;DPDP-UVGD-01-2023-DESECHAMIENTO&quot;}\" data-sheets-hyperlink=\"https:\/\/apps.infoqro.mx\/resoluciones\/wp-content\/uploads\/2023\/10\/DPDP-UVGD-01-2023-DESECHAMIENTO_T.pdf\">C\u00f3digo Civil del Estado de Quer\u00e9taro<\/td><td style=\"width: 100px;\" data-sheets-value=\"{&quot;1&quot;:3,&quot;3&quot;:1}\"><a href=\"https:\/\/www.infoqro.mx\/marcojuridico\/codigos_locales\/CODIGO-CIVIL-07-03-2025.pdf?_t=1751910319\" target=\"_blank\" rel=\"noopener\"><img decoding=\"async\" class=\"alignnone wp-image-5612\" src=\"https:\/\/www.infoqro.mx\/wp-content\/uploads\/2023\/11\/vista_verde-01.svg\" alt=\"\" width=\"40\" height=\"40\" \/><\/a><\/td><td style=\"width: 100px;\" data-sheets-value=\"{&quot;1&quot;:3,&quot;3&quot;:1}\"><a href=\"https:\/\/www.infoqro.mx\/marcojuridico\/codigos_locales\/CODIGO-CIVIL-07-03-2025.pdf?_t=1751910319\" target=\"_blank\" rel=\"noopener\"><img decoding=\"async\" class=\"aligncenter wp-image-5350\" src=\"https:\/\/www.infoqro.mx\/wp-content\/uploads\/2023\/11\/descarga_verde-01.svg\" alt=\"\" width=\"35\" height=\"49\" \/><\/a><\/td><\/tr><tr><td data-sheets-value=\"{&quot;1&quot;:2,&quot;2&quot;:&quot;DIOT-UVGD-01-2023-RESOLUCI\u00d3N&quot;}\" data-sheets-hyperlink=\"https:\/\/apps.infoqro.mx\/resoluciones\/wp-content\/uploads\/2023\/08\/DIOT-UVGD-01-2023-RESOLUCION.pdf\">C\u00f3digo de Procedimientos Civiles del Estado de Quer\u00e9taro<\/td><td><a href=\"https:\/\/www.infoqro.mx\/marcojuridico\/codigos_locales\/CODIGODEPROCEDIMIENTOSCIVILES.pdf\" target=\"_blank\" rel=\"noopener\"><img decoding=\"async\" class=\"alignnone wp-image-5612\" src=\"https:\/\/www.infoqro.mx\/wp-content\/uploads\/2023\/11\/vista_verde-01.svg\" alt=\"\" width=\"40\" height=\"40\" \/><\/a><\/td><td><a href=\"https:\/\/www.infoqro.mx\/marcojuridico\/codigos_locales\/CODIGODEPROCEDIMIENTOSCIVILES.pdf\" target=\"_blank\" rel=\"noopener\"><img decoding=\"async\" class=\"aligncenter wp-image-5350\" src=\"https:\/\/www.infoqro.mx\/wp-content\/uploads\/2023\/11\/descarga_verde-01.svg\" alt=\"\" width=\"35\" height=\"49\" \/><\/a><\/td><\/tr><tr><td data-sheets-value=\"{&quot;1&quot;:2,&quot;2&quot;:&quot;DIOT-UVGD-03-2023 DESECHAMIENTO&quot;}\" data-sheets-hyperlink=\"https:\/\/portal.infoqro.mx\/resoluciones\/2023\/DIOT-OPNT-03-2023%20DESECHAMIENTO-T.pdf\">C\u00f3digo Penal para el Estado de Quer\u00e9taro<\/td><td><a href=\"https:\/\/www.infoqro.mx\/marcojuridico\/codigos_locales\/CODIGOPENAL-07112025.pdf\" target=\"_blank\" rel=\"noopener\"><img decoding=\"async\" class=\"alignnone wp-image-5612\" src=\"https:\/\/www.infoqro.mx\/wp-content\/uploads\/2023\/11\/vista_verde-01.svg\" alt=\"\" width=\"40\" height=\"40\" \/><\/a><\/td><td><a href=\"https:\/\/www.infoqro.mx\/marcojuridico\/codigos_locales\/CODIGOPENAL-07112025.pdf\" target=\"_blank\" rel=\"noopener\"><img decoding=\"async\" class=\"aligncenter wp-image-5350\" src=\"https:\/\/www.infoqro.mx\/wp-content\/uploads\/2023\/11\/descarga_verde-01.svg\" alt=\"\" width=\"35\" height=\"49\" \/><\/a><\/td><\/tr><\/tbody><\/table><\/div>                    <\/div>\n\t\t                    <\/div>\n        <\/div>\n\t\t\t\t<\/div>\n\t\t\t\t<\/div>\n\t\t\t\t\t<\/div>\n\t\t<\/div>\n\t\t\t\t\t<\/div>\n\t\t<\/section>\n\t\t\t\t<\/div>\n\t\t","protected":false},"excerpt":{"rendered":"<p>Inicio &nbsp;\u00bb&nbsp;Marco Jur\u00eddico \u00bb&nbsp;C\u00f3digos C\u00f3digos Locales C\u00f3digo Civil del Estado de Quer\u00e9taro C\u00f3digo de Procedimientos Civiles del Estado de Quer\u00e9taro C\u00f3digo Penal para el Estado de Quer\u00e9taro<\/p>\n","protected":false},"author":1,"featured_media":0,"parent":0,"menu_order":0,"comment_status":"closed","ping_status":"closed","template":"elementor_header_footer","meta":{"_monsterinsights_skip_tracking":false,"_monsterinsights_sitenote_active":false,"_monsterinsights_sitenote_note":"","_monsterinsights_sitenote_category":0,"footnotes":""},"coauthors":[15],"class_list":["post-4818","page","type-page","status-publish","hentry","entry"],"_links":{"self":[{"href":"https:\/\/www.infoqro.mx\/index.php\/wp-json\/wp\/v2\/pages\/4818","targetHints":{"allow":["GET"]}}],"collection":[{"href":"https:\/\/www.infoqro.mx\/index.php\/wp-json\/wp\/v2\/pages"}],"about":[{"href":"https:\/\/www.infoqro.mx\/index.php\/wp-json\/wp\/v2\/types\/page"}],"author":[{"embeddable":true,"href":"https:\/\/www.infoqro.mx\/index.php\/wp-json\/wp\/v2\/users\/1"}],"replies":[{"embeddable":true,"href":"https:\/\/www.infoqro.mx\/index.php\/wp-json\/wp\/v2\/comments?post=4818"}],"version-history":[{"count":0,"href":"https:\/\/www.infoqro.mx\/index.php\/wp-json\/wp\/v2\/pages\/4818\/revisions"}],"wp:attachment":[{"href":"https:\/\/www.infoqro.mx\/index.php\/wp-json\/wp\/v2\/media?parent=4818"}],"wp:term":[{"taxonomy":"author","embeddable":true,"href":"https:\/\/www.infoqro.mx\/index.php\/wp-json\/wp\/v2\/coauthors?post=4818"}],"curies":[{"name":"wp","href":"https:\/\/api.w.org\/{rel}","templated":true}]}}