{"id":4820,"date":"2023-10-26T23:13:21","date_gmt":"2023-10-26T23:13:21","guid":{"rendered":"https:\/\/www.infoqro.mx\/?page_id=4820"},"modified":"2024-12-09T14:25:10","modified_gmt":"2024-12-09T20:25:10","slug":"reglamentos","status":"publish","type":"page","link":"https:\/\/www.infoqro.mx\/index.php\/reglamentos\/","title":{"rendered":"Reglamentos"},"content":{"rendered":"\t\t<div data-elementor-type=\"wp-page\" data-elementor-id=\"4820\" class=\"elementor elementor-4820\" data-elementor-post-type=\"page\">\n\t\t\t\t\t\t<section class=\"elementor-section elementor-top-section elementor-element elementor-element-1e60ffc elementor-section-boxed elementor-section-height-default elementor-section-height-default\" data-id=\"1e60ffc\" data-element_type=\"section\" data-e-type=\"section\" data-settings=\"{&quot;scisco_shape_divider_top&quot;:&quot;none&quot;,&quot;scisco_shape_divider_bottom&quot;:&quot;none&quot;}\">\n\t\t\t\t\t\t<div class=\"elementor-container elementor-column-gap-default\">\n\t\t\t\t\t<div class=\"elementor-column elementor-col-100 elementor-top-column elementor-element elementor-element-7b50e6f\" data-id=\"7b50e6f\" data-element_type=\"column\" data-e-type=\"column\">\n\t\t\t<div class=\"elementor-widget-wrap elementor-element-populated\">\n\t\t\t\t<a class=\"eael-wrapper-link-d8855d7 --eael-wrapper-link-tag\" href=\"https:\/\/www.infoqro.mx\"><\/a>\t\t<div data-eael-wrapper-link=\"eael-wrapper-link-d8855d7\" class=\"elementor-element elementor-element-d8855d7 elementor-widget__width-auto migas elementor-widget elementor-widget-text-editor\" data-id=\"d8855d7\" data-element_type=\"widget\" data-e-type=\"widget\" data-widget_type=\"text-editor.default\">\n\t\t\t\t<div class=\"elementor-widget-container\">\n\t\t\t\t\t\t\t\t\t<p>Inicio<\/p>\t\t\t\t\t\t\t\t<\/div>\n\t\t\t\t<\/div>\n\t\t\t\t<div class=\"elementor-element elementor-element-fddfbcb elementor-widget__width-auto migas elementor-widget elementor-widget-text-editor\" data-id=\"fddfbcb\" data-element_type=\"widget\" data-e-type=\"widget\" data-widget_type=\"text-editor.default\">\n\t\t\t\t<div class=\"elementor-widget-container\">\n\t\t\t\t\t\t\t\t\t<p>&nbsp;\u00bb&nbsp;<span style=\"color: var( --e-global-color-primary ); text-align: right;\">Marco Normativo \u00bb<\/span><span style=\"color: var( --e-global-color-primary ); font-weight: 800; text-align: right;\">&nbsp;Reglamentos<\/span><\/p>\t\t\t\t\t\t\t\t<\/div>\n\t\t\t\t<\/div>\n\t\t\t\t\t<\/div>\n\t\t<\/div>\n\t\t\t\t\t<\/div>\n\t\t<\/section>\n\t\t\t\t<section class=\"elementor-section elementor-top-section elementor-element elementor-element-1f35a29 elementor-section-boxed elementor-section-height-default elementor-section-height-default\" data-id=\"1f35a29\" data-element_type=\"section\" data-e-type=\"section\" data-settings=\"{&quot;scisco_shape_divider_top&quot;:&quot;none&quot;,&quot;scisco_shape_divider_bottom&quot;:&quot;none&quot;}\">\n\t\t\t\t\t\t<div class=\"elementor-container elementor-column-gap-default\">\n\t\t\t\t\t<div class=\"elementor-column elementor-col-33 elementor-top-column elementor-element elementor-element-1cb4b8e\" data-id=\"1cb4b8e\" data-element_type=\"column\" data-e-type=\"column\">\n\t\t\t<div class=\"elementor-widget-wrap elementor-element-populated\">\n\t\t\t\t\t\t<div class=\"elementor-element elementor-element-5795e4a elementor-widget__width-initial elementor-widget elementor-widget-image\" data-id=\"5795e4a\" data-element_type=\"widget\" data-e-type=\"widget\" data-widget_type=\"image.default\">\n\t\t\t\t<div class=\"elementor-widget-container\">\n\t\t\t\t\t\t\t\t\t\t\t\t\t\t\t<img decoding=\"async\" src=\"https:\/\/www.infoqro.mx\/wp-content\/uploads\/2023\/11\/reglamento-2.png\" title=\"reglamento-2\" alt=\"reglamento-2\" loading=\"lazy\" \/>\t\t\t\t\t\t\t\t\t\t\t\t\t\t\t<\/div>\n\t\t\t\t<\/div>\n\t\t\t\t\t<\/div>\n\t\t<\/div>\n\t\t\t\t<div class=\"elementor-column elementor-col-66 elementor-top-column elementor-element elementor-element-c862bf0\" data-id=\"c862bf0\" data-element_type=\"column\" data-e-type=\"column\">\n\t\t\t<div class=\"elementor-widget-wrap elementor-element-populated\">\n\t\t\t\t\t\t<div class=\"elementor-element elementor-element-5708a39 elementor-widget__width-initial elementor-widget-mobile__width-initial elementor-widget elementor-widget-heading\" data-id=\"5708a39\" data-element_type=\"widget\" data-e-type=\"widget\" data-widget_type=\"heading.default\">\n\t\t\t\t<div class=\"elementor-widget-container\">\n\t\t\t\t\t<h2 class=\"elementor-heading-title elementor-size-default\">Reglamentos<\/h2>\t\t\t\t<\/div>\n\t\t\t\t<\/div>\n\t\t\t\t<div class=\"elementor-element elementor-element-576b3b9 elementor-widget__width-initial elementor-widget-tablet__width-initial resoluciones elementor-widget elementor-widget-eael-adv-tabs\" data-id=\"576b3b9\" data-element_type=\"widget\" data-e-type=\"widget\" data-widget_type=\"eael-adv-tabs.default\">\n\t\t\t\t<div class=\"elementor-widget-container\">\n\t\t\t\t\t        <div data-scroll-on-click=\"no\" data-scroll-speed=\"300\" id=\"eael-advance-tabs-576b3b9\" class=\"eael-advance-tabs eael-tabs-horizontal eael-tab-auto-active  active-caret-on\" data-tabid=\"576b3b9\">\n            <div class=\"eael-tabs-nav \">\n                <ul class=\"\" role=\"tablist\">\n                                            <li id=\"federales\" class=\"inactive eael-tab-item-trigger eael-tab-nav-item\" aria-selected=\"true\" data-tab=\"1\" role=\"tab\" tabindex=\"0\" aria-controls=\"federales-tab\" aria-expanded=\"false\">\n                            \n                            \n                            \n                                                            <span class=\"eael-tab-title title-after-icon\" >Federales<\/span>                                                    <\/li>\n                                            <li id=\"locales\" class=\"inactive eael-tab-item-trigger eael-tab-nav-item\" aria-selected=\"false\" data-tab=\"2\" role=\"tab\" tabindex=\"-1\" aria-controls=\"locales-tab\" aria-expanded=\"false\">\n                            \n                            \n                            \n                                                            <span class=\"eael-tab-title title-after-icon\" >Locales<\/span>                                                    <\/li>\n                    \n                                  <\/ul>\n            <\/div>\n            \n            <div class=\"eael-tabs-content\">\n\t\t        \n                    <div id=\"federales-tab\" class=\"clearfix eael-tab-content-item inactive\" data-title-link=\"federales-tab\">\n\t\t\t\t        <div class=\"table-responsive\"><table class=\"table table-hover\"><tbody><tr><td>Reglamento de la Ley Federal de Protecci\u00f3n de Datos Personales en Posesi\u00f3n de los Particulares<\/td><td style=\"width: 100px\"><a href=\"https:\/\/portal.infoqro.mx\/transparencia\/normatividad\/reglamentos\/federal\/reglamento_ley_federal_proteccion_datos_particulares.pdf\" target=\"_blank\" rel=\"noopener\"><img decoding=\"async\" class=\"alignnone wp-image-5612 \" src=\"https:\/\/www.infoqro.mx\/wp-content\/uploads\/2023\/11\/vista_verde-01.svg\" alt=\"\" width=\"40\" height=\"40\" \/><\/a><\/td><td style=\"width: 100px\"><a href=\"https:\/\/portal.infoqro.mx\/transparencia\/normatividad\/reglamentos\/federal\/reglamento_ley_federal_proteccion_datos_particulares.pdf\" target=\"_blank\" rel=\"noopener\"><img decoding=\"async\" class=\"wp-image-5350 aligncenter\" src=\"https:\/\/www.infoqro.mx\/wp-content\/uploads\/2023\/11\/descarga_verde-01.svg\" alt=\"\" width=\"35\" height=\"49\" \/><\/a><\/td><\/tr><tr><td>Reglamento de la Ley Federal de Transparencia y Acceso a la Informaci\u00f3n P\u00fablica Gubernamental<\/td><td><a href=\"https:\/\/portal.infoqro.mx\/transparencia\/normatividad\/reglamentos\/federal\/reglamento_ley_federal_transparencia.pdf\" target=\"_blank\" rel=\"noopener\"><img decoding=\"async\" class=\"alignnone wp-image-5612 \" src=\"https:\/\/www.infoqro.mx\/wp-content\/uploads\/2023\/11\/vista_verde-01.svg\" alt=\"\" width=\"40\" height=\"40\" \/><\/a><\/td><td><a href=\"https:\/\/portal.infoqro.mx\/transparencia\/normatividad\/reglamentos\/federal\/reglamento_ley_federal_transparencia.pdf\" target=\"_blank\" rel=\"noopener\"><img decoding=\"async\" class=\"wp-image-5350 aligncenter\" src=\"https:\/\/www.infoqro.mx\/wp-content\/uploads\/2023\/11\/descarga_verde-01.svg\" alt=\"\" width=\"35\" height=\"49\" \/><\/a><\/td><\/tr><\/tbody><\/table><\/div>                    <\/div>\n\t\t        \n                    <div id=\"locales-tab\" class=\"clearfix eael-tab-content-item inactive\" data-title-link=\"locales-tab\">\n\t\t\t\t        <div class=\"table-responsive\"><table class=\"table table-hover\"><tbody><tr><td>Reglamento del Comit\u00e9 de Adquisiciones, Enajenaciones, Arrendamientos y Contrataci\u00f3n de Servicios de la Comisi\u00f3n de Transparencia y Acceso a la Informaci\u00f3n P\u00fablica del Estado de Quer\u00e9taro<\/td><td style=\"width: 100px\"><a href=\"https:\/\/portal.infoqro.mx\/transparencia\/normatividad\/reglamentos\/local\/reglamento_comite_adquisiciones_infoqro.pdf\" target=\"_blank\" rel=\"noopener\"><img decoding=\"async\" class=\"alignnone wp-image-5612 \" src=\"https:\/\/www.infoqro.mx\/wp-content\/uploads\/2023\/11\/vista_verde-01.svg\" alt=\"\" width=\"40\" height=\"40\" \/><\/a><\/td><td style=\"width: 100px\"><a href=\"https:\/\/portal.infoqro.mx\/transparencia\/normatividad\/reglamentos\/local\/reglamento_comite_adquisiciones_infoqro.pdf\" target=\"_blank\" rel=\"noopener\"><img decoding=\"async\" class=\"wp-image-5350 aligncenter\" src=\"https:\/\/www.infoqro.mx\/wp-content\/uploads\/2023\/11\/descarga_verde-01.svg\" alt=\"\" width=\"35\" height=\"49\" \/><\/a><\/td><\/tr><tr><td>Reglamento del Comit\u00e9 de Transparencia de la Comisi\u00f3n de Transparencia y Acceso a la Informaci\u00f3n P\u00fablica del Estado de Quer\u00e9taro<\/td><td><a href=\"https:\/\/portal.infoqro.mx\/transparencia\/normatividad\/reglamentos\/local\/reglamento_comite_transparencia_infoqro.pdf\" target=\"_blank\" rel=\"noopener\"><img decoding=\"async\" class=\"alignnone wp-image-5612 \" src=\"https:\/\/www.infoqro.mx\/wp-content\/uploads\/2023\/11\/vista_verde-01.svg\" alt=\"\" width=\"40\" height=\"40\" \/><\/a><\/td><td><a href=\"https:\/\/portal.infoqro.mx\/transparencia\/normatividad\/reglamentos\/local\/reglamento_comite_transparencia_infoqro.pdf\" target=\"_blank\" rel=\"noopener\"><img decoding=\"async\" class=\"wp-image-5350 aligncenter\" src=\"https:\/\/www.infoqro.mx\/wp-content\/uploads\/2023\/11\/descarga_verde-01.svg\" alt=\"\" width=\"35\" height=\"49\" \/><\/a><\/td><\/tr><tr><td>Reglamento Interior de la Comisi\u00f3n de Transparencia, Acceso a la Informaci\u00f3n P\u00fablica y Protecci\u00f3n de Datos Personales del Estado de Quer\u00e9taro<\/td><td><a href=\"https:\/\/portal.infoqro.mx\/transparencia\/normatividad\/reglamentos\/local\/reglamento_interior_infoqro.pdf\" target=\"_blank\" rel=\"noopener\"><img decoding=\"async\" class=\"alignnone wp-image-5612 \" src=\"https:\/\/www.infoqro.mx\/wp-content\/uploads\/2023\/11\/vista_verde-01.svg\" alt=\"\" width=\"40\" height=\"40\" \/><\/a><\/td><td><a href=\"https:\/\/portal.infoqro.mx\/transparencia\/normatividad\/reglamentos\/local\/reglamento_interior_infoqro.pdf\" target=\"_blank\" rel=\"noopener\"><img decoding=\"async\" class=\"wp-image-5350 aligncenter\" src=\"https:\/\/www.infoqro.mx\/wp-content\/uploads\/2023\/11\/descarga_verde-01.svg\" alt=\"\" width=\"35\" height=\"49\" \/><\/a><\/td><\/tr><tr><td>Reglamento para el Uso de Veh\u00edculos de la Comisi\u00f3n de Transparencia, Acceso a la Informaci\u00f3n P\u00fablica y Protecci\u00f3n de Datos Personales del Estado de Quer\u00e9taro<\/td><td><a href=\"https:\/\/portal.infoqro.mx\/transparencia\/normatividad\/reglamentos\/local\/reglamento_uso_vehiculos_infoqro.pdf\" target=\"_blank\" rel=\"noopener\"><img decoding=\"async\" class=\"alignnone wp-image-5612 \" src=\"https:\/\/www.infoqro.mx\/wp-content\/uploads\/2023\/11\/vista_verde-01.svg\" alt=\"\" width=\"40\" height=\"40\" \/><\/a><\/td><td><a href=\"https:\/\/portal.infoqro.mx\/transparencia\/normatividad\/reglamentos\/local\/reglamento_uso_vehiculos_infoqro.pdf\" target=\"_blank\" rel=\"noopener\"><img decoding=\"async\" class=\"wp-image-5350 aligncenter\" src=\"https:\/\/www.infoqro.mx\/wp-content\/uploads\/2023\/11\/descarga_verde-01.svg\" alt=\"\" width=\"35\" height=\"49\" \/><\/a><\/td><\/tr><tr><td>Manual de Organizaci\u00f3n INFOQRO<\/td><td><a href=\"https:\/\/www.infoqro.mx\/marcojuridico\/reglamentos_locales\/Manual_de_Orgnizacion_2024.pdf\" target=\"_blank\" rel=\"noopener\"><img decoding=\"async\" class=\"alignnone wp-image-5612\" src=\"https:\/\/www.infoqro.mx\/wp-content\/uploads\/2023\/11\/vista_verde-01.svg\" alt=\"\" width=\"40\" height=\"40\" \/><\/a><\/td><td><a href=\"https:\/\/www.infoqro.mx\/marcojuridico\/reglamentos_locales\/Manual_de_Orgnizacion_2024.pdf\" target=\"_blank\" rel=\"noopener\"><img loading=\"lazy\" decoding=\"async\" class=\"aligncenter wp-image-5350\" src=\"https:\/\/www.infoqro.mx\/wp-content\/uploads\/2023\/11\/descarga_verde-01.svg\" alt=\"\" width=\"35\" height=\"49\" \/><\/a><\/td><\/tr><\/tbody><\/table><\/div>                    <\/div>\n\t\t                    <\/div>\n        <\/div>\n\t\t\t\t<\/div>\n\t\t\t\t<\/div>\n\t\t\t\t\t<\/div>\n\t\t<\/div>\n\t\t\t\t\t<\/div>\n\t\t<\/section>\n\t\t\t\t<\/div>\n\t\t","protected":false},"excerpt":{"rendered":"<p>Inicio &nbsp;\u00bb&nbsp;Marco Normativo \u00bb&nbsp;Reglamentos Reglamentos Federales Locales Reglamento de la Ley Federal de Protecci\u00f3n de Datos Personales en Posesi\u00f3n de los Particulares Reglamento de la Ley Federal de Transparencia y Acceso a la Informaci\u00f3n P\u00fablica Gubernamental Reglamento del Comit\u00e9 de Adquisiciones, Enajenaciones, Arrendamientos y Contrataci\u00f3n de Servicios de la Comisi\u00f3n de Transparencia y Acceso a&hellip; <a class=\"more-link\" href=\"https:\/\/www.infoqro.mx\/index.php\/reglamentos\/\">Seguir leyendo <span class=\"screen-reader-text\">Reglamentos<\/span><\/a><\/p>\n","protected":false},"author":1,"featured_media":0,"parent":0,"menu_order":0,"comment_status":"closed","ping_status":"closed","template":"elementor_header_footer","meta":{"_monsterinsights_skip_tracking":false,"_monsterinsights_sitenote_active":false,"_monsterinsights_sitenote_note":"","_monsterinsights_sitenote_category":0,"footnotes":""},"coauthors":[15],"class_list":["post-4820","page","type-page","status-publish","hentry","entry"],"_links":{"self":[{"href":"https:\/\/www.infoqro.mx\/index.php\/wp-json\/wp\/v2\/pages\/4820","targetHints":{"allow":["GET"]}}],"collection":[{"href":"https:\/\/www.infoqro.mx\/index.php\/wp-json\/wp\/v2\/pages"}],"about":[{"href":"https:\/\/www.infoqro.mx\/index.php\/wp-json\/wp\/v2\/types\/page"}],"author":[{"embeddable":true,"href":"https:\/\/www.infoqro.mx\/index.php\/wp-json\/wp\/v2\/users\/1"}],"replies":[{"embeddable":true,"href":"https:\/\/www.infoqro.mx\/index.php\/wp-json\/wp\/v2\/comments?post=4820"}],"version-history":[{"count":0,"href":"https:\/\/www.infoqro.mx\/index.php\/wp-json\/wp\/v2\/pages\/4820\/revisions"}],"wp:attachment":[{"href":"https:\/\/www.infoqro.mx\/index.php\/wp-json\/wp\/v2\/media?parent=4820"}],"wp:term":[{"taxonomy":"author","embeddable":true,"href":"https:\/\/www.infoqro.mx\/index.php\/wp-json\/wp\/v2\/coauthors?post=4820"}],"curies":[{"name":"wp","href":"https:\/\/api.w.org\/{rel}","templated":true}]}}