{"id":4822,"date":"2023-10-26T23:13:37","date_gmt":"2023-10-26T23:13:37","guid":{"rendered":"https:\/\/www.infoqro.mx\/?page_id=4822"},"modified":"2026-04-01T14:57:57","modified_gmt":"2026-04-01T20:57:57","slug":"acuerdos","status":"publish","type":"page","link":"https:\/\/www.infoqro.mx\/index.php\/acuerdos\/","title":{"rendered":"Acuerdos"},"content":{"rendered":"\t\t<div data-elementor-type=\"wp-page\" data-elementor-id=\"4822\" class=\"elementor elementor-4822\" data-elementor-post-type=\"page\">\n\t\t\t\t\t\t<section class=\"elementor-section elementor-top-section elementor-element elementor-element-f4af9e9 elementor-section-boxed elementor-section-height-default elementor-section-height-default\" data-id=\"f4af9e9\" data-element_type=\"section\" data-e-type=\"section\" data-settings=\"{&quot;scisco_shape_divider_top&quot;:&quot;none&quot;,&quot;scisco_shape_divider_bottom&quot;:&quot;none&quot;}\">\n\t\t\t\t\t\t<div class=\"elementor-container elementor-column-gap-default\">\n\t\t\t\t\t<div class=\"elementor-column elementor-col-100 elementor-top-column elementor-element elementor-element-2fe9366\" data-id=\"2fe9366\" data-element_type=\"column\" data-e-type=\"column\">\n\t\t\t<div class=\"elementor-widget-wrap elementor-element-populated\">\n\t\t\t\t<a class=\"eael-wrapper-link-e0b8ba7 --eael-wrapper-link-tag\" href=\"https:\/\/www.infoqro.mx\"><\/a>\t\t<div data-eael-wrapper-link=\"eael-wrapper-link-e0b8ba7\" class=\"elementor-element elementor-element-e0b8ba7 elementor-widget__width-auto migas elementor-widget elementor-widget-text-editor\" data-id=\"e0b8ba7\" data-element_type=\"widget\" data-e-type=\"widget\" data-widget_type=\"text-editor.default\">\n\t\t\t\t<div class=\"elementor-widget-container\">\n\t\t\t\t\t\t\t\t\t<p>Inicio<\/p>\t\t\t\t\t\t\t\t<\/div>\n\t\t\t\t<\/div>\n\t\t\t\t<div class=\"elementor-element elementor-element-9e3806a elementor-widget__width-auto migas elementor-widget elementor-widget-text-editor\" data-id=\"9e3806a\" data-element_type=\"widget\" data-e-type=\"widget\" data-widget_type=\"text-editor.default\">\n\t\t\t\t<div class=\"elementor-widget-container\">\n\t\t\t\t\t\t\t\t\t<p>&nbsp;\u00bb&nbsp;<span style=\"color: var( --e-global-color-primary );text-align: right\">Marco Jur\u00eddico \u00bb<\/span><span style=\"color: var( --e-global-color-primary );font-weight: 800;text-align: right\">&nbsp;Acuerdos<\/span><\/p>\t\t\t\t\t\t\t\t<\/div>\n\t\t\t\t<\/div>\n\t\t\t\t\t<\/div>\n\t\t<\/div>\n\t\t\t\t\t<\/div>\n\t\t<\/section>\n\t\t\t\t<section class=\"elementor-section elementor-top-section elementor-element elementor-element-f190521 elementor-section-boxed elementor-section-height-default elementor-section-height-default\" data-id=\"f190521\" data-element_type=\"section\" data-e-type=\"section\" data-settings=\"{&quot;scisco_shape_divider_top&quot;:&quot;none&quot;,&quot;scisco_shape_divider_bottom&quot;:&quot;none&quot;}\">\n\t\t\t\t\t\t<div class=\"elementor-container elementor-column-gap-default\">\n\t\t\t\t\t<div class=\"elementor-column elementor-col-33 elementor-top-column elementor-element elementor-element-0ffc937\" data-id=\"0ffc937\" data-element_type=\"column\" data-e-type=\"column\">\n\t\t\t<div class=\"elementor-widget-wrap elementor-element-populated\">\n\t\t\t\t\t\t<div class=\"elementor-element elementor-element-e39a1e3 elementor-widget__width-initial elementor-widget elementor-widget-image\" data-id=\"e39a1e3\" data-element_type=\"widget\" data-e-type=\"widget\" data-widget_type=\"image.default\">\n\t\t\t\t<div class=\"elementor-widget-container\">\n\t\t\t\t\t\t\t\t\t\t\t\t\t\t\t<img decoding=\"async\" src=\"https:\/\/www.infoqro.mx\/wp-content\/uploads\/2023\/11\/acuerdos-6.png\" title=\"acuerdos-6\" alt=\"acuerdos-6\" loading=\"lazy\" \/>\t\t\t\t\t\t\t\t\t\t\t\t\t\t\t<\/div>\n\t\t\t\t<\/div>\n\t\t\t\t\t<\/div>\n\t\t<\/div>\n\t\t\t\t<div class=\"elementor-column elementor-col-66 elementor-top-column elementor-element elementor-element-38e439a\" data-id=\"38e439a\" data-element_type=\"column\" data-e-type=\"column\">\n\t\t\t<div class=\"elementor-widget-wrap elementor-element-populated\">\n\t\t\t\t\t\t<div class=\"elementor-element elementor-element-6ad1e76 elementor-widget__width-initial elementor-widget-mobile__width-initial elementor-widget elementor-widget-heading\" data-id=\"6ad1e76\" data-element_type=\"widget\" data-e-type=\"widget\" data-widget_type=\"heading.default\">\n\t\t\t\t<div class=\"elementor-widget-container\">\n\t\t\t\t\t<h2 class=\"elementor-heading-title elementor-size-default\">Acuerdos<\/h2>\t\t\t\t<\/div>\n\t\t\t\t<\/div>\n\t\t\t\t<div class=\"elementor-element elementor-element-5229160 elementor-widget__width-initial elementor-widget-tablet__width-initial resoluciones elementor-widget elementor-widget-eael-adv-tabs\" data-id=\"5229160\" data-element_type=\"widget\" data-e-type=\"widget\" data-widget_type=\"eael-adv-tabs.default\">\n\t\t\t\t<div class=\"elementor-widget-container\">\n\t\t\t\t\t        <div data-scroll-on-click=\"no\" data-scroll-speed=\"300\" id=\"eael-advance-tabs-5229160\" class=\"eael-advance-tabs eael-tabs-horizontal eael-tab-auto-active  active-caret-on\" data-tabid=\"5229160\">\n            <div class=\"eael-tabs-nav \">\n                <ul class=\"\" role=\"tablist\">\n                                            <li id=\"federales\" class=\"inactive eael-tab-item-trigger eael-tab-nav-item\" aria-selected=\"true\" data-tab=\"1\" role=\"tab\" tabindex=\"0\" aria-controls=\"federales-tab\" aria-expanded=\"false\">\n                            \n                            \n                            \n                                                            <span class=\"eael-tab-title title-after-icon\" >Federales<\/span>                                                    <\/li>\n                                            <li id=\"locales\" class=\"inactive eael-tab-item-trigger eael-tab-nav-item\" aria-selected=\"false\" data-tab=\"2\" role=\"tab\" tabindex=\"-1\" aria-controls=\"locales-tab\" aria-expanded=\"false\">\n                            \n                            \n                            \n                                                            <span class=\"eael-tab-title title-after-icon\" >Locales<\/span>                                                    <\/li>\n                    \n                                  <\/ul>\n            <\/div>\n            \n            <div class=\"eael-tabs-content\">\n\t\t        \n                    <div id=\"federales-tab\" class=\"clearfix eael-tab-content-item inactive\" data-title-link=\"federales-tab\">\n\t\t\t\t        <div class=\"table-responsive\"><table class=\"table table-hover\"><tbody><tr><td>Acuerdo del Consejo Nacional del Sistema Nacional de Transparencia, Acceso a la Informaci\u00f3n P\u00fablica y Protecci\u00f3n de Datos Personales, por el que se aprueban los Lineamientos para la implementaci\u00f3n y operaci\u00f3n de la Plataforma Nacional de Transparencia.<\/td><td style=\"width: 100px\"><a href=\"https:\/\/portal.infoqro.mx\/transparencia\/normatividad\/acuerdos\/federal\/acuerdo_snt_implementacion_operacion_pnt.pdf\" target=\"_blank\" rel=\"noopener\"><img decoding=\"async\" class=\"alignnone wp-image-5612 \" src=\"https:\/\/www.infoqro.mx\/wp-content\/uploads\/2023\/11\/vista_verde-01.svg\" alt=\"\" width=\"40\" height=\"40\" \/><\/a><\/td><td style=\"width: 100px\"><a href=\"https:\/\/portal.infoqro.mx\/transparencia\/normatividad\/acuerdos\/federal\/acuerdo_snt_implementacion_operacion_pnt.pdf\" target=\"_blank\" rel=\"noopener\"><img decoding=\"async\" class=\"wp-image-5350 aligncenter\" src=\"https:\/\/www.infoqro.mx\/wp-content\/uploads\/2023\/11\/descarga_verde-01.svg\" alt=\"\" width=\"35\" height=\"49\" \/><\/a><\/td><\/tr><tr><td>Acuerdo mediante el cual se aprueban los Lineamientos Generales de Protecci\u00f3n de Datos Personales para el Sector P\u00fablico.<\/td><td><a href=\"https:\/\/portal.infoqro.mx\/transparencia\/normatividad\/acuerdos\/federal\/acuerdo_lineamientos_proteccion_datos_secpublico.pdf\" target=\"_blank\" rel=\"noopener\"><img decoding=\"async\" class=\"alignnone wp-image-5612 \" src=\"https:\/\/www.infoqro.mx\/wp-content\/uploads\/2023\/11\/vista_verde-01.svg\" alt=\"\" width=\"40\" height=\"40\" \/><\/a><\/td><td><a href=\"https:\/\/portal.infoqro.mx\/transparencia\/normatividad\/acuerdos\/federal\/acuerdo_lineamientos_proteccion_datos_secpublico.pdf\" target=\"_blank\" rel=\"noopener\"><img decoding=\"async\" class=\"wp-image-5350 aligncenter\" src=\"https:\/\/www.infoqro.mx\/wp-content\/uploads\/2023\/11\/descarga_verde-01.svg\" alt=\"\" width=\"35\" height=\"49\" \/><\/a><\/td><\/tr><\/tbody><\/table><\/div>                    <\/div>\n\t\t        \n                    <div id=\"locales-tab\" class=\"clearfix eael-tab-content-item inactive\" data-title-link=\"locales-tab\">\n\t\t\t\t        <div class=\"table-responsive\">\n<table class=\"table table-hover\">\n<tbody>\n<tr>\n<td>Acuerdo que fija los d\u00edas inh\u00e1biles y los periodos vacacionales de la Comisi\u00f3n de Transparencia, Acceso a la Informaci\u00f3n P\u00fablica y Protecci\u00f3n de Datos Personales del Estado de Quer\u00e9taro, correspondientes al a\u00f1o 2026<\/td>\n<td style=\"width: 100px\"><a href=\"https:\/\/www.infoqro.mx\/marcojuridico\/acuerdos_locales\/Certificaci\u00f3n%20D\u00edas%20Inh\u00e1biles%202026%20%28D.O.S.A.%29.pdf?_t=1775076861\" target=\"_blank\" rel=\"noopener\"><img decoding=\"async\" class=\"alignnone wp-image-5612\" src=\"https:\/\/www.infoqro.mx\/wp-content\/uploads\/2023\/11\/vista_verde-01.svg\" alt=\"\" width=\"40\" height=\"40\" \/><\/a><\/td>\n<td style=\"width: 100px\"><a href=\"https:\/\/www.infoqro.mx\/marcojuridico\/acuerdos_locales\/Certificaci\u00f3n%20D\u00edas%20Inh\u00e1biles%202026%20%28D.O.S.A.%29.pdf?_t=1775076861\" target=\"_blank\" rel=\"noopener\"><img loading=\"lazy\" decoding=\"async\" class=\"aligncenter wp-image-5350\" src=\"https:\/\/www.infoqro.mx\/wp-content\/uploads\/2023\/11\/descarga_verde-01.svg\" alt=\"\" width=\"35\" height=\"49\" \/><\/a><\/td>\n<\/tr>\n<tr>\n<td>Acuerdo por el que se Emiten los Lineamientos para la Implementaci\u00f3n del Ejercicio de Gobierno Abierto en el Estado de Quer\u00e9taro.<\/td>\n<td style=\"width: 100px\"><a href=\"https:\/\/portal.infoqro.mx\/transparencia\/normatividad\/acuerdos\/local\/acuerdo_lineamientos_ejercicio_gobierno_abierto.pdf\" target=\"_blank\" rel=\"noopener\"><img decoding=\"async\" class=\"alignnone wp-image-5612 \" src=\"https:\/\/www.infoqro.mx\/wp-content\/uploads\/2023\/11\/vista_verde-01.svg\" alt=\"\" width=\"40\" height=\"40\" \/><\/a><\/td>\n<td style=\"width: 100px\"><a href=\"https:\/\/portal.infoqro.mx\/transparencia\/normatividad\/acuerdos\/local\/acuerdo_lineamientos_ejercicio_gobierno_abierto.pdf\" target=\"_blank\" rel=\"noopener\"><img decoding=\"async\" class=\"wp-image-5350 aligncenter\" src=\"https:\/\/www.infoqro.mx\/wp-content\/uploads\/2023\/11\/descarga_verde-01.svg\" alt=\"\" width=\"35\" height=\"49\" \/><\/a><\/td>\n<\/tr>\n<\/tbody>\n<\/table>\n<table class=\"table table-hover\">\n<tbody>\n<tr>\n<td>Acuerdo que establece el\u00a0 procedimiento para llevar a cabo las acciones de vigilancia del cumplimiento de las obligaciones de Transparencia, a cargo de los Sujetos Obligados en el estado de Quer\u00e9taro<\/td>\n<td style=\"width: 100px\"><a href=\"https:\/\/portal.infoqro.mx\/transparencia\/normatividad\/acuerdos\/local\/Acuerdo_250322.pdf\" target=\"_blank\" rel=\"noopener\"><img decoding=\"async\" class=\"alignnone wp-image-5612 \" src=\"https:\/\/www.infoqro.mx\/wp-content\/uploads\/2023\/11\/vista_verde-01.svg\" alt=\"\" width=\"40\" height=\"40\" \/><\/a><\/td>\n<td style=\"width: 100px\"><a href=\"https:\/\/portal.infoqro.mx\/transparencia\/normatividad\/acuerdos\/local\/Acuerdo_250322.pdf\" target=\"_blank\" rel=\"noopener\"><img decoding=\"async\" class=\"wp-image-5350 aligncenter\" src=\"https:\/\/www.infoqro.mx\/wp-content\/uploads\/2023\/11\/descarga_verde-01.svg\" alt=\"\" width=\"35\" height=\"49\" \/><\/a><\/td>\n<\/tr>\n<tr>\n<td>Acuerdo mediante el cual el Pleno de la Comisi\u00f3n de Transparencia, Acceso a la Informaci\u00f3n P\u00fablica y Protecci\u00f3n de Datos Personales del Estado de Quer\u00e9taro, aprueba la Actualizaci\u00f3n del Padr\u00f3n de Sujetos Obligados en el Estado de Quer\u00e9taro<\/td>\n<td style=\"width: 100px\"><a href=\"https:\/\/www.infoqro.mx\/marcojuridico\/acuerdos_locales\/ACTUALIZACION%20DEL%20PADRON%20DE%20SUJETOS%20OBLIGADOS%20EN%20EL%20ESTADO%20DE%20QUERETARO%2019122024.pdf\" target=\"_blank\" rel=\"noopener\"><img decoding=\"async\" class=\"alignnone wp-image-5612\" src=\"https:\/\/www.infoqro.mx\/wp-content\/uploads\/2023\/11\/vista_verde-01.svg\" alt=\"\" width=\"40\" height=\"40\" \/><\/a><\/td>\n<td style=\"width: 100px\"><a href=\"https:\/\/www.infoqro.mx\/marcojuridico\/acuerdos_locales\/ACTUALIZACION%20DEL%20PADRON%20DE%20SUJETOS%20OBLIGADOS%20EN%20EL%20ESTADO%20DE%20QUERETARO%2019122024.pdf\" target=\"_blank\" rel=\"noopener\"><img loading=\"lazy\" decoding=\"async\" class=\"aligncenter wp-image-5350\" src=\"https:\/\/www.infoqro.mx\/wp-content\/uploads\/2023\/11\/descarga_verde-01.svg\" alt=\"\" width=\"35\" height=\"49\" \/><\/a><\/td>\n<\/tr>\n<tr>\n<td>Acuerdo que Establece los Lineamientos para el Ejercicio de los Recursos P\u00fablicos que Corresponden a Infoqro<\/td>\n<td><a href=\"https:\/\/portal.infoqro.mx\/transparencia\/normatividad\/acuerdos\/local\/acuerdo_lineamientos_ejercicio_recursos_publicos.pdf\"><img decoding=\"async\" class=\"alignnone wp-image-5612 \" src=\"https:\/\/www.infoqro.mx\/wp-content\/uploads\/2023\/11\/vista_verde-01.svg\" alt=\"\" width=\"40\" height=\"40\" \/><\/a><\/td>\n<td><a href=\"https:\/\/portal.infoqro.mx\/transparencia\/normatividad\/acuerdos\/local\/acuerdo_lineamientos_ejercicio_recursos_publicos.pdf\" target=\"_blank\" rel=\"noopener\"><img decoding=\"async\" class=\"wp-image-5350 aligncenter\" src=\"https:\/\/www.infoqro.mx\/wp-content\/uploads\/2023\/11\/descarga_verde-01.svg\" alt=\"\" width=\"35\" height=\"49\" \/><\/a><\/td>\n<\/tr>\n<\/tbody>\n<\/table>\n<\/div>                    <\/div>\n\t\t                    <\/div>\n        <\/div>\n\t\t\t\t<\/div>\n\t\t\t\t<\/div>\n\t\t\t\t\t<\/div>\n\t\t<\/div>\n\t\t\t\t\t<\/div>\n\t\t<\/section>\n\t\t\t\t<\/div>\n\t\t","protected":false},"excerpt":{"rendered":"<p>Inicio &nbsp;\u00bb&nbsp;Marco Jur\u00eddico \u00bb&nbsp;Acuerdos Acuerdos Federales Locales Acuerdo del Consejo Nacional del Sistema Nacional de Transparencia, Acceso a la Informaci\u00f3n P\u00fablica y Protecci\u00f3n de Datos Personales, por el que se aprueban los Lineamientos para la implementaci\u00f3n y operaci\u00f3n de la Plataforma Nacional de Transparencia. Acuerdo mediante el cual se aprueban los Lineamientos Generales de Protecci\u00f3n&hellip; <a class=\"more-link\" href=\"https:\/\/www.infoqro.mx\/index.php\/acuerdos\/\">Seguir leyendo <span class=\"screen-reader-text\">Acuerdos<\/span><\/a><\/p>\n","protected":false},"author":1,"featured_media":0,"parent":0,"menu_order":0,"comment_status":"closed","ping_status":"closed","template":"elementor_header_footer","meta":{"_monsterinsights_skip_tracking":false,"_monsterinsights_sitenote_active":false,"_monsterinsights_sitenote_note":"","_monsterinsights_sitenote_category":0,"footnotes":""},"coauthors":[15],"class_list":["post-4822","page","type-page","status-publish","hentry","entry"],"_links":{"self":[{"href":"https:\/\/www.infoqro.mx\/index.php\/wp-json\/wp\/v2\/pages\/4822","targetHints":{"allow":["GET"]}}],"collection":[{"href":"https:\/\/www.infoqro.mx\/index.php\/wp-json\/wp\/v2\/pages"}],"about":[{"href":"https:\/\/www.infoqro.mx\/index.php\/wp-json\/wp\/v2\/types\/page"}],"author":[{"embeddable":true,"href":"https:\/\/www.infoqro.mx\/index.php\/wp-json\/wp\/v2\/users\/1"}],"replies":[{"embeddable":true,"href":"https:\/\/www.infoqro.mx\/index.php\/wp-json\/wp\/v2\/comments?post=4822"}],"version-history":[{"count":3,"href":"https:\/\/www.infoqro.mx\/index.php\/wp-json\/wp\/v2\/pages\/4822\/revisions"}],"predecessor-version":[{"id":29786,"href":"https:\/\/www.infoqro.mx\/index.php\/wp-json\/wp\/v2\/pages\/4822\/revisions\/29786"}],"wp:attachment":[{"href":"https:\/\/www.infoqro.mx\/index.php\/wp-json\/wp\/v2\/media?parent=4822"}],"wp:term":[{"taxonomy":"author","embeddable":true,"href":"https:\/\/www.infoqro.mx\/index.php\/wp-json\/wp\/v2\/coauthors?post=4822"}],"curies":[{"name":"wp","href":"https:\/\/api.w.org\/{rel}","templated":true}]}}