{"id":5777,"date":"2023-11-09T17:25:39","date_gmt":"2023-11-09T17:25:39","guid":{"rendered":"https:\/\/www.infoqro.mx\/?page_id=5777"},"modified":"2026-04-28T10:12:28","modified_gmt":"2026-04-28T16:12:28","slug":"que-es-la-informacion-publica","status":"publish","type":"page","link":"https:\/\/www.infoqro.mx\/index.php\/que-es-la-informacion-publica\/","title":{"rendered":"\u00bfQu\u00e9 es la Informaci\u00f3n P\u00fablica?"},"content":{"rendered":"\t\t<div data-elementor-type=\"wp-page\" data-elementor-id=\"5777\" class=\"elementor elementor-5777\" data-elementor-post-type=\"page\">\n\t\t\t\t\t\t<section class=\"elementor-section elementor-top-section elementor-element elementor-element-57e7fdb elementor-section-boxed elementor-section-height-default elementor-section-height-default\" data-id=\"57e7fdb\" data-element_type=\"section\" data-e-type=\"section\" data-settings=\"{&quot;scisco_shape_divider_top&quot;:&quot;none&quot;,&quot;scisco_shape_divider_bottom&quot;:&quot;none&quot;}\">\n\t\t\t\t\t\t<div class=\"elementor-container elementor-column-gap-default\">\n\t\t\t\t\t<div class=\"elementor-column elementor-col-100 elementor-top-column elementor-element elementor-element-8f99e3e\" data-id=\"8f99e3e\" data-element_type=\"column\" data-e-type=\"column\">\n\t\t\t<div class=\"elementor-widget-wrap elementor-element-populated\">\n\t\t\t\t<a class=\"eael-wrapper-link-69d61b6 --eael-wrapper-link-tag\" href=\"https:\/\/www.infoqro.mx\"><\/a>\t\t<div data-eael-wrapper-link=\"eael-wrapper-link-69d61b6\" class=\"elementor-element elementor-element-69d61b6 elementor-widget__width-auto migas elementor-widget elementor-widget-text-editor\" data-id=\"69d61b6\" data-element_type=\"widget\" data-e-type=\"widget\" data-widget_type=\"text-editor.default\">\n\t\t\t\t<div class=\"elementor-widget-container\">\n\t\t\t\t\t\t\t\t\t<p>Inicio<\/p>\t\t\t\t\t\t\t\t<\/div>\n\t\t\t\t<\/div>\n\t\t\t\t<div class=\"elementor-element elementor-element-37017fa elementor-widget__width-auto migas elementor-widget elementor-widget-text-editor\" data-id=\"37017fa\" data-element_type=\"widget\" data-e-type=\"widget\" data-widget_type=\"text-editor.default\">\n\t\t\t\t<div class=\"elementor-widget-container\">\n\t\t\t\t\t\t\t\t\t<p style=\"text-align: right;\">&nbsp;\u00bb&nbsp;<span style=\"text-align: right;\">Informaci\u00f3n P\u00fablica<\/span><span style=\"text-decoration-color: initial;\">&nbsp;\u00bb<\/span><span style=\"color: var( --e-global-color-primary ); font-weight: 800; text-align: right;\">&nbsp;<\/span><span style=\"font-weight: 800; color: var( --e-global-color-primary );\">\u00bfQu\u00e9 es la Informaci\u00f3n P\u00fablica?<\/span><\/p>\t\t\t\t\t\t\t\t<\/div>\n\t\t\t\t<\/div>\n\t\t\t\t\t<\/div>\n\t\t<\/div>\n\t\t\t\t\t<\/div>\n\t\t<\/section>\n\t\t\t\t<section class=\"elementor-section elementor-top-section elementor-element elementor-element-60ec160 elementor-section-content-top elementor-section-boxed elementor-section-height-default elementor-section-height-default\" data-id=\"60ec160\" data-element_type=\"section\" data-e-type=\"section\" data-settings=\"{&quot;scisco_shape_divider_top&quot;:&quot;none&quot;,&quot;scisco_shape_divider_bottom&quot;:&quot;none&quot;}\">\n\t\t\t\t\t\t<div class=\"elementor-container elementor-column-gap-extended\">\n\t\t\t\t\t<div class=\"elementor-column elementor-col-33 elementor-top-column elementor-element elementor-element-c50561b\" data-id=\"c50561b\" data-element_type=\"column\" data-e-type=\"column\">\n\t\t\t<div class=\"elementor-widget-wrap elementor-element-populated\">\n\t\t\t\t\t\t<div class=\"elementor-element elementor-element-8a2aaa5 elementor-widget elementor-widget-image\" data-id=\"8a2aaa5\" data-element_type=\"widget\" data-e-type=\"widget\" data-widget_type=\"image.default\">\n\t\t\t\t<div class=\"elementor-widget-container\">\n\t\t\t\t\t\t\t\t\t\t\t\t\t\t\t<img decoding=\"async\" src=\"https:\/\/www.infoqro.mx\/wp-content\/uploads\/2023\/11\/informa_publica-1-2.png\" title=\"informa_publica-1\" alt=\"informa_publica-1\" loading=\"lazy\" \/>\t\t\t\t\t\t\t\t\t\t\t\t\t\t\t<\/div>\n\t\t\t\t<\/div>\n\t\t\t\t\t<\/div>\n\t\t<\/div>\n\t\t\t\t<div class=\"elementor-column elementor-col-66 elementor-top-column elementor-element elementor-element-b5ab4df\" data-id=\"b5ab4df\" data-element_type=\"column\" data-e-type=\"column\">\n\t\t\t<div class=\"elementor-widget-wrap elementor-element-populated\">\n\t\t\t\t\t\t<div class=\"elementor-element elementor-element-61f8eeb elementor-widget__width-initial elementor-widget-mobile__width-initial elementor-widget elementor-widget-heading\" data-id=\"61f8eeb\" data-element_type=\"widget\" data-e-type=\"widget\" data-widget_type=\"heading.default\">\n\t\t\t\t<div class=\"elementor-widget-container\">\n\t\t\t\t\t<h2 class=\"elementor-heading-title elementor-size-default\">\u00bfQu\u00e9 es la Informaci\u00f3n P\u00fablica?<\/h2>\t\t\t\t<\/div>\n\t\t\t\t<\/div>\n\t\t\t\t<div class=\"elementor-element elementor-element-263c3de elementor-hidden-desktop elementor-hidden-tablet elementor-hidden-mobile elementor-widget elementor-widget-text-editor\" data-id=\"263c3de\" data-element_type=\"widget\" data-e-type=\"widget\" data-widget_type=\"text-editor.default\">\n\t\t\t\t<div class=\"elementor-widget-container\">\n\t\t\t\t\t\t\t\t\t<p>La informaci\u00f3n p\u00fablica es todo registro, dato o archivo que haya sido creado u obtenido por los \u00f3rganos y entidades gubernamentales o de inter\u00e9s p\u00fablico en el ejercicio de sus funciones y que se encuentre en su posesi\u00f3n.<\/p><p>\u00a0<\/p><p>Esta informaci\u00f3n puede estar en documentos escritos, fotograf\u00edas, grabaciones, soporte magn\u00e9tico o digital o cualquier otro elemento t\u00e9cnico.<\/p><p>\u00a0<\/p><p>Ser\u00e1n de inter\u00e9s p\u00fablico todos los \u00f3rganos y entidades en el Estado de Quer\u00e9taro que reciban recursos p\u00fablicos.<\/p><p>\u00a0<\/p><p>\u00a0<\/p>\t\t\t\t\t\t\t\t<\/div>\n\t\t\t\t<\/div>\n\t\t\t\t<div class=\"elementor-element elementor-element-4df8ea5 elementor-widget elementor-widget-text-editor\" data-id=\"4df8ea5\" data-element_type=\"widget\" data-e-type=\"widget\" data-widget_type=\"text-editor.default\">\n\t\t\t\t<div class=\"elementor-widget-container\">\n\t\t\t\t\t\t\t\t\t<p>La informaci\u00f3n p\u00fablica es todo dato, documento o registro que generan, obtienen, administran o conservan las instituciones que ejercen recursos p\u00fablicos o realizan funciones p\u00fablicas.<\/p><p>\u00a0<\/p><p>En general, toda la informaci\u00f3n que las instituciones producen en el ejercicio de sus funciones es p\u00fablica, salvo aquella que est\u00e9 legalmente clasificada como reservada o que contenga datos personales confidenciales.<\/p>\t\t\t\t\t\t\t\t<\/div>\n\t\t\t\t<\/div>\n\t\t\t\t\t<\/div>\n\t\t<\/div>\n\t\t\t\t\t<\/div>\n\t\t<\/section>\n\t\t\t\t<\/div>\n\t\t","protected":false},"excerpt":{"rendered":"<p>Inicio &nbsp;\u00bb&nbsp;Informaci\u00f3n P\u00fablica&nbsp;\u00bb&nbsp;\u00bfQu\u00e9 es la Informaci\u00f3n P\u00fablica? \u00bfQu\u00e9 es la Informaci\u00f3n P\u00fablica? La informaci\u00f3n p\u00fablica es todo registro, dato o archivo que haya sido creado u obtenido por los \u00f3rganos y entidades gubernamentales o de inter\u00e9s p\u00fablico en el ejercicio de sus funciones y que se encuentre en su posesi\u00f3n. \u00a0 Esta informaci\u00f3n puede estar&hellip; <a class=\"more-link\" href=\"https:\/\/www.infoqro.mx\/index.php\/que-es-la-informacion-publica\/\">Seguir leyendo <span class=\"screen-reader-text\">\u00bfQu\u00e9 es la Informaci\u00f3n P\u00fablica?<\/span><\/a><\/p>\n","protected":false},"author":1,"featured_media":0,"parent":0,"menu_order":0,"comment_status":"closed","ping_status":"closed","template":"elementor_header_footer","meta":{"_monsterinsights_skip_tracking":false,"_monsterinsights_sitenote_active":false,"_monsterinsights_sitenote_note":"","_monsterinsights_sitenote_category":0,"footnotes":""},"coauthors":[15],"class_list":["post-5777","page","type-page","status-publish","hentry","entry"],"_links":{"self":[{"href":"https:\/\/www.infoqro.mx\/index.php\/wp-json\/wp\/v2\/pages\/5777","targetHints":{"allow":["GET"]}}],"collection":[{"href":"https:\/\/www.infoqro.mx\/index.php\/wp-json\/wp\/v2\/pages"}],"about":[{"href":"https:\/\/www.infoqro.mx\/index.php\/wp-json\/wp\/v2\/types\/page"}],"author":[{"embeddable":true,"href":"https:\/\/www.infoqro.mx\/index.php\/wp-json\/wp\/v2\/users\/1"}],"replies":[{"embeddable":true,"href":"https:\/\/www.infoqro.mx\/index.php\/wp-json\/wp\/v2\/comments?post=5777"}],"version-history":[{"count":3,"href":"https:\/\/www.infoqro.mx\/index.php\/wp-json\/wp\/v2\/pages\/5777\/revisions"}],"predecessor-version":[{"id":30361,"href":"https:\/\/www.infoqro.mx\/index.php\/wp-json\/wp\/v2\/pages\/5777\/revisions\/30361"}],"wp:attachment":[{"href":"https:\/\/www.infoqro.mx\/index.php\/wp-json\/wp\/v2\/media?parent=5777"}],"wp:term":[{"taxonomy":"author","embeddable":true,"href":"https:\/\/www.infoqro.mx\/index.php\/wp-json\/wp\/v2\/coauthors?post=5777"}],"curies":[{"name":"wp","href":"https:\/\/api.w.org\/{rel}","templated":true}]}}