{"id":5990,"date":"2023-11-16T06:37:26","date_gmt":"2023-11-16T06:37:26","guid":{"rendered":"https:\/\/www.infoqro.mx\/?page_id=5990"},"modified":"2024-06-05T13:56:59","modified_gmt":"2024-06-05T19:56:59","slug":"que-son-los-datos-personales","status":"publish","type":"page","link":"https:\/\/www.infoqro.mx\/index.php\/que-son-los-datos-personales\/","title":{"rendered":"\u00bfQu\u00e9 son los Datos Personales?"},"content":{"rendered":"\t\t<div data-elementor-type=\"wp-page\" data-elementor-id=\"5990\" class=\"elementor elementor-5990\" data-elementor-post-type=\"page\">\n\t\t\t\t\t\t<section class=\"elementor-section elementor-top-section elementor-element elementor-element-f2810bf elementor-section-boxed elementor-section-height-default elementor-section-height-default\" data-id=\"f2810bf\" data-element_type=\"section\" data-e-type=\"section\" data-settings=\"{&quot;scisco_shape_divider_top&quot;:&quot;none&quot;,&quot;scisco_shape_divider_bottom&quot;:&quot;none&quot;}\">\n\t\t\t\t\t\t<div class=\"elementor-container elementor-column-gap-default\">\n\t\t\t\t\t<div class=\"elementor-column elementor-col-100 elementor-top-column elementor-element elementor-element-6b41488\" data-id=\"6b41488\" data-element_type=\"column\" data-e-type=\"column\">\n\t\t\t<div class=\"elementor-widget-wrap elementor-element-populated\">\n\t\t\t\t<a class=\"eael-wrapper-link-96e5c81 --eael-wrapper-link-tag\" href=\"https:\/\/www.infoqro.mx\"><\/a>\t\t<div data-eael-wrapper-link=\"eael-wrapper-link-96e5c81\" class=\"elementor-element elementor-element-96e5c81 elementor-widget__width-auto migas elementor-widget elementor-widget-text-editor\" data-id=\"96e5c81\" data-element_type=\"widget\" data-e-type=\"widget\" data-widget_type=\"text-editor.default\">\n\t\t\t\t<div class=\"elementor-widget-container\">\n\t\t\t\t\t\t\t\t\t<p>Inicio<\/p>\t\t\t\t\t\t\t\t<\/div>\n\t\t\t\t<\/div>\n\t\t\t\t<div class=\"elementor-element elementor-element-113981d elementor-widget__width-auto migas elementor-widget elementor-widget-text-editor\" data-id=\"113981d\" data-element_type=\"widget\" data-e-type=\"widget\" data-widget_type=\"text-editor.default\">\n\t\t\t\t<div class=\"elementor-widget-container\">\n\t\t\t\t\t\t\t\t\t<p style=\"text-align: right;\">&nbsp;\u00bb&nbsp;<span style=\"color: var( --e-global-color-primary ); text-decoration-color: initial;\">Datos Personales \u00bb<\/span><span style=\"color: var( --e-global-color-primary ); font-weight: 800; text-decoration-color: initial;\">&nbsp;\u00bfQu\u00e9 son los Datos Personales?<\/span><\/p>\t\t\t\t\t\t\t\t<\/div>\n\t\t\t\t<\/div>\n\t\t\t\t\t<\/div>\n\t\t<\/div>\n\t\t\t\t\t<\/div>\n\t\t<\/section>\n\t\t\t\t<section class=\"elementor-section elementor-top-section elementor-element elementor-element-c614c3f elementor-section-content-top elementor-section-boxed elementor-section-height-default elementor-section-height-default\" data-id=\"c614c3f\" data-element_type=\"section\" data-e-type=\"section\" data-settings=\"{&quot;scisco_shape_divider_top&quot;:&quot;none&quot;,&quot;scisco_shape_divider_bottom&quot;:&quot;none&quot;}\">\n\t\t\t\t\t\t<div class=\"elementor-container elementor-column-gap-extended\">\n\t\t\t\t\t<div class=\"elementor-column elementor-col-33 elementor-top-column elementor-element elementor-element-8958ebd\" data-id=\"8958ebd\" data-element_type=\"column\" data-e-type=\"column\">\n\t\t\t<div class=\"elementor-widget-wrap elementor-element-populated\">\n\t\t\t\t\t\t<div class=\"elementor-element elementor-element-1a405aa elementor-widget elementor-widget-image\" data-id=\"1a405aa\" data-element_type=\"widget\" data-e-type=\"widget\" data-widget_type=\"image.default\">\n\t\t\t\t<div class=\"elementor-widget-container\">\n\t\t\t\t\t\t\t\t\t\t\t\t\t\t\t<img decoding=\"async\" src=\"https:\/\/www.infoqro.mx\/wp-content\/uploads\/2023\/12\/datos_personales-1.png\" title=\"datos_personales-1\" alt=\"datos_personales-1\" loading=\"lazy\" \/>\t\t\t\t\t\t\t\t\t\t\t\t\t\t\t<\/div>\n\t\t\t\t<\/div>\n\t\t\t\t\t<\/div>\n\t\t<\/div>\n\t\t\t\t<div class=\"elementor-column elementor-col-66 elementor-top-column elementor-element elementor-element-8185762\" data-id=\"8185762\" data-element_type=\"column\" data-e-type=\"column\">\n\t\t\t<div class=\"elementor-widget-wrap elementor-element-populated\">\n\t\t\t\t\t\t<div class=\"elementor-element elementor-element-0ef1072 elementor-widget__width-initial elementor-widget-mobile__width-initial elementor-widget elementor-widget-heading\" data-id=\"0ef1072\" data-element_type=\"widget\" data-e-type=\"widget\" data-widget_type=\"heading.default\">\n\t\t\t\t<div class=\"elementor-widget-container\">\n\t\t\t\t\t<h2 class=\"elementor-heading-title elementor-size-default\">\u00bfQu\u00e9 son los Datos Personales?<\/h2>\t\t\t\t<\/div>\n\t\t\t\t<\/div>\n\t\t\t\t<div class=\"elementor-element elementor-element-2563d35 elementor-widget elementor-widget-text-editor\" data-id=\"2563d35\" data-element_type=\"widget\" data-e-type=\"widget\" data-widget_type=\"text-editor.default\">\n\t\t\t\t<div class=\"elementor-widget-container\">\n\t\t\t\t\t\t\t\t\t<p>Los datos personales son cualquier informaci\u00f3n concerniente a una persona f\u00edsica identificada o identificable. Por tanto, se trata de todo tipo de informaci\u00f3n relativa a un individuo en concreto y que hace que \u00e9ste se diferencie de las dem\u00e1s personas dentro de una comunidad, o bien, que posibilite determinar directa o indirectamente qui\u00e9n es.<\/p><p>\u00a0<\/p><p>En consecuencia, los datos personales revelan todo sobre nuestra persona, es decir, dicen qui\u00e9nes somos, cu\u00e1les son nuestros conocimientos o habilidades, gustos y preferencias, nuestros bienes e ingresos, con qui\u00e9nes nos relacionamos, c\u00f3mo est\u00e1 nuestra salud, entre muchos otros aspectos de nuestra vida privada, pero tambi\u00e9n, sobre nuestra esfera m\u00e1s \u00edntima (datos personales sensibles). As\u00ed, este tipo de informaci\u00f3n conforma nuestra identidad y personalidad, por lo que nos hace \u00fanicos en la sociedad. <\/p>\t\t\t\t\t\t\t\t<\/div>\n\t\t\t\t<\/div>\n\t\t\t\t<div class=\"elementor-element elementor-element-e474517 elementor-widget elementor-widget-image\" data-id=\"e474517\" data-element_type=\"widget\" data-e-type=\"widget\" data-widget_type=\"image.default\">\n\t\t\t\t<div class=\"elementor-widget-container\">\n\t\t\t\t\t\t\t\t\t\t\t\t\t\t\t<img fetchpriority=\"high\" decoding=\"async\" width=\"750\" height=\"423\" src=\"https:\/\/www.infoqro.mx\/wp-content\/uploads\/2023\/12\/Captura-de-pantalla-2023-12-20-a-las-4.41.04\u202fp.m-1024x577.png\" class=\"attachment-large size-large wp-image-9970\" alt=\"\" srcset=\"https:\/\/www.infoqro.mx\/wp-content\/uploads\/2023\/12\/Captura-de-pantalla-2023-12-20-a-las-4.41.04\u202fp.m-1024x577.png 1024w, https:\/\/www.infoqro.mx\/wp-content\/uploads\/2023\/12\/Captura-de-pantalla-2023-12-20-a-las-4.41.04\u202fp.m-300x169.png 300w, https:\/\/www.infoqro.mx\/wp-content\/uploads\/2023\/12\/Captura-de-pantalla-2023-12-20-a-las-4.41.04\u202fp.m-768x433.png 768w, https:\/\/www.infoqro.mx\/wp-content\/uploads\/2023\/12\/Captura-de-pantalla-2023-12-20-a-las-4.41.04\u202fp.m-1536x865.png 1536w, https:\/\/www.infoqro.mx\/wp-content\/uploads\/2023\/12\/Captura-de-pantalla-2023-12-20-a-las-4.41.04\u202fp.m-1568x883.png 1568w, https:\/\/www.infoqro.mx\/wp-content\/uploads\/2023\/12\/Captura-de-pantalla-2023-12-20-a-las-4.41.04\u202fp.m.png 1736w\" sizes=\"(max-width: 750px) 100vw, 750px\" style=\"width:100%;height:56.34%;max-width:1736px\" \/>\t\t\t\t\t\t\t\t\t\t\t\t\t\t\t<\/div>\n\t\t\t\t<\/div>\n\t\t\t\t<div class=\"elementor-element elementor-element-0413421 elementor-widget elementor-widget-text-editor\" data-id=\"0413421\" data-element_type=\"widget\" data-e-type=\"widget\" data-widget_type=\"text-editor.default\">\n\t\t\t\t<div class=\"elementor-widget-container\">\n\t\t\t\t\t\t\t\t\t<a href=\"https:\/\/www.infoqro.mx\/wp-content\/uploads\/2023\/12\/Captura-de-pantalla-2023-12-20-a-las-4.41.04\u202fp.m.png\" download=\"https:\/\/www.infoqro.mx\/wp-content\/uploads\/2023\/12\/Captura-de-pantalla-2023-12-20-a-las-4.41.04\u202fp.m.png\">Descargar imagen<\/a>\t\t\t\t\t\t\t\t<\/div>\n\t\t\t\t<\/div>\n\t\t\t\t\t<\/div>\n\t\t<\/div>\n\t\t\t\t\t<\/div>\n\t\t<\/section>\n\t\t\t\t<\/div>\n\t\t","protected":false},"excerpt":{"rendered":"<p>Inicio &nbsp;\u00bb&nbsp;Datos Personales \u00bb&nbsp;\u00bfQu\u00e9 son los Datos Personales? \u00bfQu\u00e9 son los Datos Personales? Los datos personales son cualquier informaci\u00f3n concerniente a una persona f\u00edsica identificada o identificable. Por tanto, se trata de todo tipo de informaci\u00f3n relativa a un individuo en concreto y que hace que \u00e9ste se diferencie de las dem\u00e1s personas dentro de&hellip; <a class=\"more-link\" href=\"https:\/\/www.infoqro.mx\/index.php\/que-son-los-datos-personales\/\">Seguir leyendo <span class=\"screen-reader-text\">\u00bfQu\u00e9 son los Datos Personales?<\/span><\/a><\/p>\n","protected":false},"author":1,"featured_media":0,"parent":0,"menu_order":0,"comment_status":"closed","ping_status":"closed","template":"elementor_header_footer","meta":{"_monsterinsights_skip_tracking":false,"_monsterinsights_sitenote_active":false,"_monsterinsights_sitenote_note":"","_monsterinsights_sitenote_category":0,"footnotes":""},"coauthors":[],"class_list":["post-5990","page","type-page","status-publish","hentry","entry"],"_links":{"self":[{"href":"https:\/\/www.infoqro.mx\/index.php\/wp-json\/wp\/v2\/pages\/5990","targetHints":{"allow":["GET"]}}],"collection":[{"href":"https:\/\/www.infoqro.mx\/index.php\/wp-json\/wp\/v2\/pages"}],"about":[{"href":"https:\/\/www.infoqro.mx\/index.php\/wp-json\/wp\/v2\/types\/page"}],"author":[{"embeddable":true,"href":"https:\/\/www.infoqro.mx\/index.php\/wp-json\/wp\/v2\/users\/1"}],"replies":[{"embeddable":true,"href":"https:\/\/www.infoqro.mx\/index.php\/wp-json\/wp\/v2\/comments?post=5990"}],"version-history":[{"count":0,"href":"https:\/\/www.infoqro.mx\/index.php\/wp-json\/wp\/v2\/pages\/5990\/revisions"}],"wp:attachment":[{"href":"https:\/\/www.infoqro.mx\/index.php\/wp-json\/wp\/v2\/media?parent=5990"}],"wp:term":[{"taxonomy":"author","embeddable":true,"href":"https:\/\/www.infoqro.mx\/index.php\/wp-json\/wp\/v2\/coauthors?post=5990"}],"curies":[{"name":"wp","href":"https:\/\/api.w.org\/{rel}","templated":true}]}}