{"id":7999,"date":"2023-12-04T07:13:16","date_gmt":"2023-12-04T07:13:16","guid":{"rendered":"https:\/\/www.infoqro.mx\/?page_id=7999"},"modified":"2024-06-05T14:03:51","modified_gmt":"2024-06-05T20:03:51","slug":"que-es-transparencia-proactiva","status":"publish","type":"page","link":"https:\/\/www.infoqro.mx\/index.php\/que-es-transparencia-proactiva\/","title":{"rendered":"\u00bfQu\u00e9 es Transparencia Proactiva?"},"content":{"rendered":"\t\t<div data-elementor-type=\"wp-page\" data-elementor-id=\"7999\" class=\"elementor elementor-7999\" data-elementor-post-type=\"page\">\n\t\t\t\t\t\t<section class=\"elementor-section elementor-top-section elementor-element elementor-element-28865a7 elementor-section-boxed elementor-section-height-default elementor-section-height-default\" data-id=\"28865a7\" data-element_type=\"section\" data-e-type=\"section\" data-settings=\"{&quot;scisco_shape_divider_top&quot;:&quot;none&quot;,&quot;scisco_shape_divider_bottom&quot;:&quot;none&quot;}\">\n\t\t\t\t\t\t<div class=\"elementor-container elementor-column-gap-default\">\n\t\t\t\t\t<div class=\"elementor-column elementor-col-100 elementor-top-column elementor-element elementor-element-b5bbd92\" data-id=\"b5bbd92\" data-element_type=\"column\" data-e-type=\"column\">\n\t\t\t<div class=\"elementor-widget-wrap elementor-element-populated\">\n\t\t\t\t<a class=\"eael-wrapper-link-1897a70 --eael-wrapper-link-tag\" href=\"https:\/\/www.infoqro.mx\"><\/a>\t\t<div data-eael-wrapper-link=\"eael-wrapper-link-1897a70\" class=\"elementor-element elementor-element-1897a70 elementor-widget__width-auto migas elementor-widget elementor-widget-text-editor\" data-id=\"1897a70\" data-element_type=\"widget\" data-e-type=\"widget\" data-widget_type=\"text-editor.default\">\n\t\t\t\t<div class=\"elementor-widget-container\">\n\t\t\t\t\t\t\t\t\t<p>Inicio<\/p>\t\t\t\t\t\t\t\t<\/div>\n\t\t\t\t<\/div>\n\t\t\t\t<div class=\"elementor-element elementor-element-2ab8130 elementor-widget__width-auto migas elementor-widget elementor-widget-text-editor\" data-id=\"2ab8130\" data-element_type=\"widget\" data-e-type=\"widget\" data-widget_type=\"text-editor.default\">\n\t\t\t\t<div class=\"elementor-widget-container\">\n\t\t\t\t\t\t\t\t\t<p style=\"text-align: right;\">&nbsp;\u00bb&nbsp;<span style=\"color: var( --e-global-color-primary ); text-decoration-color: initial;\">Transparencia Proactiva \u00bb<\/span><span style=\"color: var( --e-global-color-primary ); font-weight: 800; text-decoration-color: initial;\">&nbsp;\u00bfQu\u00e9 es Transparencia Proactiva?<\/span><\/p>\t\t\t\t\t\t\t\t<\/div>\n\t\t\t\t<\/div>\n\t\t\t\t\t<\/div>\n\t\t<\/div>\n\t\t\t\t\t<\/div>\n\t\t<\/section>\n\t\t\t\t<section class=\"elementor-section elementor-top-section elementor-element elementor-element-41d4749 elementor-section-content-top elementor-section-boxed elementor-section-height-default elementor-section-height-default\" data-id=\"41d4749\" data-element_type=\"section\" data-e-type=\"section\" data-settings=\"{&quot;scisco_shape_divider_top&quot;:&quot;none&quot;,&quot;scisco_shape_divider_bottom&quot;:&quot;none&quot;}\">\n\t\t\t\t\t\t<div class=\"elementor-container elementor-column-gap-extended\">\n\t\t\t\t\t<div class=\"elementor-column elementor-col-33 elementor-top-column elementor-element elementor-element-b152fd5\" data-id=\"b152fd5\" data-element_type=\"column\" data-e-type=\"column\">\n\t\t\t<div class=\"elementor-widget-wrap elementor-element-populated\">\n\t\t\t\t\t\t<div class=\"elementor-element elementor-element-7f35491 elementor-widget elementor-widget-image\" data-id=\"7f35491\" data-element_type=\"widget\" data-e-type=\"widget\" data-widget_type=\"image.default\">\n\t\t\t\t<div class=\"elementor-widget-container\">\n\t\t\t\t\t\t\t\t\t\t\t\t\t\t\t<img decoding=\"async\" src=\"https:\/\/www.infoqro.mx\/wp-content\/uploads\/2023\/12\/transparencia_activa-2.png\" title=\"transparencia_activa-2\" alt=\"transparencia_activa-2\" loading=\"lazy\" \/>\t\t\t\t\t\t\t\t\t\t\t\t\t\t\t<\/div>\n\t\t\t\t<\/div>\n\t\t\t\t\t<\/div>\n\t\t<\/div>\n\t\t\t\t<div class=\"elementor-column elementor-col-66 elementor-top-column elementor-element elementor-element-2dd6a7c\" data-id=\"2dd6a7c\" data-element_type=\"column\" data-e-type=\"column\">\n\t\t\t<div class=\"elementor-widget-wrap elementor-element-populated\">\n\t\t\t\t\t\t<div class=\"elementor-element elementor-element-a68f77e elementor-widget__width-initial elementor-widget-mobile__width-initial elementor-widget elementor-widget-heading\" data-id=\"a68f77e\" data-element_type=\"widget\" data-e-type=\"widget\" data-widget_type=\"heading.default\">\n\t\t\t\t<div class=\"elementor-widget-container\">\n\t\t\t\t\t<h2 class=\"elementor-heading-title elementor-size-default\">\u00bfQu\u00e9 es Transparencia Proactiva?<\/h2>\t\t\t\t<\/div>\n\t\t\t\t<\/div>\n\t\t\t\t<div class=\"elementor-element elementor-element-0ae4550 elementor-widget elementor-widget-text-editor\" data-id=\"0ae4550\" data-element_type=\"widget\" data-e-type=\"widget\" data-widget_type=\"text-editor.default\">\n\t\t\t\t<div class=\"elementor-widget-container\">\n\t\t\t\t\t\t\t\t\t<p><span style=\"font-weight: 400;\">Transparencia Proactiva es aquella informaci\u00f3n que las instituciones gubernamentales publican voluntariamente y tiene las siguientes caracter\u00edsticas: \u00a0 <\/span><\/p>\t\t\t\t\t\t\t\t<\/div>\n\t\t\t\t<\/div>\n\t\t\t\t<div class=\"elementor-element elementor-element-df011ee elementor-position-left elementor-position-left elementor-vertical-align-top elementor-vertical-align-bottom elementor-widget elementor-widget-image-box\" data-id=\"df011ee\" data-element_type=\"widget\" data-e-type=\"widget\" data-widget_type=\"image-box.default\">\n\t\t\t\t<div class=\"elementor-widget-container\">\n\t\t\t\t\t<div class=\"elementor-image-box-wrapper\"><figure class=\"elementor-image-box-img\"><img fetchpriority=\"high\" decoding=\"async\" width=\"1649\" height=\"1629\" src=\"https:\/\/www.infoqro.mx\/wp-content\/uploads\/2023\/11\/vineta-1-2.png\" class=\"attachment-full size-full wp-image-5324\" alt=\"\" style=\"width:100%;height:98.79%;max-width:1649px\" srcset=\"https:\/\/www.infoqro.mx\/wp-content\/uploads\/2023\/11\/vineta-1-2.png 1649w, https:\/\/www.infoqro.mx\/wp-content\/uploads\/2023\/11\/vineta-1-2-300x296.png 300w, https:\/\/www.infoqro.mx\/wp-content\/uploads\/2023\/11\/vineta-1-2-1024x1012.png 1024w, https:\/\/www.infoqro.mx\/wp-content\/uploads\/2023\/11\/vineta-1-2-768x759.png 768w, https:\/\/www.infoqro.mx\/wp-content\/uploads\/2023\/11\/vineta-1-2-1536x1517.png 1536w, https:\/\/www.infoqro.mx\/wp-content\/uploads\/2023\/11\/vineta-1-2-1568x1549.png 1568w\" sizes=\"(max-width: 1649px) 100vw, 1649px\" \/><\/figure><div class=\"elementor-image-box-content\"><p class=\"elementor-image-box-description\">La informaci\u00f3n se produce con participaci\u00f3n ciudadana.  \n<\/p><\/div><\/div>\t\t\t\t<\/div>\n\t\t\t\t<\/div>\n\t\t\t\t<div class=\"elementor-element elementor-element-15e6fe3 elementor-position-left elementor-vertical-align-top elementor-position-top elementor-widget elementor-widget-image-box\" data-id=\"15e6fe3\" data-element_type=\"widget\" data-e-type=\"widget\" data-widget_type=\"image-box.default\">\n\t\t\t\t<div class=\"elementor-widget-container\">\n\t\t\t\t\t<div class=\"elementor-image-box-wrapper\"><figure class=\"elementor-image-box-img\"><img fetchpriority=\"high\" decoding=\"async\" width=\"1649\" height=\"1629\" src=\"https:\/\/www.infoqro.mx\/wp-content\/uploads\/2023\/11\/vineta-1-2.png\" class=\"attachment-full size-full wp-image-5324\" alt=\"\" style=\"width:100%;height:98.79%;max-width:1649px\" srcset=\"https:\/\/www.infoqro.mx\/wp-content\/uploads\/2023\/11\/vineta-1-2.png 1649w, https:\/\/www.infoqro.mx\/wp-content\/uploads\/2023\/11\/vineta-1-2-300x296.png 300w, https:\/\/www.infoqro.mx\/wp-content\/uploads\/2023\/11\/vineta-1-2-1024x1012.png 1024w, https:\/\/www.infoqro.mx\/wp-content\/uploads\/2023\/11\/vineta-1-2-768x759.png 768w, https:\/\/www.infoqro.mx\/wp-content\/uploads\/2023\/11\/vineta-1-2-1536x1517.png 1536w, https:\/\/www.infoqro.mx\/wp-content\/uploads\/2023\/11\/vineta-1-2-1568x1549.png 1568w\" sizes=\"(max-width: 1649px) 100vw, 1649px\" \/><\/figure><div class=\"elementor-image-box-content\"><p class=\"elementor-image-box-description\">Su contenido es sobre temas importantes para un grupo o sector de la poblaci\u00f3n.\n<\/p><\/div><\/div>\t\t\t\t<\/div>\n\t\t\t\t<\/div>\n\t\t\t\t<div class=\"elementor-element elementor-element-2f58802 elementor-position-left elementor-position-left elementor-vertical-align-top elementor-vertical-align-bottom elementor-widget elementor-widget-image-box\" data-id=\"2f58802\" data-element_type=\"widget\" data-e-type=\"widget\" data-widget_type=\"image-box.default\">\n\t\t\t\t<div class=\"elementor-widget-container\">\n\t\t\t\t\t<div class=\"elementor-image-box-wrapper\"><figure class=\"elementor-image-box-img\"><img fetchpriority=\"high\" decoding=\"async\" width=\"1649\" height=\"1629\" src=\"https:\/\/www.infoqro.mx\/wp-content\/uploads\/2023\/11\/vineta-1-2.png\" class=\"attachment-full size-full wp-image-5324\" alt=\"\" style=\"width:100%;height:98.79%;max-width:1649px\" srcset=\"https:\/\/www.infoqro.mx\/wp-content\/uploads\/2023\/11\/vineta-1-2.png 1649w, https:\/\/www.infoqro.mx\/wp-content\/uploads\/2023\/11\/vineta-1-2-300x296.png 300w, https:\/\/www.infoqro.mx\/wp-content\/uploads\/2023\/11\/vineta-1-2-1024x1012.png 1024w, https:\/\/www.infoqro.mx\/wp-content\/uploads\/2023\/11\/vineta-1-2-768x759.png 768w, https:\/\/www.infoqro.mx\/wp-content\/uploads\/2023\/11\/vineta-1-2-1536x1517.png 1536w, https:\/\/www.infoqro.mx\/wp-content\/uploads\/2023\/11\/vineta-1-2-1568x1549.png 1568w\" sizes=\"(max-width: 1649px) 100vw, 1649px\" \/><\/figure><div class=\"elementor-image-box-content\"><p class=\"elementor-image-box-description\">Se difunde a trav\u00e9s de los medios que m\u00e1s faciliten su consulta y uso.\n<\/p><\/div><\/div>\t\t\t\t<\/div>\n\t\t\t\t<\/div>\n\t\t\t\t<div class=\"elementor-element elementor-element-d9cc449 elementor-position-left elementor-vertical-align-top elementor-position-top elementor-widget elementor-widget-image-box\" data-id=\"d9cc449\" data-element_type=\"widget\" data-e-type=\"widget\" data-widget_type=\"image-box.default\">\n\t\t\t\t<div class=\"elementor-widget-container\">\n\t\t\t\t\t<div class=\"elementor-image-box-wrapper\"><figure class=\"elementor-image-box-img\"><img fetchpriority=\"high\" decoding=\"async\" width=\"1649\" height=\"1629\" src=\"https:\/\/www.infoqro.mx\/wp-content\/uploads\/2023\/11\/vineta-1-2.png\" class=\"attachment-full size-full wp-image-5324\" alt=\"\" style=\"width:100%;height:98.79%;max-width:1649px\" srcset=\"https:\/\/www.infoqro.mx\/wp-content\/uploads\/2023\/11\/vineta-1-2.png 1649w, https:\/\/www.infoqro.mx\/wp-content\/uploads\/2023\/11\/vineta-1-2-300x296.png 300w, https:\/\/www.infoqro.mx\/wp-content\/uploads\/2023\/11\/vineta-1-2-1024x1012.png 1024w, https:\/\/www.infoqro.mx\/wp-content\/uploads\/2023\/11\/vineta-1-2-768x759.png 768w, https:\/\/www.infoqro.mx\/wp-content\/uploads\/2023\/11\/vineta-1-2-1536x1517.png 1536w, https:\/\/www.infoqro.mx\/wp-content\/uploads\/2023\/11\/vineta-1-2-1568x1549.png 1568w\" sizes=\"(max-width: 1649px) 100vw, 1649px\" \/><\/figure><div class=\"elementor-image-box-content\"><p class=\"elementor-image-box-description\">Es socialmente \u00fatil, ayudando a las personas a tomar mejores decisiones o ejercer sus derechos.  \n<\/p><\/div><\/div>\t\t\t\t<\/div>\n\t\t\t\t<\/div>\n\t\t\t\t<div class=\"elementor-element elementor-element-4bba295 elementor-widget elementor-widget-text-editor\" data-id=\"4bba295\" data-element_type=\"widget\" data-e-type=\"widget\" data-widget_type=\"text-editor.default\">\n\t\t\t\t<div class=\"elementor-widget-container\">\n\t\t\t\t\t\t\t\t\t<p>Por tanto, es informaci\u00f3n p\u00fablica que tiene el prop\u00f3sito de generar conocimiento para resolver problemas o necesidades espec\u00edficas a trav\u00e9s de su utilizaci\u00f3n o consumo. Se trata de una evoluci\u00f3n de la transparencia, en la que la informaci\u00f3n es distinta de aquella que se obtiene a trav\u00e9s de solicitudes (transparencia reactiva) y la que es publicada por obligaci\u00f3n legal (transparencia activa). <\/p>\t\t\t\t\t\t\t\t<\/div>\n\t\t\t\t<\/div>\n\t\t\t\t<div class=\"elementor-element elementor-element-38ab9b1 elementor-widget elementor-widget-image\" data-id=\"38ab9b1\" data-element_type=\"widget\" data-e-type=\"widget\" data-widget_type=\"image.default\">\n\t\t\t\t<div class=\"elementor-widget-container\">\n\t\t\t\t\t\t\t\t\t\t\t\t\t\t\t<img decoding=\"async\" width=\"2422\" height=\"1371\" src=\"https:\/\/www.infoqro.mx\/wp-content\/uploads\/2023\/12\/graficos-1.png\" class=\"attachment-full size-full wp-image-9311\" alt=\"\" srcset=\"https:\/\/www.infoqro.mx\/wp-content\/uploads\/2023\/12\/graficos-1.png 2422w, https:\/\/www.infoqro.mx\/wp-content\/uploads\/2023\/12\/graficos-1-300x170.png 300w, https:\/\/www.infoqro.mx\/wp-content\/uploads\/2023\/12\/graficos-1-1024x580.png 1024w, https:\/\/www.infoqro.mx\/wp-content\/uploads\/2023\/12\/graficos-1-768x435.png 768w, https:\/\/www.infoqro.mx\/wp-content\/uploads\/2023\/12\/graficos-1-1536x869.png 1536w, https:\/\/www.infoqro.mx\/wp-content\/uploads\/2023\/12\/graficos-1-2048x1159.png 2048w, https:\/\/www.infoqro.mx\/wp-content\/uploads\/2023\/12\/graficos-1-1568x888.png 1568w\" sizes=\"(max-width: 2422px) 100vw, 2422px\" style=\"width:100%;height:56.61%;max-width:2422px\" \/>\t\t\t\t\t\t\t\t\t\t\t\t\t\t\t<\/div>\n\t\t\t\t<\/div>\n\t\t\t\t<div class=\"elementor-element elementor-element-7c6fdc3 elementor-widget elementor-widget-text-editor\" data-id=\"7c6fdc3\" data-element_type=\"widget\" data-e-type=\"widget\" data-widget_type=\"text-editor.default\">\n\t\t\t\t<div class=\"elementor-widget-container\">\n\t\t\t\t\t\t\t\t\t<p><a href=\"https:\/\/www.infoqro.mx\/wp-content\/uploads\/2023\/12\/graficos-1.png\" download=\"https:\/\/www.infoqro.mx\/wp-content\/uploads\/2023\/12\/graficos-1.png\">Descargar imagen<\/a><\/p>\t\t\t\t\t\t\t\t<\/div>\n\t\t\t\t<\/div>\n\t\t\t\t\t<\/div>\n\t\t<\/div>\n\t\t\t\t\t<\/div>\n\t\t<\/section>\n\t\t\t\t<\/div>\n\t\t","protected":false},"excerpt":{"rendered":"<p>Inicio &nbsp;\u00bb&nbsp;Transparencia Proactiva \u00bb&nbsp;\u00bfQu\u00e9 es Transparencia Proactiva? \u00bfQu\u00e9 es Transparencia Proactiva? Transparencia Proactiva es aquella informaci\u00f3n que las instituciones gubernamentales publican voluntariamente y tiene las siguientes caracter\u00edsticas: \u00a0 La informaci\u00f3n se produce con participaci\u00f3n ciudadana. Su contenido es sobre temas importantes para un grupo o sector de la poblaci\u00f3n. Se difunde a trav\u00e9s de los&hellip; <a class=\"more-link\" href=\"https:\/\/www.infoqro.mx\/index.php\/que-es-transparencia-proactiva\/\">Seguir leyendo <span class=\"screen-reader-text\">\u00bfQu\u00e9 es Transparencia Proactiva?<\/span><\/a><\/p>\n","protected":false},"author":1,"featured_media":0,"parent":0,"menu_order":0,"comment_status":"closed","ping_status":"closed","template":"elementor_header_footer","meta":{"_monsterinsights_skip_tracking":false,"_monsterinsights_sitenote_active":false,"_monsterinsights_sitenote_note":"","_monsterinsights_sitenote_category":0,"footnotes":""},"coauthors":[],"class_list":["post-7999","page","type-page","status-publish","hentry","entry"],"_links":{"self":[{"href":"https:\/\/www.infoqro.mx\/index.php\/wp-json\/wp\/v2\/pages\/7999","targetHints":{"allow":["GET"]}}],"collection":[{"href":"https:\/\/www.infoqro.mx\/index.php\/wp-json\/wp\/v2\/pages"}],"about":[{"href":"https:\/\/www.infoqro.mx\/index.php\/wp-json\/wp\/v2\/types\/page"}],"author":[{"embeddable":true,"href":"https:\/\/www.infoqro.mx\/index.php\/wp-json\/wp\/v2\/users\/1"}],"replies":[{"embeddable":true,"href":"https:\/\/www.infoqro.mx\/index.php\/wp-json\/wp\/v2\/comments?post=7999"}],"version-history":[{"count":0,"href":"https:\/\/www.infoqro.mx\/index.php\/wp-json\/wp\/v2\/pages\/7999\/revisions"}],"wp:attachment":[{"href":"https:\/\/www.infoqro.mx\/index.php\/wp-json\/wp\/v2\/media?parent=7999"}],"wp:term":[{"taxonomy":"author","embeddable":true,"href":"https:\/\/www.infoqro.mx\/index.php\/wp-json\/wp\/v2\/coauthors?post=7999"}],"curies":[{"name":"wp","href":"https:\/\/api.w.org\/{rel}","templated":true}]}}