{"id":9519,"date":"2023-12-15T02:21:05","date_gmt":"2023-12-15T02:21:05","guid":{"rendered":"https:\/\/www.infoqro.mx\/?page_id=9519"},"modified":"2026-01-21T14:29:55","modified_gmt":"2026-01-21T20:29:55","slug":"presupuesto-de-egresos-del-estado-de-queretaro","status":"publish","type":"page","link":"https:\/\/www.infoqro.mx\/index.php\/presupuesto-de-egresos-del-estado-de-queretaro\/","title":{"rendered":"Presupuesto de Egresos del Estado de Quer\u00e9taro"},"content":{"rendered":"\t\t<div data-elementor-type=\"wp-page\" data-elementor-id=\"9519\" class=\"elementor elementor-9519\" data-elementor-post-type=\"page\">\n\t\t\t\t\t\t<section class=\"elementor-section elementor-top-section elementor-element elementor-element-ac161b5 elementor-section-boxed elementor-section-height-default elementor-section-height-default\" data-id=\"ac161b5\" data-element_type=\"section\" data-e-type=\"section\" data-settings=\"{&quot;scisco_shape_divider_top&quot;:&quot;none&quot;,&quot;scisco_shape_divider_bottom&quot;:&quot;none&quot;}\">\n\t\t\t\t\t\t<div class=\"elementor-container elementor-column-gap-default\">\n\t\t\t\t\t<div class=\"elementor-column elementor-col-100 elementor-top-column elementor-element elementor-element-61f3227\" data-id=\"61f3227\" data-element_type=\"column\" data-e-type=\"column\">\n\t\t\t<div class=\"elementor-widget-wrap elementor-element-populated\">\n\t\t\t\t<a class=\"eael-wrapper-link-2b0abdc --eael-wrapper-link-tag\" href=\"https:\/\/www.infoqro.mx\"><\/a>\t\t<div data-eael-wrapper-link=\"eael-wrapper-link-2b0abdc\" class=\"elementor-element elementor-element-2b0abdc elementor-widget__width-initial migas elementor-widget elementor-widget-text-editor\" data-id=\"2b0abdc\" data-element_type=\"widget\" data-e-type=\"widget\" data-widget_type=\"text-editor.default\">\n\t\t\t\t<div class=\"elementor-widget-container\">\n\t\t\t\t\t\t\t\t\tInicio\t\t\t\t\t\t\t\t<\/div>\n\t\t\t\t<\/div>\n\t\t<a class=\"eael-wrapper-link-34013cf --eael-wrapper-link-tag\" href=\"https:\/\/www.infoqro.mx\/index.php\/transparencia\/\"><\/a>\t\t<div data-eael-wrapper-link=\"eael-wrapper-link-34013cf\" class=\"elementor-element elementor-element-34013cf elementor-widget__width-auto migas elementor-widget elementor-widget-text-editor\" data-id=\"34013cf\" data-element_type=\"widget\" data-e-type=\"widget\" data-widget_type=\"text-editor.default\">\n\t\t\t\t<div class=\"elementor-widget-container\">\n\t\t\t\t\t\t\t\t\t<p>\u00bb Transparencia \u00bb\u00a0<\/p>\t\t\t\t\t\t\t\t<\/div>\n\t\t\t\t<\/div>\n\t\t\t\t<div class=\"elementor-element elementor-element-8fc6632 elementor-widget__width-auto migas elementor-widget elementor-widget-text-editor\" data-id=\"8fc6632\" data-element_type=\"widget\" data-e-type=\"widget\" data-widget_type=\"text-editor.default\">\n\t\t\t\t<div class=\"elementor-widget-container\">\n\t\t\t\t\t\t\t\t\t<p><strong>Presupuesto de Egresos del Estado de Quer\u00e9taro<\/strong><\/p>\t\t\t\t\t\t\t\t<\/div>\n\t\t\t\t<\/div>\n\t\t\t\t\t<\/div>\n\t\t<\/div>\n\t\t\t\t\t<\/div>\n\t\t<\/section>\n\t\t\t\t<section class=\"elementor-section elementor-top-section elementor-element elementor-element-7c15ac4 elementor-section-content-top elementor-section-boxed elementor-section-height-default elementor-section-height-default\" data-id=\"7c15ac4\" data-element_type=\"section\" data-e-type=\"section\" data-settings=\"{&quot;scisco_shape_divider_top&quot;:&quot;none&quot;,&quot;scisco_shape_divider_bottom&quot;:&quot;none&quot;}\">\n\t\t\t\t\t\t<div class=\"elementor-container elementor-column-gap-extended\">\n\t\t\t\t\t<div class=\"elementor-column elementor-col-33 elementor-top-column elementor-element elementor-element-581415e\" data-id=\"581415e\" data-element_type=\"column\" data-e-type=\"column\">\n\t\t\t<div class=\"elementor-widget-wrap elementor-element-populated\">\n\t\t\t\t\t\t<div class=\"elementor-element elementor-element-0cd9c85 elementor-widget elementor-widget-image\" data-id=\"0cd9c85\" data-element_type=\"widget\" data-e-type=\"widget\" data-widget_type=\"image.default\">\n\t\t\t\t<div class=\"elementor-widget-container\">\n\t\t\t\t\t\t\t\t\t\t\t\t\t\t\t<img decoding=\"async\" src=\"https:\/\/www.infoqro.mx\/wp-content\/uploads\/2023\/12\/PresupuestoEgresos-1.png\" title=\"PresupuestoEgresos-1\" alt=\"PresupuestoEgresos-1\" loading=\"lazy\" \/>\t\t\t\t\t\t\t\t\t\t\t\t\t\t\t<\/div>\n\t\t\t\t<\/div>\n\t\t\t\t\t<\/div>\n\t\t<\/div>\n\t\t\t\t<div class=\"elementor-column elementor-col-66 elementor-top-column elementor-element elementor-element-f2b2174\" data-id=\"f2b2174\" data-element_type=\"column\" data-e-type=\"column\">\n\t\t\t<div class=\"elementor-widget-wrap elementor-element-populated\">\n\t\t\t\t\t\t<div class=\"elementor-element elementor-element-bb37e48 elementor-widget__width-initial elementor-widget-mobile__width-initial elementor-widget elementor-widget-heading\" data-id=\"bb37e48\" data-element_type=\"widget\" data-e-type=\"widget\" data-widget_type=\"heading.default\">\n\t\t\t\t<div class=\"elementor-widget-container\">\n\t\t\t\t\t<h2 class=\"elementor-heading-title elementor-size-default\">Presupuesto de Egresos del Estado de Quer\u00e9taro<\/h2>\t\t\t\t<\/div>\n\t\t\t\t<\/div>\n\t\t\t\t<div class=\"elementor-element elementor-element-dee6852 elementor-widget elementor-widget-text-editor\" data-id=\"dee6852\" data-element_type=\"widget\" data-e-type=\"widget\" data-widget_type=\"text-editor.default\">\n\t\t\t\t<div class=\"elementor-widget-container\">\n\t\t\t\t\t\t\t\t\t<div class=\"table-responsive\"><table class=\"table table-hover\" style=\"text-align: center;\"><thead><tr><th><img decoding=\"async\" class=\"alignnone wp-image-9336\" style=\"filter: none;\" src=\"https:\/\/www.infoqro.mx\/wp-content\/uploads\/2023\/12\/calendario-2-1.png\" alt=\"\" width=\"32\" height=\"32\" \/> A\u00f1o<\/th><th><img decoding=\"async\" class=\"alignnone wp-image-9134\" style=\"filter: none;\" src=\"https:\/\/www.infoqro.mx\/wp-content\/uploads\/2023\/12\/pdf-4-1.png\" alt=\"\" width=\"32\" height=\"32\" \/>\u00a0 PDF<\/th><\/tr><\/thead><tbody><tr><td>2026<\/td><td><a href=\"https:\/\/www.infoqro.mx\/marcojuridico\/leyes\/Presupuesto%20de%20Egresos%202026.pdf\" target=\"_blank\" rel=\"noopener\"><img decoding=\"async\" class=\"alignnone\" src=\"https:\/\/www.infoqro.mx\/wp-content\/uploads\/2023\/11\/vista_verde-01.svg\" alt=\"\" width=\"40\" height=\"40\" \/><\/a><\/td><\/tr><tr><td>2025<\/td><td><a href=\"https:\/\/www.infoqro.mx\/marcojuridico\/leyes\/DecretodePresupuestodeEgresosdelEstadodeQuer%C3%A9taroparaelejerciciofiscal2025.pdf\" target=\"_blank\" rel=\"noopener\"><img decoding=\"async\" class=\"alignnone\" src=\"https:\/\/www.infoqro.mx\/wp-content\/uploads\/2023\/11\/vista_verde-01.svg\" alt=\"\" width=\"40\" height=\"40\" \/><\/a><\/td><\/tr><tr><td>2024<\/td><td><a href=\"https:\/\/www.infoqro.mx\/wp-content\/uploads\/2024\/01\/2.-PEQ.-POE-271223.pdf\" target=\"_blank\" rel=\"noopener\"><img loading=\"lazy\" decoding=\"async\" src=\"https:\/\/www.infoqro.mx\/wp-content\/uploads\/2023\/11\/vista_verde-01.svg\" alt=\"\" width=\"40\" height=\"40\" \/><\/a><\/td><\/tr><tr><td>2023<\/td><td><a href=\"https:\/\/www.infoqro.mx\/wp-content\/uploads\/2024\/01\/Decreto-del-Presupuesto-de-Egresos-del-Estado-de-Queretaro-2023.pdf\" target=\"_blank\" rel=\"noopener\"><img loading=\"lazy\" decoding=\"async\" src=\"https:\/\/www.infoqro.mx\/wp-content\/uploads\/2023\/11\/vista_verde-01.svg\" alt=\"\" width=\"40\" height=\"40\" \/><\/a><\/td><\/tr><tr><td>2022<\/td><td><a href=\"https:\/\/www.infoqro.mx\/wp-content\/uploads\/2024\/01\/Decreto-de-Presupuesto-de-Egresos-del-Estado-de-Queretaro-2022.pdf\" target=\"_blank\" rel=\"noopener\"><img loading=\"lazy\" decoding=\"async\" src=\"https:\/\/www.infoqro.mx\/wp-content\/uploads\/2023\/11\/vista_verde-01.svg\" alt=\"\" width=\"40\" height=\"40\" \/><\/a><\/td><\/tr><tr><td>2021<\/td><td><a href=\"https:\/\/portal.infoqro.mx\/pdf\/PDF_PDEDEDQ\/2046593049_PTO-2021.pdf\" target=\"_blank\" rel=\"noopener\"><img loading=\"lazy\" decoding=\"async\" src=\"https:\/\/www.infoqro.mx\/wp-content\/uploads\/2023\/11\/vista_verde-01.svg\" alt=\"\" width=\"40\" height=\"40\" \/><\/a><\/td><\/tr><tr><td>2020<\/td><td><a href=\"https:\/\/portal.infoqro.mx\/pdf\/PDF_PDEDEDQ\/20191291-01.pdf\" target=\"_blank\" rel=\"noopener\"><img loading=\"lazy\" decoding=\"async\" src=\"https:\/\/www.infoqro.mx\/wp-content\/uploads\/2023\/11\/vista_verde-01.svg\" alt=\"\" width=\"40\" height=\"40\" \/><\/a><\/td><\/tr><tr><td>2019<\/td><td><a href=\"https:\/\/portal.infoqro.mx\/pdf\/PDF_PDEDEDQ\/799625552_2019.pdf\" target=\"_blank\" rel=\"noopener\"><img loading=\"lazy\" decoding=\"async\" src=\"https:\/\/www.infoqro.mx\/wp-content\/uploads\/2023\/11\/vista_verde-01.svg\" alt=\"\" width=\"40\" height=\"40\" \/><\/a><\/td><\/tr><tr><td>2018<\/td><td><a href=\"https:\/\/portal.infoqro.mx\/pdf\/PDF_PDEDEDQ\/421216911_2018.pdf\" target=\"_blank\" rel=\"noopener\"><img loading=\"lazy\" decoding=\"async\" src=\"https:\/\/www.infoqro.mx\/wp-content\/uploads\/2023\/11\/vista_verde-01.svg\" alt=\"\" width=\"40\" height=\"40\" \/><\/a><\/td><\/tr><\/tbody><\/table><\/div>\t\t\t\t\t\t\t\t<\/div>\n\t\t\t\t<\/div>\n\t\t\t\t\t<\/div>\n\t\t<\/div>\n\t\t\t\t\t<\/div>\n\t\t<\/section>\n\t\t\t\t<\/div>\n\t\t","protected":false},"excerpt":{"rendered":"<p>Inicio \u00bb Transparencia \u00bb\u00a0 Presupuesto de Egresos del Estado de Quer\u00e9taro Presupuesto de Egresos del Estado de Quer\u00e9taro A\u00f1o \u00a0 PDF 2026 2025 2024 2023 2022 2021 2020 2019 2018<\/p>\n","protected":false},"author":1,"featured_media":0,"parent":0,"menu_order":0,"comment_status":"closed","ping_status":"closed","template":"elementor_header_footer","meta":{"_monsterinsights_skip_tracking":false,"_monsterinsights_sitenote_active":false,"_monsterinsights_sitenote_note":"","_monsterinsights_sitenote_category":0,"footnotes":""},"coauthors":[15],"class_list":["post-9519","page","type-page","status-publish","hentry","entry"],"_links":{"self":[{"href":"https:\/\/www.infoqro.mx\/index.php\/wp-json\/wp\/v2\/pages\/9519","targetHints":{"allow":["GET"]}}],"collection":[{"href":"https:\/\/www.infoqro.mx\/index.php\/wp-json\/wp\/v2\/pages"}],"about":[{"href":"https:\/\/www.infoqro.mx\/index.php\/wp-json\/wp\/v2\/types\/page"}],"author":[{"embeddable":true,"href":"https:\/\/www.infoqro.mx\/index.php\/wp-json\/wp\/v2\/users\/1"}],"replies":[{"embeddable":true,"href":"https:\/\/www.infoqro.mx\/index.php\/wp-json\/wp\/v2\/comments?post=9519"}],"version-history":[{"count":0,"href":"https:\/\/www.infoqro.mx\/index.php\/wp-json\/wp\/v2\/pages\/9519\/revisions"}],"wp:attachment":[{"href":"https:\/\/www.infoqro.mx\/index.php\/wp-json\/wp\/v2\/media?parent=9519"}],"wp:term":[{"taxonomy":"author","embeddable":true,"href":"https:\/\/www.infoqro.mx\/index.php\/wp-json\/wp\/v2\/coauthors?post=9519"}],"curies":[{"name":"wp","href":"https:\/\/api.w.org\/{rel}","templated":true}]}}