{"id":9975,"date":"2023-12-20T22:47:30","date_gmt":"2023-12-20T22:47:30","guid":{"rendered":"https:\/\/www.infoqro.mx\/?page_id=9975"},"modified":"2024-06-05T13:57:13","modified_gmt":"2024-06-05T19:57:13","slug":"derecho-a-la-proteccion-de-datos-personales","status":"publish","type":"page","link":"https:\/\/www.infoqro.mx\/index.php\/derecho-a-la-proteccion-de-datos-personales\/","title":{"rendered":"Derecho a la Protecci\u00f3n de Datos Personales"},"content":{"rendered":"\t\t<div data-elementor-type=\"wp-page\" data-elementor-id=\"9975\" class=\"elementor elementor-9975\" data-elementor-post-type=\"page\">\n\t\t\t\t\t\t<section class=\"elementor-section elementor-top-section elementor-element elementor-element-128147e elementor-section-boxed elementor-section-height-default elementor-section-height-default\" data-id=\"128147e\" data-element_type=\"section\" data-e-type=\"section\" data-settings=\"{&quot;scisco_shape_divider_top&quot;:&quot;none&quot;,&quot;scisco_shape_divider_bottom&quot;:&quot;none&quot;}\">\n\t\t\t\t\t\t<div class=\"elementor-container elementor-column-gap-default\">\n\t\t\t\t\t<div class=\"elementor-column elementor-col-100 elementor-top-column elementor-element elementor-element-9c8def8\" data-id=\"9c8def8\" data-element_type=\"column\" data-e-type=\"column\">\n\t\t\t<div class=\"elementor-widget-wrap elementor-element-populated\">\n\t\t\t\t<a class=\"eael-wrapper-link-d16262b --eael-wrapper-link-tag\" href=\"https:\/\/www.infoqro.mx\"><\/a>\t\t<div data-eael-wrapper-link=\"eael-wrapper-link-d16262b\" class=\"elementor-element elementor-element-d16262b elementor-widget__width-auto migas elementor-widget elementor-widget-text-editor\" data-id=\"d16262b\" data-element_type=\"widget\" data-e-type=\"widget\" data-widget_type=\"text-editor.default\">\n\t\t\t\t<div class=\"elementor-widget-container\">\n\t\t\t\t\t\t\t\t\t<p>Inicio<\/p>\t\t\t\t\t\t\t\t<\/div>\n\t\t\t\t<\/div>\n\t\t\t\t<div class=\"elementor-element elementor-element-8857e98 elementor-widget__width-auto migas elementor-widget elementor-widget-text-editor\" data-id=\"8857e98\" data-element_type=\"widget\" data-e-type=\"widget\" data-widget_type=\"text-editor.default\">\n\t\t\t\t<div class=\"elementor-widget-container\">\n\t\t\t\t\t\t\t\t\t<p style=\"text-align: right;\">\u00a0\u00bb\u00a0<span style=\"color: var( --e-global-color-primary ); text-decoration-color: initial;\">Datos Personales \u00bb<\/span><span style=\"color: var( --e-global-color-primary ); font-weight: 800; text-decoration-color: initial;\"> Derecho a la Protecci\u00f3n de Datos Personales<br \/><\/span><\/p>\t\t\t\t\t\t\t\t<\/div>\n\t\t\t\t<\/div>\n\t\t\t\t\t<\/div>\n\t\t<\/div>\n\t\t\t\t\t<\/div>\n\t\t<\/section>\n\t\t\t\t<section class=\"elementor-section elementor-top-section elementor-element elementor-element-fb730c3 elementor-section-content-top elementor-section-boxed elementor-section-height-default elementor-section-height-default\" data-id=\"fb730c3\" data-element_type=\"section\" data-e-type=\"section\" data-settings=\"{&quot;scisco_shape_divider_top&quot;:&quot;none&quot;,&quot;scisco_shape_divider_bottom&quot;:&quot;none&quot;}\">\n\t\t\t\t\t\t<div class=\"elementor-container elementor-column-gap-extended\">\n\t\t\t\t\t<div class=\"elementor-column elementor-col-33 elementor-top-column elementor-element elementor-element-b1bfd44\" data-id=\"b1bfd44\" data-element_type=\"column\" data-e-type=\"column\">\n\t\t\t<div class=\"elementor-widget-wrap elementor-element-populated\">\n\t\t\t\t\t\t<div class=\"elementor-element elementor-element-92724db elementor-widget elementor-widget-image\" data-id=\"92724db\" data-element_type=\"widget\" data-e-type=\"widget\" data-widget_type=\"image.default\">\n\t\t\t\t<div class=\"elementor-widget-container\">\n\t\t\t\t\t\t\t\t\t\t\t\t\t\t\t<img decoding=\"async\" src=\"https:\/\/www.infoqro.mx\/wp-content\/uploads\/2023\/12\/proteccion_datos-1.png\" title=\"proteccion_datos-1\" alt=\"proteccion_datos-1\" loading=\"lazy\" \/>\t\t\t\t\t\t\t\t\t\t\t\t\t\t\t<\/div>\n\t\t\t\t<\/div>\n\t\t\t\t\t<\/div>\n\t\t<\/div>\n\t\t\t\t<div class=\"elementor-column elementor-col-66 elementor-top-column elementor-element elementor-element-bb215b3\" data-id=\"bb215b3\" data-element_type=\"column\" data-e-type=\"column\">\n\t\t\t<div class=\"elementor-widget-wrap elementor-element-populated\">\n\t\t\t\t\t\t<div class=\"elementor-element elementor-element-a7e08b1 elementor-widget__width-initial elementor-widget-mobile__width-initial elementor-widget elementor-widget-heading\" data-id=\"a7e08b1\" data-element_type=\"widget\" data-e-type=\"widget\" data-widget_type=\"heading.default\">\n\t\t\t\t<div class=\"elementor-widget-container\">\n\t\t\t\t\t<h2 class=\"elementor-heading-title elementor-size-default\">Derecho a la Protecci\u00f3n de Datos Personales\n<\/h2>\t\t\t\t<\/div>\n\t\t\t\t<\/div>\n\t\t\t\t<div class=\"elementor-element elementor-element-20060c7 elementor-widget elementor-widget-text-editor\" data-id=\"20060c7\" data-element_type=\"widget\" data-e-type=\"widget\" data-widget_type=\"text-editor.default\">\n\t\t\t\t<div class=\"elementor-widget-container\">\n\t\t\t\t\t\t\t\t\t<p>Es el derecho fundamental que tienen todas las personas de conocer, decidir y mantener control sobre el uso y manejo de sus datos personales cuando \u00e9stos son obtenidos y utilizados por otras personas, empresas o instituciones gubernamentales para diversos prop\u00f3sitos relacionados con sus actividades laborales, profesionales o productivas. <\/p><p>\u00a0<\/p><p>Mediante este derecho, se protege a las personas ante el tratamiento ilegal, inadecuado, irresponsable o arbitrario de sus datos personales, con el prop\u00f3sito de garantizar: <\/p>\t\t\t\t\t\t\t\t<\/div>\n\t\t\t\t<\/div>\n\t\t\t\t<div class=\"elementor-element elementor-element-aa27b80 elementor-position-left elementor-position-left elementor-vertical-align-bottom elementor-vertical-align-top elementor-widget elementor-widget-image-box\" data-id=\"aa27b80\" data-element_type=\"widget\" data-e-type=\"widget\" data-widget_type=\"image-box.default\">\n\t\t\t\t<div class=\"elementor-widget-container\">\n\t\t\t\t\t<div class=\"elementor-image-box-wrapper\"><figure class=\"elementor-image-box-img\"><img fetchpriority=\"high\" decoding=\"async\" width=\"1649\" height=\"1629\" src=\"https:\/\/www.infoqro.mx\/wp-content\/uploads\/2023\/11\/vineta-1-2.png\" class=\"attachment-full size-full wp-image-5324\" alt=\"\" style=\"width:100%;height:98.79%;max-width:1649px\" srcset=\"https:\/\/www.infoqro.mx\/wp-content\/uploads\/2023\/11\/vineta-1-2.png 1649w, https:\/\/www.infoqro.mx\/wp-content\/uploads\/2023\/11\/vineta-1-2-300x296.png 300w, https:\/\/www.infoqro.mx\/wp-content\/uploads\/2023\/11\/vineta-1-2-1024x1012.png 1024w, https:\/\/www.infoqro.mx\/wp-content\/uploads\/2023\/11\/vineta-1-2-768x759.png 768w, https:\/\/www.infoqro.mx\/wp-content\/uploads\/2023\/11\/vineta-1-2-1536x1517.png 1536w, https:\/\/www.infoqro.mx\/wp-content\/uploads\/2023\/11\/vineta-1-2-1568x1549.png 1568w\" sizes=\"(max-width: 1649px) 100vw, 1649px\" \/><\/figure><div class=\"elementor-image-box-content\"><p class=\"elementor-image-box-description\">El uso correcto de la informaci\u00f3n de las personas.\n<\/p><\/div><\/div>\t\t\t\t<\/div>\n\t\t\t\t<\/div>\n\t\t\t\t<div class=\"elementor-element elementor-element-485713b elementor-position-left elementor-position-left elementor-vertical-align-bottom elementor-vertical-align-top elementor-widget elementor-widget-image-box\" data-id=\"485713b\" data-element_type=\"widget\" data-e-type=\"widget\" data-widget_type=\"image-box.default\">\n\t\t\t\t<div class=\"elementor-widget-container\">\n\t\t\t\t\t<div class=\"elementor-image-box-wrapper\"><figure class=\"elementor-image-box-img\"><img fetchpriority=\"high\" decoding=\"async\" width=\"1649\" height=\"1629\" src=\"https:\/\/www.infoqro.mx\/wp-content\/uploads\/2023\/11\/vineta-1-2.png\" class=\"attachment-full size-full wp-image-5324\" alt=\"\" style=\"width:100%;height:98.79%;max-width:1649px\" srcset=\"https:\/\/www.infoqro.mx\/wp-content\/uploads\/2023\/11\/vineta-1-2.png 1649w, https:\/\/www.infoqro.mx\/wp-content\/uploads\/2023\/11\/vineta-1-2-300x296.png 300w, https:\/\/www.infoqro.mx\/wp-content\/uploads\/2023\/11\/vineta-1-2-1024x1012.png 1024w, https:\/\/www.infoqro.mx\/wp-content\/uploads\/2023\/11\/vineta-1-2-768x759.png 768w, https:\/\/www.infoqro.mx\/wp-content\/uploads\/2023\/11\/vineta-1-2-1536x1517.png 1536w, https:\/\/www.infoqro.mx\/wp-content\/uploads\/2023\/11\/vineta-1-2-1568x1549.png 1568w\" sizes=\"(max-width: 1649px) 100vw, 1649px\" \/><\/figure><div class=\"elementor-image-box-content\"><p class=\"elementor-image-box-description\">El respeto a la privacidad de las personas cuyos datos son utilizados.\n<\/p><\/div><\/div>\t\t\t\t<\/div>\n\t\t\t\t<\/div>\n\t\t\t\t<div class=\"elementor-element elementor-element-fb887a2 elementor-position-left elementor-position-left elementor-vertical-align-top elementor-vertical-align-top elementor-widget elementor-widget-image-box\" data-id=\"fb887a2\" data-element_type=\"widget\" data-e-type=\"widget\" data-widget_type=\"image-box.default\">\n\t\t\t\t<div class=\"elementor-widget-container\">\n\t\t\t\t\t<div class=\"elementor-image-box-wrapper\"><figure class=\"elementor-image-box-img\"><img fetchpriority=\"high\" decoding=\"async\" width=\"1649\" height=\"1629\" src=\"https:\/\/www.infoqro.mx\/wp-content\/uploads\/2023\/11\/vineta-1-2.png\" class=\"attachment-full size-full wp-image-5324\" alt=\"\" style=\"width:100%;height:98.79%;max-width:1649px\" srcset=\"https:\/\/www.infoqro.mx\/wp-content\/uploads\/2023\/11\/vineta-1-2.png 1649w, https:\/\/www.infoqro.mx\/wp-content\/uploads\/2023\/11\/vineta-1-2-300x296.png 300w, https:\/\/www.infoqro.mx\/wp-content\/uploads\/2023\/11\/vineta-1-2-1024x1012.png 1024w, https:\/\/www.infoqro.mx\/wp-content\/uploads\/2023\/11\/vineta-1-2-768x759.png 768w, https:\/\/www.infoqro.mx\/wp-content\/uploads\/2023\/11\/vineta-1-2-1536x1517.png 1536w, https:\/\/www.infoqro.mx\/wp-content\/uploads\/2023\/11\/vineta-1-2-1568x1549.png 1568w\" sizes=\"(max-width: 1649px) 100vw, 1649px\" \/><\/figure><div class=\"elementor-image-box-content\"><p class=\"elementor-image-box-description\">El poder de decisi\u00f3n que tienen las personas sobre su propia informaci\u00f3n.\n<\/p><\/div><\/div>\t\t\t\t<\/div>\n\t\t\t\t<\/div>\n\t\t\t\t<div class=\"elementor-element elementor-element-f75f04e elementor-widget elementor-widget-text-editor\" data-id=\"f75f04e\" data-element_type=\"widget\" data-e-type=\"widget\" data-widget_type=\"text-editor.default\">\n\t\t\t\t<div class=\"elementor-widget-container\">\n\t\t\t\t\t\t\t\t\t<p>Para ello, la Protecci\u00f3n de Datos Personales est\u00e1 reconocida en el art\u00edculo 16 de la Constituci\u00f3n mexicana y, adem\u00e1s, en nuestro pa\u00eds existen un conjunto de normas para ejercer y garantizar este derecho. Espec\u00edficamente, en Quer\u00e9taro, hay una ley en la materia e Infoqro es la instituci\u00f3n encargada de vigilar que los entes gubernamentales usen de forma l\u00edcita, responsable y segura los datos personales en los tr\u00e1mites, servicios y programas que ofrecen a la poblaci\u00f3n.<\/p>\t\t\t\t\t\t\t\t<\/div>\n\t\t\t\t<\/div>\n\t\t\t\t<div class=\"elementor-element elementor-element-f7d9855 elementor-widget elementor-widget-image\" data-id=\"f7d9855\" data-element_type=\"widget\" data-e-type=\"widget\" data-widget_type=\"image.default\">\n\t\t\t\t<div class=\"elementor-widget-container\">\n\t\t\t\t\t\t\t\t\t\t\t\t\t\t\t<img decoding=\"async\" width=\"1734\" height=\"896\" src=\"https:\/\/www.infoqro.mx\/wp-content\/uploads\/2023\/12\/Captura-de-pantalla-2023-12-20-a-las-4.41.41\u202fp.m.png\" class=\"attachment-full size-full wp-image-9969\" alt=\"\" srcset=\"https:\/\/www.infoqro.mx\/wp-content\/uploads\/2023\/12\/Captura-de-pantalla-2023-12-20-a-las-4.41.41\u202fp.m.png 1734w, https:\/\/www.infoqro.mx\/wp-content\/uploads\/2023\/12\/Captura-de-pantalla-2023-12-20-a-las-4.41.41\u202fp.m-300x155.png 300w, https:\/\/www.infoqro.mx\/wp-content\/uploads\/2023\/12\/Captura-de-pantalla-2023-12-20-a-las-4.41.41\u202fp.m-1024x529.png 1024w, https:\/\/www.infoqro.mx\/wp-content\/uploads\/2023\/12\/Captura-de-pantalla-2023-12-20-a-las-4.41.41\u202fp.m-768x397.png 768w, https:\/\/www.infoqro.mx\/wp-content\/uploads\/2023\/12\/Captura-de-pantalla-2023-12-20-a-las-4.41.41\u202fp.m-1536x794.png 1536w, https:\/\/www.infoqro.mx\/wp-content\/uploads\/2023\/12\/Captura-de-pantalla-2023-12-20-a-las-4.41.41\u202fp.m-1568x810.png 1568w\" sizes=\"(max-width: 1734px) 100vw, 1734px\" style=\"width:100%;height:51.67%;max-width:1734px\" \/>\t\t\t\t\t\t\t\t\t\t\t\t\t\t\t<\/div>\n\t\t\t\t<\/div>\n\t\t\t\t<div class=\"elementor-element elementor-element-75a5353 elementor-widget elementor-widget-text-editor\" data-id=\"75a5353\" data-element_type=\"widget\" data-e-type=\"widget\" data-widget_type=\"text-editor.default\">\n\t\t\t\t<div class=\"elementor-widget-container\">\n\t\t\t\t\t\t\t\t\t<a href=\"https:\/\/www.infoqro.mx\/wp-content\/uploads\/2023\/12\/Captura-de-pantalla-2023-12-20-a-las-4.41.41\u202fp.m.png\" download=\"https:\/\/www.infoqro.mx\/wp-content\/uploads\/2023\/12\/Captura-de-pantalla-2023-12-20-a-las-4.41.41\u202fp.m.png\">Descargar imagen<\/a>\t\t\t\t\t\t\t\t<\/div>\n\t\t\t\t<\/div>\n\t\t\t\t\t<\/div>\n\t\t<\/div>\n\t\t\t\t\t<\/div>\n\t\t<\/section>\n\t\t\t\t<\/div>\n\t\t","protected":false},"excerpt":{"rendered":"<p>Inicio \u00a0\u00bb\u00a0Datos Personales \u00bb Derecho a la Protecci\u00f3n de Datos Personales Derecho a la Protecci\u00f3n de Datos Personales Es el derecho fundamental que tienen todas las personas de conocer, decidir y mantener control sobre el uso y manejo de sus datos personales cuando \u00e9stos son obtenidos y utilizados por otras personas, empresas o instituciones gubernamentales&hellip; <a class=\"more-link\" href=\"https:\/\/www.infoqro.mx\/index.php\/derecho-a-la-proteccion-de-datos-personales\/\">Seguir leyendo <span class=\"screen-reader-text\">Derecho a la Protecci\u00f3n de Datos Personales<\/span><\/a><\/p>\n","protected":false},"author":1,"featured_media":0,"parent":0,"menu_order":0,"comment_status":"closed","ping_status":"closed","template":"elementor_header_footer","meta":{"_monsterinsights_skip_tracking":false,"_monsterinsights_sitenote_active":false,"_monsterinsights_sitenote_note":"","_monsterinsights_sitenote_category":0,"footnotes":""},"coauthors":[],"class_list":["post-9975","page","type-page","status-publish","hentry","entry"],"_links":{"self":[{"href":"https:\/\/www.infoqro.mx\/index.php\/wp-json\/wp\/v2\/pages\/9975","targetHints":{"allow":["GET"]}}],"collection":[{"href":"https:\/\/www.infoqro.mx\/index.php\/wp-json\/wp\/v2\/pages"}],"about":[{"href":"https:\/\/www.infoqro.mx\/index.php\/wp-json\/wp\/v2\/types\/page"}],"author":[{"embeddable":true,"href":"https:\/\/www.infoqro.mx\/index.php\/wp-json\/wp\/v2\/users\/1"}],"replies":[{"embeddable":true,"href":"https:\/\/www.infoqro.mx\/index.php\/wp-json\/wp\/v2\/comments?post=9975"}],"version-history":[{"count":0,"href":"https:\/\/www.infoqro.mx\/index.php\/wp-json\/wp\/v2\/pages\/9975\/revisions"}],"wp:attachment":[{"href":"https:\/\/www.infoqro.mx\/index.php\/wp-json\/wp\/v2\/media?parent=9975"}],"wp:term":[{"taxonomy":"author","embeddable":true,"href":"https:\/\/www.infoqro.mx\/index.php\/wp-json\/wp\/v2\/coauthors?post=9975"}],"curies":[{"name":"wp","href":"https:\/\/api.w.org\/{rel}","templated":true}]}}