{"id":9991,"date":"2023-12-20T22:59:06","date_gmt":"2023-12-20T22:59:06","guid":{"rendered":"https:\/\/www.infoqro.mx\/?page_id=9991"},"modified":"2024-06-05T13:57:27","modified_gmt":"2024-06-05T19:57:27","slug":"derechos-arcop","status":"publish","type":"page","link":"https:\/\/www.infoqro.mx\/index.php\/derechos-arcop\/","title":{"rendered":"Derechos ARCOP"},"content":{"rendered":"\t\t<div data-elementor-type=\"wp-page\" data-elementor-id=\"9991\" class=\"elementor elementor-9991\" data-elementor-post-type=\"page\">\n\t\t\t\t\t\t<section class=\"elementor-section elementor-top-section elementor-element elementor-element-1d79774 elementor-section-boxed elementor-section-height-default elementor-section-height-default\" data-id=\"1d79774\" data-element_type=\"section\" data-e-type=\"section\" data-settings=\"{&quot;scisco_shape_divider_top&quot;:&quot;none&quot;,&quot;scisco_shape_divider_bottom&quot;:&quot;none&quot;}\">\n\t\t\t\t\t\t<div class=\"elementor-container elementor-column-gap-default\">\n\t\t\t\t\t<div class=\"elementor-column elementor-col-100 elementor-top-column elementor-element elementor-element-dcdf884\" data-id=\"dcdf884\" data-element_type=\"column\" data-e-type=\"column\">\n\t\t\t<div class=\"elementor-widget-wrap elementor-element-populated\">\n\t\t\t\t<a class=\"eael-wrapper-link-bd15a0f --eael-wrapper-link-tag\" href=\"https:\/\/www.infoqro.mx\"><\/a>\t\t<div data-eael-wrapper-link=\"eael-wrapper-link-bd15a0f\" class=\"elementor-element elementor-element-bd15a0f elementor-widget__width-auto migas elementor-widget elementor-widget-text-editor\" data-id=\"bd15a0f\" data-element_type=\"widget\" data-e-type=\"widget\" data-widget_type=\"text-editor.default\">\n\t\t\t\t<div class=\"elementor-widget-container\">\n\t\t\t\t\t\t\t\t\t<p>Inicio<\/p>\t\t\t\t\t\t\t\t<\/div>\n\t\t\t\t<\/div>\n\t\t\t\t<div class=\"elementor-element elementor-element-b032f7a elementor-widget__width-auto migas elementor-widget elementor-widget-text-editor\" data-id=\"b032f7a\" data-element_type=\"widget\" data-e-type=\"widget\" data-widget_type=\"text-editor.default\">\n\t\t\t\t<div class=\"elementor-widget-container\">\n\t\t\t\t\t\t\t\t\t<p style=\"text-align: right;\">\u00a0\u00bb\u00a0<span style=\"color: var( --e-global-color-primary ); text-decoration-color: initial;\">Datos Personales \u00bb<\/span><span style=\"color: var( --e-global-color-primary ); font-weight: 800; text-decoration-color: initial;\"> Derechos ARCOP\u200b<br \/><\/span><\/p>\t\t\t\t\t\t\t\t<\/div>\n\t\t\t\t<\/div>\n\t\t\t\t\t<\/div>\n\t\t<\/div>\n\t\t\t\t\t<\/div>\n\t\t<\/section>\n\t\t\t\t<section class=\"elementor-section elementor-top-section elementor-element elementor-element-550fe74 elementor-section-content-top elementor-section-boxed elementor-section-height-default elementor-section-height-default\" data-id=\"550fe74\" data-element_type=\"section\" data-e-type=\"section\" data-settings=\"{&quot;scisco_shape_divider_top&quot;:&quot;none&quot;,&quot;scisco_shape_divider_bottom&quot;:&quot;none&quot;}\">\n\t\t\t\t\t\t<div class=\"elementor-container elementor-column-gap-extended\">\n\t\t\t\t\t<div class=\"elementor-column elementor-col-33 elementor-top-column elementor-element elementor-element-005da02\" data-id=\"005da02\" data-element_type=\"column\" data-e-type=\"column\">\n\t\t\t<div class=\"elementor-widget-wrap elementor-element-populated\">\n\t\t\t\t\t\t<div class=\"elementor-element elementor-element-045dcea elementor-widget elementor-widget-image\" data-id=\"045dcea\" data-element_type=\"widget\" data-e-type=\"widget\" data-widget_type=\"image.default\">\n\t\t\t\t<div class=\"elementor-widget-container\">\n\t\t\t\t\t\t\t\t\t\t\t\t\t\t\t<img decoding=\"async\" src=\"https:\/\/www.infoqro.mx\/wp-content\/uploads\/2023\/12\/arcop-1.png\" title=\"arcop-1\" alt=\"arcop-1\" loading=\"lazy\" \/>\t\t\t\t\t\t\t\t\t\t\t\t\t\t\t<\/div>\n\t\t\t\t<\/div>\n\t\t\t\t\t<\/div>\n\t\t<\/div>\n\t\t\t\t<div class=\"elementor-column elementor-col-66 elementor-top-column elementor-element elementor-element-98533f3\" data-id=\"98533f3\" data-element_type=\"column\" data-e-type=\"column\">\n\t\t\t<div class=\"elementor-widget-wrap elementor-element-populated\">\n\t\t\t\t\t\t<div class=\"elementor-element elementor-element-a0bc867 elementor-widget__width-initial elementor-widget-mobile__width-initial elementor-widget elementor-widget-heading\" data-id=\"a0bc867\" data-element_type=\"widget\" data-e-type=\"widget\" data-widget_type=\"heading.default\">\n\t\t\t\t<div class=\"elementor-widget-container\">\n\t\t\t\t\t<h2 class=\"elementor-heading-title elementor-size-default\">Derechos ARCOP<\/h2>\t\t\t\t<\/div>\n\t\t\t\t<\/div>\n\t\t\t\t<div class=\"elementor-element elementor-element-4f5455f elementor-widget elementor-widget-text-editor\" data-id=\"4f5455f\" data-element_type=\"widget\" data-e-type=\"widget\" data-widget_type=\"text-editor.default\">\n\t\t\t\t<div class=\"elementor-widget-container\">\n\t\t\t\t\t\t\t\t\t<p><span style=\"font-weight: 400;\">El t\u00e9rmino \u201cARCOP\u201d es un acr\u00f3nimo que significa <\/span><i><span style=\"font-weight: 400;\">Acceso<\/span><\/i><span style=\"font-weight: 400;\">, <\/span><i><span style=\"font-weight: 400;\">Rectificaci\u00f3n<\/span><\/i><span style=\"font-weight: 400;\">, <\/span><i><span style=\"font-weight: 400;\">Cancelaci\u00f3n<\/span><\/i><span style=\"font-weight: 400;\">, <\/span><i><span style=\"font-weight: 400;\">Oposici\u00f3n<\/span><\/i><span style=\"font-weight: 400;\"> y <\/span><i><span style=\"font-weight: 400;\">Portabilidad<\/span><\/i><span style=\"font-weight: 400;\">. Por tanto, se trata de cinco derechos espec\u00edficos que tienen todas las personas como parte de su derecho humano a la Protecci\u00f3n de Datos Personales y son de gran importancia porque al ejercerlos, nos permiten mantener control y disponer de nuestros datos personales frente a las empresas privadas o a las instituciones gubernamentales que los est\u00e1n utilizando.<\/span><\/p><p><span style=\"font-weight: 400;\">\u00a0<\/span><\/p><p><b>Acceso<\/b><span style=\"font-weight: 400;\">: puedes solicitar el acceso a tus datos personales que est\u00e1n en los sistemas, archivos, registros o expedientes de la instituci\u00f3n que los posee, almacena o utiliza.<\/span><\/p><p><span style=\"font-weight: 400;\">\u00a0<\/span><\/p><p><b>Rectificaci\u00f3n<\/b><span style=\"font-weight: 400;\">: puedes solicitar a quien posea o utilice tus datos personales, la correcci\u00f3n de los mismos cuando \u00e9stos sean inexactos, incompletos o no se encuentren actualizados.\u00a0<\/span><\/p><p><span style=\"font-weight: 400;\">\u00a0<\/span><\/p><p><b>Cancelaci\u00f3n<\/b><span style=\"font-weight: 400;\">: puedes solicitar que tus datos personales se eliminen de los archivos, registros, expedientes o sistemas de la instituci\u00f3n que los posee, almacena o utiliza.\u00a0<\/span><\/p><p><span style=\"font-weight: 400;\">\u00a0<\/span><\/p><p><b>Oposici\u00f3n<\/b><span style=\"font-weight: 400;\">: puedes solicitar que tus datos personales no se utilicen para ciertos fines, o de requerir que se concluya el uso de los mismos a fin de evitar un da\u00f1o a tu persona.<\/span><\/p><p><span style=\"font-weight: 400;\">\u00a0<\/span><\/p><p><b>Portabilidad<\/b><span style=\"font-weight: 400;\">: puedes solicitar a la instituci\u00f3n que los posee, una copia de tus datos personales que ha tratado, en un formato electr\u00f3nico estructurado y com\u00fanmente utilizado que te permita seguir haciendo uso de ellos.\u00a0<\/span><\/p><p>\u00a0<\/p><p>Estos derechos se ejercen a trav\u00e9s de una solicitud dirigida a la instituci\u00f3n gubernamental que posee, almacena o utiliza tus datos: <\/p><p>\u00a0<\/p>\t\t\t\t\t\t\t\t<\/div>\n\t\t\t\t<\/div>\n\t\t\t\t<div class=\"elementor-element elementor-element-69519e7 elementor-widget elementor-widget-image\" data-id=\"69519e7\" data-element_type=\"widget\" data-e-type=\"widget\" data-widget_type=\"image.default\">\n\t\t\t\t<div class=\"elementor-widget-container\">\n\t\t\t\t\t\t\t\t\t\t\t\t\t\t\t<img fetchpriority=\"high\" decoding=\"async\" width=\"750\" height=\"376\" src=\"https:\/\/www.infoqro.mx\/wp-content\/uploads\/2023\/12\/Captura-de-pantalla-2023-12-20-a-las-4.42.04\u202fp.m-1024x514.png\" class=\"attachment-large size-large wp-image-9968\" alt=\"\" srcset=\"https:\/\/www.infoqro.mx\/wp-content\/uploads\/2023\/12\/Captura-de-pantalla-2023-12-20-a-las-4.42.04\u202fp.m-1024x514.png 1024w, https:\/\/www.infoqro.mx\/wp-content\/uploads\/2023\/12\/Captura-de-pantalla-2023-12-20-a-las-4.42.04\u202fp.m-300x150.png 300w, https:\/\/www.infoqro.mx\/wp-content\/uploads\/2023\/12\/Captura-de-pantalla-2023-12-20-a-las-4.42.04\u202fp.m-768x385.png 768w, https:\/\/www.infoqro.mx\/wp-content\/uploads\/2023\/12\/Captura-de-pantalla-2023-12-20-a-las-4.42.04\u202fp.m-1536x771.png 1536w, https:\/\/www.infoqro.mx\/wp-content\/uploads\/2023\/12\/Captura-de-pantalla-2023-12-20-a-las-4.42.04\u202fp.m-1568x787.png 1568w, https:\/\/www.infoqro.mx\/wp-content\/uploads\/2023\/12\/Captura-de-pantalla-2023-12-20-a-las-4.42.04\u202fp.m.png 1802w\" sizes=\"(max-width: 750px) 100vw, 750px\" style=\"width:100%;height:50.17%;max-width:1802px\" \/>\t\t\t\t\t\t\t\t\t\t\t\t\t\t\t<\/div>\n\t\t\t\t<\/div>\n\t\t\t\t<div class=\"elementor-element elementor-element-e125218 elementor-widget elementor-widget-text-editor\" data-id=\"e125218\" data-element_type=\"widget\" data-e-type=\"widget\" data-widget_type=\"text-editor.default\">\n\t\t\t\t<div class=\"elementor-widget-container\">\n\t\t\t\t\t\t\t\t\t<a href=\"https:\/\/www.infoqro.mx\/wp-content\/uploads\/2023\/12\/Captura-de-pantalla-2023-12-20-a-las-4.42.04\u202fp.m.png\" download=\"https:\/\/www.infoqro.mx\/wp-content\/uploads\/2023\/12\/Captura-de-pantalla-2023-12-20-a-las-4.42.04\u202fp.m.png\">Descargar imagen<\/a>\t\t\t\t\t\t\t\t<\/div>\n\t\t\t\t<\/div>\n\t\t\t\t\t<\/div>\n\t\t<\/div>\n\t\t\t\t\t<\/div>\n\t\t<\/section>\n\t\t\t\t<\/div>\n\t\t","protected":false},"excerpt":{"rendered":"<p>Inicio \u00a0\u00bb\u00a0Datos Personales \u00bb Derechos ARCOP\u200b Derechos ARCOP El t\u00e9rmino \u201cARCOP\u201d es un acr\u00f3nimo que significa Acceso, Rectificaci\u00f3n, Cancelaci\u00f3n, Oposici\u00f3n y Portabilidad. Por tanto, se trata de cinco derechos espec\u00edficos que tienen todas las personas como parte de su derecho humano a la Protecci\u00f3n de Datos Personales y son de gran importancia porque al ejercerlos,&hellip; <a class=\"more-link\" href=\"https:\/\/www.infoqro.mx\/index.php\/derechos-arcop\/\">Seguir leyendo <span class=\"screen-reader-text\">Derechos ARCOP<\/span><\/a><\/p>\n","protected":false},"author":1,"featured_media":0,"parent":0,"menu_order":0,"comment_status":"closed","ping_status":"closed","template":"elementor_header_footer","meta":{"_monsterinsights_skip_tracking":false,"_monsterinsights_sitenote_active":false,"_monsterinsights_sitenote_note":"","_monsterinsights_sitenote_category":0,"footnotes":""},"coauthors":[],"class_list":["post-9991","page","type-page","status-publish","hentry","entry"],"_links":{"self":[{"href":"https:\/\/www.infoqro.mx\/index.php\/wp-json\/wp\/v2\/pages\/9991","targetHints":{"allow":["GET"]}}],"collection":[{"href":"https:\/\/www.infoqro.mx\/index.php\/wp-json\/wp\/v2\/pages"}],"about":[{"href":"https:\/\/www.infoqro.mx\/index.php\/wp-json\/wp\/v2\/types\/page"}],"author":[{"embeddable":true,"href":"https:\/\/www.infoqro.mx\/index.php\/wp-json\/wp\/v2\/users\/1"}],"replies":[{"embeddable":true,"href":"https:\/\/www.infoqro.mx\/index.php\/wp-json\/wp\/v2\/comments?post=9991"}],"version-history":[{"count":0,"href":"https:\/\/www.infoqro.mx\/index.php\/wp-json\/wp\/v2\/pages\/9991\/revisions"}],"wp:attachment":[{"href":"https:\/\/www.infoqro.mx\/index.php\/wp-json\/wp\/v2\/media?parent=9991"}],"wp:term":[{"taxonomy":"author","embeddable":true,"href":"https:\/\/www.infoqro.mx\/index.php\/wp-json\/wp\/v2\/coauthors?post=9991"}],"curies":[{"name":"wp","href":"https:\/\/api.w.org\/{rel}","templated":true}]}}