{"id":9997,"date":"2023-12-20T23:06:12","date_gmt":"2023-12-20T23:06:12","guid":{"rendered":"https:\/\/www.infoqro.mx\/?page_id=9997"},"modified":"2024-06-05T13:57:40","modified_gmt":"2024-06-05T19:57:40","slug":"avisos-de-privacidad-2","status":"publish","type":"page","link":"https:\/\/www.infoqro.mx\/index.php\/avisos-de-privacidad-2\/","title":{"rendered":"Avisos de Privacidad\u00a0"},"content":{"rendered":"\t\t<div data-elementor-type=\"wp-page\" data-elementor-id=\"9997\" class=\"elementor elementor-9997\" data-elementor-post-type=\"page\">\n\t\t\t\t\t\t<section class=\"elementor-section elementor-top-section elementor-element elementor-element-70b449d elementor-section-boxed elementor-section-height-default elementor-section-height-default\" data-id=\"70b449d\" data-element_type=\"section\" data-e-type=\"section\" data-settings=\"{&quot;scisco_shape_divider_top&quot;:&quot;none&quot;,&quot;scisco_shape_divider_bottom&quot;:&quot;none&quot;}\">\n\t\t\t\t\t\t<div class=\"elementor-container elementor-column-gap-default\">\n\t\t\t\t\t<div class=\"elementor-column elementor-col-100 elementor-top-column elementor-element elementor-element-51734b2\" data-id=\"51734b2\" data-element_type=\"column\" data-e-type=\"column\">\n\t\t\t<div class=\"elementor-widget-wrap elementor-element-populated\">\n\t\t\t\t<a class=\"eael-wrapper-link-e2a8e58 --eael-wrapper-link-tag\" href=\"https:\/\/www.infoqro.mx\"><\/a>\t\t<div data-eael-wrapper-link=\"eael-wrapper-link-e2a8e58\" class=\"elementor-element elementor-element-e2a8e58 elementor-widget__width-auto migas elementor-widget elementor-widget-text-editor\" data-id=\"e2a8e58\" data-element_type=\"widget\" data-e-type=\"widget\" data-widget_type=\"text-editor.default\">\n\t\t\t\t<div class=\"elementor-widget-container\">\n\t\t\t\t\t\t\t\t\t<p>Inicio<\/p>\t\t\t\t\t\t\t\t<\/div>\n\t\t\t\t<\/div>\n\t\t\t\t<div class=\"elementor-element elementor-element-b971f81 elementor-widget__width-auto migas elementor-widget elementor-widget-text-editor\" data-id=\"b971f81\" data-element_type=\"widget\" data-e-type=\"widget\" data-widget_type=\"text-editor.default\">\n\t\t\t\t<div class=\"elementor-widget-container\">\n\t\t\t\t\t\t\t\t\t<p style=\"text-align: right;\">\u00a0\u00bb\u00a0<span style=\"color: var( --e-global-color-primary ); text-decoration-color: initial;\">Datos Personales \u00bb<\/span><span style=\"color: var( --e-global-color-primary ); font-weight: 800; text-decoration-color: initial;\"> Avisos de Privacidad<\/span><\/p>\t\t\t\t\t\t\t\t<\/div>\n\t\t\t\t<\/div>\n\t\t\t\t\t<\/div>\n\t\t<\/div>\n\t\t\t\t\t<\/div>\n\t\t<\/section>\n\t\t\t\t<section class=\"elementor-section elementor-top-section elementor-element elementor-element-6724a73 elementor-section-content-top elementor-section-boxed elementor-section-height-default elementor-section-height-default\" data-id=\"6724a73\" data-element_type=\"section\" data-e-type=\"section\" data-settings=\"{&quot;scisco_shape_divider_top&quot;:&quot;none&quot;,&quot;scisco_shape_divider_bottom&quot;:&quot;none&quot;}\">\n\t\t\t\t\t\t<div class=\"elementor-container elementor-column-gap-extended\">\n\t\t\t\t\t<div class=\"elementor-column elementor-col-33 elementor-top-column elementor-element elementor-element-7969223\" data-id=\"7969223\" data-element_type=\"column\" data-e-type=\"column\">\n\t\t\t<div class=\"elementor-widget-wrap elementor-element-populated\">\n\t\t\t\t\t\t<div class=\"elementor-element elementor-element-0406ea3 elementor-widget elementor-widget-image\" data-id=\"0406ea3\" data-element_type=\"widget\" data-e-type=\"widget\" data-widget_type=\"image.default\">\n\t\t\t\t<div class=\"elementor-widget-container\">\n\t\t\t\t\t\t\t\t\t\t\t\t\t\t\t<img decoding=\"async\" src=\"https:\/\/www.infoqro.mx\/wp-content\/uploads\/2023\/12\/aviso_privacidad-1.png\" title=\"aviso_privacidad-1\" alt=\"aviso_privacidad-1\" loading=\"lazy\" \/>\t\t\t\t\t\t\t\t\t\t\t\t\t\t\t<\/div>\n\t\t\t\t<\/div>\n\t\t\t\t\t<\/div>\n\t\t<\/div>\n\t\t\t\t<div class=\"elementor-column elementor-col-66 elementor-top-column elementor-element elementor-element-b547cb9\" data-id=\"b547cb9\" data-element_type=\"column\" data-e-type=\"column\">\n\t\t\t<div class=\"elementor-widget-wrap elementor-element-populated\">\n\t\t\t\t\t\t<div class=\"elementor-element elementor-element-2e42d73 elementor-widget__width-initial elementor-widget-mobile__width-initial elementor-widget elementor-widget-heading\" data-id=\"2e42d73\" data-element_type=\"widget\" data-e-type=\"widget\" data-widget_type=\"heading.default\">\n\t\t\t\t<div class=\"elementor-widget-container\">\n\t\t\t\t\t<h2 class=\"elementor-heading-title elementor-size-default\">Avisos de Privacidad<\/h2>\t\t\t\t<\/div>\n\t\t\t\t<\/div>\n\t\t\t\t<div class=\"elementor-element elementor-element-0ecf512 elementor-widget elementor-widget-text-editor\" data-id=\"0ecf512\" data-element_type=\"widget\" data-e-type=\"widget\" data-widget_type=\"text-editor.default\">\n\t\t\t\t<div class=\"elementor-widget-container\">\n\t\t\t\t\t\t\t\t\t<p><span style=\"font-weight: 400;\">Un Aviso de Privacidad es el documento mediante el cual se informa a las personas, cu\u00e1les los aspectos principales del tratamiento al que ser\u00e1n sometidos sus datos personales por parte de una determinada instituci\u00f3n. Por tanto, sirve para poder conocer:\u00a0<\/span><\/p>\t\t\t\t\t\t\t\t<\/div>\n\t\t\t\t<\/div>\n\t\t\t\t<div class=\"elementor-element elementor-element-ba5a59a elementor-position-left elementor-position-left elementor-vertical-align-bottom elementor-vertical-align-top elementor-widget elementor-widget-image-box\" data-id=\"ba5a59a\" data-element_type=\"widget\" data-e-type=\"widget\" data-widget_type=\"image-box.default\">\n\t\t\t\t<div class=\"elementor-widget-container\">\n\t\t\t\t\t<div class=\"elementor-image-box-wrapper\"><figure class=\"elementor-image-box-img\"><img fetchpriority=\"high\" decoding=\"async\" width=\"1649\" height=\"1629\" src=\"https:\/\/www.infoqro.mx\/wp-content\/uploads\/2023\/11\/vineta-1-2.png\" class=\"attachment-full size-full wp-image-5324\" alt=\"\" style=\"width:100%;height:98.79%;max-width:1649px\" srcset=\"https:\/\/www.infoqro.mx\/wp-content\/uploads\/2023\/11\/vineta-1-2.png 1649w, https:\/\/www.infoqro.mx\/wp-content\/uploads\/2023\/11\/vineta-1-2-300x296.png 300w, https:\/\/www.infoqro.mx\/wp-content\/uploads\/2023\/11\/vineta-1-2-1024x1012.png 1024w, https:\/\/www.infoqro.mx\/wp-content\/uploads\/2023\/11\/vineta-1-2-768x759.png 768w, https:\/\/www.infoqro.mx\/wp-content\/uploads\/2023\/11\/vineta-1-2-1536x1517.png 1536w, https:\/\/www.infoqro.mx\/wp-content\/uploads\/2023\/11\/vineta-1-2-1568x1549.png 1568w\" sizes=\"(max-width: 1649px) 100vw, 1649px\" \/><\/figure><div class=\"elementor-image-box-content\"><p class=\"elementor-image-box-description\">\u00bfA qui\u00e9n le proporcionaremos nuestra informaci\u00f3n? <\/p><\/div><\/div>\t\t\t\t<\/div>\n\t\t\t\t<\/div>\n\t\t\t\t<div class=\"elementor-element elementor-element-0d1be4e elementor-position-left elementor-position-left elementor-vertical-align-bottom elementor-vertical-align-top elementor-widget elementor-widget-image-box\" data-id=\"0d1be4e\" data-element_type=\"widget\" data-e-type=\"widget\" data-widget_type=\"image-box.default\">\n\t\t\t\t<div class=\"elementor-widget-container\">\n\t\t\t\t\t<div class=\"elementor-image-box-wrapper\"><figure class=\"elementor-image-box-img\"><img fetchpriority=\"high\" decoding=\"async\" width=\"1649\" height=\"1629\" src=\"https:\/\/www.infoqro.mx\/wp-content\/uploads\/2023\/11\/vineta-1-2.png\" class=\"attachment-full size-full wp-image-5324\" alt=\"\" style=\"width:100%;height:98.79%;max-width:1649px\" srcset=\"https:\/\/www.infoqro.mx\/wp-content\/uploads\/2023\/11\/vineta-1-2.png 1649w, https:\/\/www.infoqro.mx\/wp-content\/uploads\/2023\/11\/vineta-1-2-300x296.png 300w, https:\/\/www.infoqro.mx\/wp-content\/uploads\/2023\/11\/vineta-1-2-1024x1012.png 1024w, https:\/\/www.infoqro.mx\/wp-content\/uploads\/2023\/11\/vineta-1-2-768x759.png 768w, https:\/\/www.infoqro.mx\/wp-content\/uploads\/2023\/11\/vineta-1-2-1536x1517.png 1536w, https:\/\/www.infoqro.mx\/wp-content\/uploads\/2023\/11\/vineta-1-2-1568x1549.png 1568w\" sizes=\"(max-width: 1649px) 100vw, 1649px\" \/><\/figure><div class=\"elementor-image-box-content\"><p class=\"elementor-image-box-description\"> \u00bfQu\u00e9 informaci\u00f3n le proporcionaremos?<\/p><\/div><\/div>\t\t\t\t<\/div>\n\t\t\t\t<\/div>\n\t\t\t\t<div class=\"elementor-element elementor-element-0aab558 elementor-position-left elementor-position-left elementor-vertical-align-bottom elementor-vertical-align-top elementor-widget elementor-widget-image-box\" data-id=\"0aab558\" data-element_type=\"widget\" data-e-type=\"widget\" data-widget_type=\"image-box.default\">\n\t\t\t\t<div class=\"elementor-widget-container\">\n\t\t\t\t\t<div class=\"elementor-image-box-wrapper\"><figure class=\"elementor-image-box-img\"><img fetchpriority=\"high\" decoding=\"async\" width=\"1649\" height=\"1629\" src=\"https:\/\/www.infoqro.mx\/wp-content\/uploads\/2023\/11\/vineta-1-2.png\" class=\"attachment-full size-full wp-image-5324\" alt=\"\" style=\"width:100%;height:98.79%;max-width:1649px\" srcset=\"https:\/\/www.infoqro.mx\/wp-content\/uploads\/2023\/11\/vineta-1-2.png 1649w, https:\/\/www.infoqro.mx\/wp-content\/uploads\/2023\/11\/vineta-1-2-300x296.png 300w, https:\/\/www.infoqro.mx\/wp-content\/uploads\/2023\/11\/vineta-1-2-1024x1012.png 1024w, https:\/\/www.infoqro.mx\/wp-content\/uploads\/2023\/11\/vineta-1-2-768x759.png 768w, https:\/\/www.infoqro.mx\/wp-content\/uploads\/2023\/11\/vineta-1-2-1536x1517.png 1536w, https:\/\/www.infoqro.mx\/wp-content\/uploads\/2023\/11\/vineta-1-2-1568x1549.png 1568w\" sizes=\"(max-width: 1649px) 100vw, 1649px\" \/><\/figure><div class=\"elementor-image-box-content\"><p class=\"elementor-image-box-description\">\u00bfPara qu\u00e9 se utilizar\u00e1 nuestra informaci\u00f3n? <\/p><\/div><\/div>\t\t\t\t<\/div>\n\t\t\t\t<\/div>\n\t\t\t\t<div class=\"elementor-element elementor-element-1bf3b64 elementor-position-left elementor-position-left elementor-vertical-align-bottom elementor-vertical-align-top elementor-widget elementor-widget-image-box\" data-id=\"1bf3b64\" data-element_type=\"widget\" data-e-type=\"widget\" data-widget_type=\"image-box.default\">\n\t\t\t\t<div class=\"elementor-widget-container\">\n\t\t\t\t\t<div class=\"elementor-image-box-wrapper\"><figure class=\"elementor-image-box-img\"><img fetchpriority=\"high\" decoding=\"async\" width=\"1649\" height=\"1629\" src=\"https:\/\/www.infoqro.mx\/wp-content\/uploads\/2023\/11\/vineta-1-2.png\" class=\"attachment-full size-full wp-image-5324\" alt=\"\" style=\"width:100%;height:98.79%;max-width:1649px\" srcset=\"https:\/\/www.infoqro.mx\/wp-content\/uploads\/2023\/11\/vineta-1-2.png 1649w, https:\/\/www.infoqro.mx\/wp-content\/uploads\/2023\/11\/vineta-1-2-300x296.png 300w, https:\/\/www.infoqro.mx\/wp-content\/uploads\/2023\/11\/vineta-1-2-1024x1012.png 1024w, https:\/\/www.infoqro.mx\/wp-content\/uploads\/2023\/11\/vineta-1-2-768x759.png 768w, https:\/\/www.infoqro.mx\/wp-content\/uploads\/2023\/11\/vineta-1-2-1536x1517.png 1536w, https:\/\/www.infoqro.mx\/wp-content\/uploads\/2023\/11\/vineta-1-2-1568x1549.png 1568w\" sizes=\"(max-width: 1649px) 100vw, 1649px\" \/><\/figure><div class=\"elementor-image-box-content\"><p class=\"elementor-image-box-description\">\u00bfCon qui\u00e9n se compartir\u00e1?<\/p><\/div><\/div>\t\t\t\t<\/div>\n\t\t\t\t<\/div>\n\t\t\t\t<div class=\"elementor-element elementor-element-2238599 elementor-position-left elementor-position-left elementor-vertical-align-top elementor-vertical-align-top elementor-widget elementor-widget-image-box\" data-id=\"2238599\" data-element_type=\"widget\" data-e-type=\"widget\" data-widget_type=\"image-box.default\">\n\t\t\t\t<div class=\"elementor-widget-container\">\n\t\t\t\t\t<div class=\"elementor-image-box-wrapper\"><figure class=\"elementor-image-box-img\"><img fetchpriority=\"high\" decoding=\"async\" width=\"1649\" height=\"1629\" src=\"https:\/\/www.infoqro.mx\/wp-content\/uploads\/2023\/11\/vineta-1-2.png\" class=\"attachment-full size-full wp-image-5324\" alt=\"\" style=\"width:100%;height:98.79%;max-width:1649px\" srcset=\"https:\/\/www.infoqro.mx\/wp-content\/uploads\/2023\/11\/vineta-1-2.png 1649w, https:\/\/www.infoqro.mx\/wp-content\/uploads\/2023\/11\/vineta-1-2-300x296.png 300w, https:\/\/www.infoqro.mx\/wp-content\/uploads\/2023\/11\/vineta-1-2-1024x1012.png 1024w, https:\/\/www.infoqro.mx\/wp-content\/uploads\/2023\/11\/vineta-1-2-768x759.png 768w, https:\/\/www.infoqro.mx\/wp-content\/uploads\/2023\/11\/vineta-1-2-1536x1517.png 1536w, https:\/\/www.infoqro.mx\/wp-content\/uploads\/2023\/11\/vineta-1-2-1568x1549.png 1568w\" sizes=\"(max-width: 1649px) 100vw, 1649px\" \/><\/figure><div class=\"elementor-image-box-content\"><p class=\"elementor-image-box-description\">\u00bfC\u00f3mo ejercer nuestros derechos de Acceso, Rectificaci\u00f3n, Cancelaci\u00f3n, Oposici\u00f3n y Portabilidad (ARCOP)? <\/p><\/div><\/div>\t\t\t\t<\/div>\n\t\t\t\t<\/div>\n\t\t\t\t<div class=\"elementor-element elementor-element-0adec65 elementor-widget elementor-widget-text-editor\" data-id=\"0adec65\" data-element_type=\"widget\" data-e-type=\"widget\" data-widget_type=\"text-editor.default\">\n\t\t\t\t<div class=\"elementor-widget-container\">\n\t\t\t\t\t\t\t\t\t<p>De esta manera, las personas tienen pleno conocimiento de lo que suceder\u00e1 con su informaci\u00f3n que proporcionen, as\u00ed como de la posibilidad de acceder a ella o corregirla en caso de que sea err\u00f3nea y decidir sobre aspectos relacionados con el uso que se le da, ejerciendo para ello, sus derechos ARCOP.<\/p>\t\t\t\t\t\t\t\t<\/div>\n\t\t\t\t<\/div>\n\t\t\t\t<div class=\"elementor-element elementor-element-c9bb149 elementor-icon-list--layout-traditional elementor-list-item-link-full_width elementor-widget elementor-widget-icon-list\" data-id=\"c9bb149\" data-element_type=\"widget\" data-e-type=\"widget\" data-widget_type=\"icon-list.default\">\n\t\t\t\t<div class=\"elementor-widget-container\">\n\t\t\t\t\t\t\t<ul class=\"elementor-icon-list-items\">\n\t\t\t\t\t\t\t<li class=\"elementor-icon-list-item\">\n\t\t\t\t\t\t\t\t\t\t\t<a href=\"https:\/\/www.infoqro.mx\/index.php\/avisos-de-privacidad\/\">\n\n\t\t\t\t\t\t\t\t\t\t\t<span class=\"elementor-icon-list-text\">Ver Avisos de Privacidad Infoqro<\/span>\n\t\t\t\t\t\t\t\t\t\t\t<\/a>\n\t\t\t\t\t\t\t\t\t<\/li>\n\t\t\t\t\t\t<\/ul>\n\t\t\t\t\t\t<\/div>\n\t\t\t\t<\/div>\n\t\t\t\t\t<\/div>\n\t\t<\/div>\n\t\t\t\t\t<\/div>\n\t\t<\/section>\n\t\t\t\t<\/div>\n\t\t","protected":false},"excerpt":{"rendered":"<p>Inicio \u00a0\u00bb\u00a0Datos Personales \u00bb Avisos de Privacidad Avisos de Privacidad Un Aviso de Privacidad es el documento mediante el cual se informa a las personas, cu\u00e1les los aspectos principales del tratamiento al que ser\u00e1n sometidos sus datos personales por parte de una determinada instituci\u00f3n. Por tanto, sirve para poder conocer:\u00a0 \u00bfA qui\u00e9n le proporcionaremos nuestra&hellip; <a class=\"more-link\" href=\"https:\/\/www.infoqro.mx\/index.php\/avisos-de-privacidad-2\/\">Seguir leyendo <span class=\"screen-reader-text\">Avisos de Privacidad\u00a0<\/span><\/a><\/p>\n","protected":false},"author":1,"featured_media":0,"parent":0,"menu_order":0,"comment_status":"closed","ping_status":"closed","template":"elementor_header_footer","meta":{"_monsterinsights_skip_tracking":false,"_monsterinsights_sitenote_active":false,"_monsterinsights_sitenote_note":"","_monsterinsights_sitenote_category":0,"footnotes":""},"coauthors":[],"class_list":["post-9997","page","type-page","status-publish","hentry","entry"],"_links":{"self":[{"href":"https:\/\/www.infoqro.mx\/index.php\/wp-json\/wp\/v2\/pages\/9997","targetHints":{"allow":["GET"]}}],"collection":[{"href":"https:\/\/www.infoqro.mx\/index.php\/wp-json\/wp\/v2\/pages"}],"about":[{"href":"https:\/\/www.infoqro.mx\/index.php\/wp-json\/wp\/v2\/types\/page"}],"author":[{"embeddable":true,"href":"https:\/\/www.infoqro.mx\/index.php\/wp-json\/wp\/v2\/users\/1"}],"replies":[{"embeddable":true,"href":"https:\/\/www.infoqro.mx\/index.php\/wp-json\/wp\/v2\/comments?post=9997"}],"version-history":[{"count":0,"href":"https:\/\/www.infoqro.mx\/index.php\/wp-json\/wp\/v2\/pages\/9997\/revisions"}],"wp:attachment":[{"href":"https:\/\/www.infoqro.mx\/index.php\/wp-json\/wp\/v2\/media?parent=9997"}],"wp:term":[{"taxonomy":"author","embeddable":true,"href":"https:\/\/www.infoqro.mx\/index.php\/wp-json\/wp\/v2\/coauthors?post=9997"}],"curies":[{"name":"wp","href":"https:\/\/api.w.org\/{rel}","templated":true}]}}